{"id":69747,"date":"2025-07-07T20:53:36","date_gmt":"2025-07-07T18:53:36","guid":{"rendered":"https:\/\/www.swissarchery.org\/produit\/test-formazione\/"},"modified":"2025-08-12T11:36:59","modified_gmt":"2025-08-12T09:36:59","slug":"test-formazione","status":"publish","type":"product","link":"https:\/\/www.swissarchery.org\/it\/produit\/test-formazione\/","title":{"rendered":"Test &#8211; Formazione"},"content":{"rendered":"<p>Benvenuto in un corso pensato per offrirti un&#8217;esperienza di apprendimento arricchente e accessibile a tutti. Che tu sia un principiante o voglia ampliare le tue conoscenze, questo programma ti guider\u00e0 passo dopo passo attraverso i concetti essenziali, con spiegazioni chiare, esempi concreti e attivit\u00e0 pratiche. Il nostro obiettivo \u00e8 quello di permetterti di progredire al tuo ritmo, in un ambiente amichevole e stimolante. Alla fine del corso, sarai in grado di applicare le tue nuove competenze in modo indipendente e sicuro.   <\/p>\n","protected":false},"excerpt":{"rendered":"<p>Benvenuto in un corso pensato per offrirti un&#8217;esperienza di apprendimento arricchente e accessibile a tutti. Che tu sia un principiante o voglia ampliare le tue conoscenze, questo programma ti guider\u00e0 passo dopo passo attraverso i concetti essenziali, con spiegazioni chiare, esempi concreti e attivit\u00e0 pratiche. Il nostro obiettivo \u00e8 quello di permetterti di progredire al [&hellip;]<\/p>\n","protected":false},"featured_media":65137,"template":"","meta":{"jetpack_publicize_message":"","jetpack_publicize_feature_enabled":true,"jetpack_social_post_already_shared":false,"jetpack_social_options":{"image_generator_settings":{"template":"highway","default_image_id":0,"font":"","enabled":false},"version":2}},"product_brand":[],"product_cat":[278],"product_tag":[],"class_list":{"0":"post-69747","1":"product","2":"type-product","3":"status-publish","4":"has-post-thumbnail","6":"product_cat-formazione-per-i-membri","8":"first","9":"instock","10":"shipping-taxable","11":"purchasable","12":"product-type-simple"},"jetpack_publicize_connections":[],"jetpack_sharing_enabled":true,"_links":{"self":[{"href":"https:\/\/www.swissarchery.org\/it\/wp-json\/wp\/v2\/product\/69747","targetHints":{"allow":["GET"]}}],"collection":[{"href":"https:\/\/www.swissarchery.org\/it\/wp-json\/wp\/v2\/product"}],"about":[{"href":"https:\/\/www.swissarchery.org\/it\/wp-json\/wp\/v2\/types\/product"}],"wp:featuredmedia":[{"embeddable":true,"href":"https:\/\/www.swissarchery.org\/it\/wp-json\/wp\/v2\/media\/65137"}],"wp:attachment":[{"href":"https:\/\/www.swissarchery.org\/it\/wp-json\/wp\/v2\/media?parent=69747"}],"wp:term":[{"taxonomy":"product_brand","embeddable":true,"href":"https:\/\/www.swissarchery.org\/it\/wp-json\/wp\/v2\/product_brand?post=69747"},{"taxonomy":"product_cat","embeddable":true,"href":"https:\/\/www.swissarchery.org\/it\/wp-json\/wp\/v2\/product_cat?post=69747"},{"taxonomy":"product_tag","embeddable":true,"href":"https:\/\/www.swissarchery.org\/it\/wp-json\/wp\/v2\/product_tag?post=69747"}],"curies":[{"name":"wp","href":"https:\/\/api.w.org\/{rel}","templated":true}]}}