{"id":65889,"date":"2017-12-16T11:54:43","date_gmt":"2017-12-16T10:54:43","guid":{"rendered":"https:\/\/dev-public.swissarchery.org\/formazione\/antidoping\/"},"modified":"2024-12-19T21:21:36","modified_gmt":"2024-12-19T20:21:36","slug":"antidoping","status":"publish","type":"page","link":"https:\/\/www.swissarchery.org\/it\/antidoping\/","title":{"rendered":"Antidoping"},"content":{"rendered":"\t\t<div data-elementor-type=\"wp-page\" data-elementor-id=\"65889\" class=\"elementor elementor-65889 elementor-2760\" data-elementor-post-type=\"page\">\n\t\t\t\t\t\t<section class=\"elementor-section elementor-top-section elementor-element elementor-element-a83fad1 elementor-section-boxed elementor-section-height-default elementor-section-height-default\" data-id=\"a83fad1\" data-element_type=\"section\" data-e-type=\"section\">\n\t\t\t\t\t\t<div class=\"elementor-container elementor-column-gap-default\">\n\t\t\t\t\t<div class=\"elementor-column elementor-col-33 elementor-top-column elementor-element elementor-element-3a123fa\" data-id=\"3a123fa\" data-element_type=\"column\" data-e-type=\"column\">\n\t\t\t<div class=\"elementor-widget-wrap elementor-element-populated\">\n\t\t\t\t\t\t<div class=\"elementor-element elementor-element-58bc37c elementor-widget elementor-widget-image\" data-id=\"58bc37c\" data-element_type=\"widget\" data-e-type=\"widget\" data-widget_type=\"image.default\">\n\t\t\t\t\t\t\t\t\t\t\t\t\t\t\t<img data-recalc-dims=\"1\" decoding=\"async\" src=\"https:\/\/i0.wp.com\/www.swissarchery.org\/wp-content\/uploads\/2021\/12\/01_gemeinsam-fur-sauberen-sport.png?w=800&#038;quality=80&#038;ssl=1\" title=\"\" alt=\"\" loading=\"lazy\" \/>\t\t\t\t\t\t\t\t\t\t\t\t\t\t\t<\/div>\n\t\t\t\t\t<\/div>\n\t\t<\/div>\n\t\t\t\t<div class=\"elementor-column elementor-col-66 elementor-top-column elementor-element elementor-element-fac8335\" data-id=\"fac8335\" data-element_type=\"column\" data-e-type=\"column\">\n\t\t\t<div class=\"elementor-widget-wrap elementor-element-populated\">\n\t\t\t\t\t\t<div class=\"elementor-element elementor-element-6f82187 elementor-widget elementor-widget-heading\" data-id=\"6f82187\" data-element_type=\"widget\" data-e-type=\"widget\" data-widget_type=\"heading.default\">\n\t\t\t\t\t<h2 class=\"elementor-heading-title elementor-size-default\">Insieme per uno sport pulito<\/h2>\t\t\t\t<\/div>\n\t\t\t\t<div class=\"elementor-element elementor-element-dd3fffd elementor-widget elementor-widget-text-editor\" data-id=\"dd3fffd\" data-element_type=\"widget\" data-e-type=\"widget\" data-widget_type=\"text-editor.default\">\n\t\t\t\t\t\t\t\t\t<p style=\"text-align: justify;\">SwissArchery si impegna senza riserve per uno sport libero dal doping, sostiene la prevenzione del doping e mantiene una collaborazione attiva con la Swiss Sport Integrity Foundation. Il rispetto rigoroso delle regole antidoping protegge gli atleti, la federazione e lo sport del tiro con l&#8217;arco nel suo complesso. La direzione di SwissArchery vuole assicurarsi che gli atleti, gli allenatori uomini e donne, i team leader e lo staff medico siano consapevoli delle regole e si impegnino a praticare un tiro con l&#8217;arco pulito.<\/p>\t\t\t\t\t\t\t\t<\/div>\n\t\t\t\t\t<\/div>\n\t\t<\/div>\n\t\t\t\t\t<\/div>\n\t\t<\/section>\n\t\t\t\t<section class=\"elementor-section elementor-top-section elementor-element elementor-element-beeb8f3 elementor-section-boxed elementor-section-height-default elementor-section-height-default\" data-id=\"beeb8f3\" data-element_type=\"section\" data-e-type=\"section\">\n\t\t\t\t\t\t<div class=\"elementor-container elementor-column-gap-default\">\n\t\t\t\t\t<div class=\"elementor-column elementor-col-33 elementor-top-column elementor-element elementor-element-0ea8908\" data-id=\"0ea8908\" data-element_type=\"column\" data-e-type=\"column\">\n\t\t\t<div class=\"elementor-widget-wrap elementor-element-populated\">\n\t\t\t\t\t\t<div class=\"elementor-element elementor-element-b427747 elementor-widget elementor-widget-image\" data-id=\"b427747\" data-element_type=\"widget\" data-e-type=\"widget\" data-widget_type=\"image.default\">\n\t\t\t\t\t\t\t\t\t\t\t\t\t\t\t<img data-recalc-dims=\"1\" decoding=\"async\" src=\"https:\/\/i0.wp.com\/www.swissarchery.org\/wp-content\/uploads\/2021\/12\/02_was-versteht-man-unter-doping.jpg?w=800&#038;quality=89&#038;ssl=1\" title=\"\" alt=\"\" loading=\"lazy\" \/>\t\t\t\t\t\t\t\t\t\t\t\t\t\t\t<\/div>\n\t\t\t\t\t<\/div>\n\t\t<\/div>\n\t\t\t\t<div class=\"elementor-column elementor-col-66 elementor-top-column elementor-element elementor-element-58b6490\" data-id=\"58b6490\" data-element_type=\"column\" data-e-type=\"column\">\n\t\t\t<div class=\"elementor-widget-wrap elementor-element-populated\">\n\t\t\t\t\t\t<div class=\"elementor-element elementor-element-e830e5a elementor-widget elementor-widget-heading\" data-id=\"e830e5a\" data-element_type=\"widget\" data-e-type=\"widget\" data-widget_type=\"heading.default\">\n\t\t\t\t\t<h2 class=\"elementor-heading-title elementor-size-default\">Che cos'\u00e8 il doping?<\/h2>\t\t\t\t<\/div>\n\t\t\t\t<div class=\"elementor-element elementor-element-1ddfdaa elementor-widget elementor-widget-text-editor\" data-id=\"1ddfdaa\" data-element_type=\"widget\" data-e-type=\"widget\" data-widget_type=\"text-editor.default\">\n\t\t\t\t\t\t\t\t\t<p style=\"text-align: justify;\">Non solo la presenza di sostanze proibite nel corpo, ma anche il loro possesso, il rifiuto di sottoporsi a un test o il mancato rispetto dell&#8217;obbligo di informazione (dove si trova) sono vietati dallo Statuto sul Doping di Swiss Olympic.<\/p>\n<p style=\"text-align: left;\">Per saperne di pi\u00f9 sulle <u>\n  <a href=\"https:\/\/www.sportintegrity.ch\/fr\/statut\">undici situazioni concrete<\/a>\n<\/u>.<\/p>\t\t\t\t\t\t\t\t<\/div>\n\t\t\t\t\t<\/div>\n\t\t<\/div>\n\t\t\t\t\t<\/div>\n\t\t<\/section>\n\t\t\t\t<section class=\"elementor-section elementor-top-section elementor-element elementor-element-85fc59a elementor-section-boxed elementor-section-height-default elementor-section-height-default\" data-id=\"85fc59a\" data-element_type=\"section\" data-e-type=\"section\">\n\t\t\t\t\t\t<div class=\"elementor-container elementor-column-gap-default\">\n\t\t\t\t\t<div class=\"elementor-column elementor-col-33 elementor-top-column elementor-element elementor-element-d8c94d1\" data-id=\"d8c94d1\" data-element_type=\"column\" data-e-type=\"column\">\n\t\t\t<div class=\"elementor-widget-wrap elementor-element-populated\">\n\t\t\t\t\t\t<div class=\"elementor-element elementor-element-bbf7052 elementor-widget elementor-widget-image\" data-id=\"bbf7052\" data-element_type=\"widget\" data-e-type=\"widget\" data-widget_type=\"image.default\">\n\t\t\t\t\t\t\t\t\t\t\t\t\t\t\t<img data-recalc-dims=\"1\" decoding=\"async\" src=\"https:\/\/i0.wp.com\/www.swissarchery.org\/wp-content\/uploads\/2021\/12\/03_athleten-verantwortung.jpg?w=800&#038;quality=89&#038;ssl=1\" title=\"\" alt=\"\" loading=\"lazy\" \/>\t\t\t\t\t\t\t\t\t\t\t\t\t\t\t<\/div>\n\t\t\t\t\t<\/div>\n\t\t<\/div>\n\t\t\t\t<div class=\"elementor-column elementor-col-66 elementor-top-column elementor-element elementor-element-50ec35e\" data-id=\"50ec35e\" data-element_type=\"column\" data-e-type=\"column\">\n\t\t\t<div class=\"elementor-widget-wrap elementor-element-populated\">\n\t\t\t\t\t\t<div class=\"elementor-element elementor-element-e326245 elementor-widget elementor-widget-heading\" data-id=\"e326245\" data-element_type=\"widget\" data-e-type=\"widget\" data-widget_type=\"heading.default\">\n\t\t\t\t\t<h2 class=\"elementor-heading-title elementor-size-default\">Insieme per uno sport pulito<\/h2>\t\t\t\t<\/div>\n\t\t\t\t<div class=\"elementor-element elementor-element-96702c5 elementor-widget elementor-widget-text-editor\" data-id=\"96702c5\" data-element_type=\"widget\" data-e-type=\"widget\" data-widget_type=\"text-editor.default\">\n\t\t\t\t\t\t\t\t\t<p style=\"text-align: justify;\">La responsabilit\u00e0 oggettiva \u00e8 alla base della prevenzione antidoping. <br \/>La legge stabilisce che gli sportivi sono gli unici responsabili dell&#8217;assenza di sostanze illegali nel loro corpo e dell&#8217;utilizzo di metodi proibiti. Per saperne di pi\u00f9 su diritti e obblighi<a href=\"https:\/\/www.sportintegrity.ch\/fr\/droitsetobligations\">.https:\/\/www.sportintegrity.ch\/fr\/droitsetobligations<\/a><\/p>\n\t\t\t\t\t\t\t\t<\/div>\n\t\t\t\t\t<\/div>\n\t\t<\/div>\n\t\t\t\t\t<\/div>\n\t\t<\/section>\n\t\t\t\t<section class=\"elementor-section elementor-top-section elementor-element elementor-element-aa06ab9 elementor-section-boxed elementor-section-height-default elementor-section-height-default\" data-id=\"aa06ab9\" data-element_type=\"section\" data-e-type=\"section\">\n\t\t\t\t\t\t<div class=\"elementor-container elementor-column-gap-default\">\n\t\t\t\t\t<div class=\"elementor-column elementor-col-33 elementor-top-column elementor-element elementor-element-b4ecce0\" data-id=\"b4ecce0\" data-element_type=\"column\" data-e-type=\"column\">\n\t\t\t<div class=\"elementor-widget-wrap elementor-element-populated\">\n\t\t\t\t\t\t<div class=\"elementor-element elementor-element-d2ee9d2 elementor-widget elementor-widget-image\" data-id=\"d2ee9d2\" data-element_type=\"widget\" data-e-type=\"widget\" data-widget_type=\"image.default\">\n\t\t\t\t\t\t\t\t\t\t\t\t\t\t\t<img data-recalc-dims=\"1\" decoding=\"async\" src=\"https:\/\/i0.wp.com\/www.swissarchery.org\/wp-content\/uploads\/2021\/12\/04_medikamente_ueberpruefen.jpg?w=800&#038;quality=89&#038;ssl=1\" title=\"\" alt=\"\" loading=\"lazy\" \/>\t\t\t\t\t\t\t\t\t\t\t\t\t\t\t<\/div>\n\t\t\t\t\t<\/div>\n\t\t<\/div>\n\t\t\t\t<div class=\"elementor-column elementor-col-66 elementor-top-column elementor-element elementor-element-1628b15\" data-id=\"1628b15\" data-element_type=\"column\" data-e-type=\"column\">\n\t\t\t<div class=\"elementor-widget-wrap elementor-element-populated\">\n\t\t\t\t\t\t<div class=\"elementor-element elementor-element-cdb1436 elementor-widget elementor-widget-heading\" data-id=\"cdb1436\" data-element_type=\"widget\" data-e-type=\"widget\" data-widget_type=\"heading.default\">\n\t\t\t\t\t<h2 class=\"elementor-heading-title elementor-size-default\">Controlla sempre i farmaci!<\/h2>\t\t\t\t<\/div>\n\t\t\t\t<div class=\"elementor-element elementor-element-6277a3e elementor-widget elementor-widget-text-editor\" data-id=\"6277a3e\" data-element_type=\"widget\" data-e-type=\"widget\" data-widget_type=\"text-editor.default\">\n\t\t\t\t\t\t\t\t\t<p style=\"text-align: justify;\">Prima di assumere qualsiasi farmaco, gli atleti devono sempre assicurarsi che non contenga sostanze vietate. Global DRO fornisce informazioni sui farmaci facilmente accessibili: basta andare su www.sportintegrity.ch o utilizzare l&#8217;app mobile.<br \/><a href=\"https:\/\/www.sportintegrity.ch\/medicaments\">Scarica ora!<\/a><\/p>\n\t\t\t\t\t\t\t\t<\/div>\n\t\t\t\t\t<\/div>\n\t\t<\/div>\n\t\t\t\t\t<\/div>\n\t\t<\/section>\n\t\t\t\t<section class=\"elementor-section elementor-top-section elementor-element elementor-element-0e8d0c2 elementor-section-boxed elementor-section-height-default elementor-section-height-default\" data-id=\"0e8d0c2\" data-element_type=\"section\" data-e-type=\"section\">\n\t\t\t\t\t\t<div class=\"elementor-container elementor-column-gap-default\">\n\t\t\t\t\t<div class=\"elementor-column elementor-col-33 elementor-top-column elementor-element elementor-element-8b7a5ef\" data-id=\"8b7a5ef\" data-element_type=\"column\" data-e-type=\"column\">\n\t\t\t<div class=\"elementor-widget-wrap elementor-element-populated\">\n\t\t\t\t\t\t<div class=\"elementor-element elementor-element-8dd52fc elementor-widget elementor-widget-image\" data-id=\"8dd52fc\" data-element_type=\"widget\" data-e-type=\"widget\" data-widget_type=\"image.default\">\n\t\t\t\t\t\t\t\t\t\t\t\t\t\t\t<img data-recalc-dims=\"1\" decoding=\"async\" src=\"https:\/\/i0.wp.com\/www.swissarchery.org\/wp-content\/uploads\/2021\/12\/05_dopingrisiko-supplemente.jpg?w=800&#038;quality=89&#038;ssl=1\" title=\"\" alt=\"\" loading=\"lazy\" \/>\t\t\t\t\t\t\t\t\t\t\t\t\t\t\t<\/div>\n\t\t\t\t\t<\/div>\n\t\t<\/div>\n\t\t\t\t<div class=\"elementor-column elementor-col-66 elementor-top-column elementor-element elementor-element-69b46de\" data-id=\"69b46de\" data-element_type=\"column\" data-e-type=\"column\">\n\t\t\t<div class=\"elementor-widget-wrap elementor-element-populated\">\n\t\t\t\t\t\t<div class=\"elementor-element elementor-element-f425ded elementor-widget elementor-widget-heading\" data-id=\"f425ded\" data-element_type=\"widget\" data-e-type=\"widget\" data-widget_type=\"heading.default\">\n\t\t\t\t\t<h2 class=\"elementor-heading-title elementor-size-default\">Rischio di doping - Integratori alimentari  <\/h2>\t\t\t\t<\/div>\n\t\t\t\t<div class=\"elementor-element elementor-element-9e48c97 elementor-widget elementor-widget-text-editor\" data-id=\"9e48c97\" data-element_type=\"widget\" data-e-type=\"widget\" data-widget_type=\"text-editor.default\">\n\t\t\t\t\t\t\t\t\t<p style=\"text-align: justify;\">Gli integratori alimentari possono contenere sostanze vietate. L&#8217;assunzione di queste sostanze comporta quindi un rischio di violazione involontaria delle regole antidoping. Per ridurre questo rischio, \u00e8 consigliabile fare molta attenzione nella scelta dei prodotti.<br \/><a href=\"https:\/\/www.sportintegrity.ch\/fr\/supplements\">Maggiori informazioni<\/a> sul rischio di doping legato agli integratori alimentari.<\/p>\n\t\t\t\t\t\t\t\t<\/div>\n\t\t\t\t\t<\/div>\n\t\t<\/div>\n\t\t\t\t\t<\/div>\n\t\t<\/section>\n\t\t\t\t<section class=\"elementor-section elementor-top-section elementor-element elementor-element-94165eb elementor-section-boxed elementor-section-height-default elementor-section-height-default\" data-id=\"94165eb\" data-element_type=\"section\" data-e-type=\"section\">\n\t\t\t\t\t\t<div class=\"elementor-container elementor-column-gap-default\">\n\t\t\t\t\t<div class=\"elementor-column elementor-col-33 elementor-top-column elementor-element elementor-element-6f35f32\" data-id=\"6f35f32\" data-element_type=\"column\" data-e-type=\"column\">\n\t\t\t<div class=\"elementor-widget-wrap elementor-element-populated\">\n\t\t\t\t\t\t<div class=\"elementor-element elementor-element-c00a269 elementor-widget elementor-widget-image\" data-id=\"c00a269\" data-element_type=\"widget\" data-e-type=\"widget\" data-widget_type=\"image.default\">\n\t\t\t\t\t\t\t\t\t\t\t\t\t\t\t<img data-recalc-dims=\"1\" decoding=\"async\" src=\"https:\/\/i0.wp.com\/www.swissarchery.org\/wp-content\/uploads\/2021\/12\/06_kontrollen.jpg?w=800&#038;quality=89&#038;ssl=1\" title=\"\" alt=\"\" loading=\"lazy\" \/>\t\t\t\t\t\t\t\t\t\t\t\t\t\t\t<\/div>\n\t\t\t\t\t<\/div>\n\t\t<\/div>\n\t\t\t\t<div class=\"elementor-column elementor-col-66 elementor-top-column elementor-element elementor-element-bcafc4c\" data-id=\"bcafc4c\" data-element_type=\"column\" data-e-type=\"column\">\n\t\t\t<div class=\"elementor-widget-wrap elementor-element-populated\">\n\t\t\t\t\t\t<div class=\"elementor-element elementor-element-2a34043 elementor-widget elementor-widget-heading\" data-id=\"2a34043\" data-element_type=\"widget\" data-e-type=\"widget\" data-widget_type=\"heading.default\">\n\t\t\t\t\t<h2 class=\"elementor-heading-title elementor-size-default\">Test antidoping - Procedura<\/h2>\t\t\t\t<\/div>\n\t\t\t\t<div class=\"elementor-element elementor-element-da157e2 elementor-widget elementor-widget-text-editor\" data-id=\"da157e2\" data-element_type=\"widget\" data-e-type=\"widget\" data-widget_type=\"text-editor.default\">\n\t\t\t\t\t\t\t\t\t<p style=\"text-align: justify;\">I test antidoping possono essere effettuati in qualsiasi momento e in qualsiasi luogo. Gli atleti hanno il dovere di rispondere alle convocazioni per le ispezioni e di attenersi alle istruzioni del personale ispettivo.<\/p>\n<p>Informazioni dettagliate sul <a href=\"https:\/\/www.sportintegrity.ch\/fr\/deroulement\">processo di controllo del doping<\/a>.<\/p>\n\t\t\t\t\t\t\t\t<\/div>\n\t\t\t\t\t<\/div>\n\t\t<\/div>\n\t\t\t\t\t<\/div>\n\t\t<\/section>\n\t\t\t\t<section class=\"elementor-section elementor-top-section elementor-element elementor-element-89cdc1f elementor-section-boxed elementor-section-height-default elementor-section-height-default\" data-id=\"89cdc1f\" data-element_type=\"section\" data-e-type=\"section\">\n\t\t\t\t\t\t<div class=\"elementor-container elementor-column-gap-default\">\n\t\t\t\t\t<div class=\"elementor-column elementor-col-33 elementor-top-column elementor-element elementor-element-d5c9190\" data-id=\"d5c9190\" data-element_type=\"column\" data-e-type=\"column\">\n\t\t\t<div class=\"elementor-widget-wrap elementor-element-populated\">\n\t\t\t\t\t\t<div class=\"elementor-element elementor-element-4ecc481 elementor-widget elementor-widget-image\" data-id=\"4ecc481\" data-element_type=\"widget\" data-e-type=\"widget\" data-widget_type=\"image.default\">\n\t\t\t\t\t\t\t\t\t\t\t\t\t\t\t<img data-recalc-dims=\"1\" decoding=\"async\" src=\"https:\/\/i0.wp.com\/www.swissarchery.org\/wp-content\/uploads\/2021\/12\/07_e-learning.jpg?w=800&#038;quality=89&#038;ssl=1\" title=\"\" alt=\"\" loading=\"lazy\" \/>\t\t\t\t\t\t\t\t\t\t\t\t\t\t\t<\/div>\n\t\t\t\t\t<\/div>\n\t\t<\/div>\n\t\t\t\t<div class=\"elementor-column elementor-col-66 elementor-top-column elementor-element elementor-element-13f52dc\" data-id=\"13f52dc\" data-element_type=\"column\" data-e-type=\"column\">\n\t\t\t<div class=\"elementor-widget-wrap elementor-element-populated\">\n\t\t\t\t\t\t<div class=\"elementor-element elementor-element-d38af0e elementor-widget elementor-widget-heading\" data-id=\"d38af0e\" data-element_type=\"widget\" data-e-type=\"widget\" data-widget_type=\"heading.default\">\n\t\t\t\t\t<h2 class=\"elementor-heading-title elementor-size-default\">E-Learning - Conoscere le regole alla perfezione<\/h2>\t\t\t\t<\/div>\n\t\t\t\t<div class=\"elementor-element elementor-element-e207473 elementor-widget elementor-widget-text-editor\" data-id=\"e207473\" data-element_type=\"widget\" data-e-type=\"widget\" data-widget_type=\"text-editor.default\">\n\t\t\t\t\t\t\t\t\t<p style=\"text-align: justify;\">\n<p>Pi\u00f9 alto \u00e8 il livello delle prestazioni sportive, maggiore \u00e8 la necessit\u00e0 che gli atleti e coloro che li circondano conoscano esattamente le regole antidoping. I programmi di e-learning di Swiss Sport Integrity &#8211; per tutti gli atleti, gli allenatori, i medici e chiunque voglia proteggere lo sport pulito.<a href=\"https:\/\/www.sportintegrity.ch\/fr\/formation\">Ottieni il tuo certificato antidoping!<\/a><\/p>\n\t\t\t\t\t\t\t\t<\/div>\n\t\t\t\t\t<\/div>\n\t\t<\/div>\n\t\t\t\t\t<\/div>\n\t\t<\/section>\n\t\t\t\t<section class=\"elementor-section elementor-top-section elementor-element elementor-element-58c3518 elementor-section-boxed elementor-section-height-default elementor-section-height-default\" data-id=\"58c3518\" data-element_type=\"section\" data-e-type=\"section\">\n\t\t\t\t\t\t<div class=\"elementor-container elementor-column-gap-default\">\n\t\t\t\t\t<div class=\"elementor-column elementor-col-33 elementor-top-column elementor-element elementor-element-bca141a\" data-id=\"bca141a\" data-element_type=\"column\" data-e-type=\"column\">\n\t\t\t<div class=\"elementor-widget-wrap elementor-element-populated\">\n\t\t\t\t\t\t<div class=\"elementor-element elementor-element-235fe4d elementor-widget elementor-widget-image\" data-id=\"235fe4d\" data-element_type=\"widget\" data-e-type=\"widget\" data-widget_type=\"image.default\">\n\t\t\t\t\t\t\t\t\t\t\t\t\t\t\t<img data-recalc-dims=\"1\" decoding=\"async\" src=\"https:\/\/i0.wp.com\/www.swissarchery.org\/wp-content\/uploads\/2021\/12\/08_broschuere.jpg?w=800&#038;quality=89&#038;ssl=1\" title=\"\" alt=\"\" loading=\"lazy\" \/>\t\t\t\t\t\t\t\t\t\t\t\t\t\t\t<\/div>\n\t\t\t\t\t<\/div>\n\t\t<\/div>\n\t\t\t\t<div class=\"elementor-column elementor-col-66 elementor-top-column elementor-element elementor-element-379e1ba\" data-id=\"379e1ba\" data-element_type=\"column\" data-e-type=\"column\">\n\t\t\t<div class=\"elementor-widget-wrap elementor-element-populated\">\n\t\t\t\t\t\t<div class=\"elementor-element elementor-element-9b5e550 elementor-widget elementor-widget-heading\" data-id=\"9b5e550\" data-element_type=\"widget\" data-e-type=\"widget\" data-widget_type=\"heading.default\">\n\t\t\t\t\t<h2 class=\"elementor-heading-title elementor-size-default\">Consigli pratici nella brochure attuale<\/h2>\t\t\t\t<\/div>\n\t\t\t\t<div class=\"elementor-element elementor-element-515d029 elementor-widget elementor-widget-text-editor\" data-id=\"515d029\" data-element_type=\"widget\" data-e-type=\"widget\" data-widget_type=\"text-editor.default\">\n\t\t\t\t\t\t\t\t\t<p style=\"text-align: justify;\">Scopri le informazioni pi\u00f9 importanti e i consigli pratici sull&#8217;antidoping nella brochure &#8220;Insieme per uno sport pulito&#8221; &#8211; per atleti, allenatori e genitori.<a href=\"https:\/\/www.sportintegrity.ch\/fr\/downloads\">Scopri subito la brochure!<\/a><\/p>\n\t\t\t\t\t\t\t\t<\/div>\n\t\t\t\t\t<\/div>\n\t\t<\/div>\n\t\t\t\t\t<\/div>\n\t\t<\/section>\n\t\t\t\t<section class=\"elementor-section elementor-top-section elementor-element elementor-element-3656b25 elementor-section-boxed elementor-section-height-default elementor-section-height-default\" data-id=\"3656b25\" data-element_type=\"section\" data-e-type=\"section\">\n\t\t\t\t\t\t<div class=\"elementor-container elementor-column-gap-default\">\n\t\t\t\t\t<div class=\"elementor-column elementor-col-33 elementor-top-column elementor-element elementor-element-ec0545b\" data-id=\"ec0545b\" data-element_type=\"column\" data-e-type=\"column\">\n\t\t\t<div class=\"elementor-widget-wrap elementor-element-populated\">\n\t\t\t\t\t\t<div class=\"elementor-element elementor-element-65c5cb5 elementor-widget elementor-widget-image\" data-id=\"65c5cb5\" data-element_type=\"widget\" data-e-type=\"widget\" data-widget_type=\"image.default\">\n\t\t\t\t\t\t\t\t\t\t\t\t\t\t\t<img data-recalc-dims=\"1\" decoding=\"async\" src=\"https:\/\/i0.wp.com\/www.swissarchery.org\/wp-content\/uploads\/2021\/12\/09_vorfall-melden.jpg?w=800&#038;quality=89&#038;ssl=1\" title=\"\" alt=\"\" loading=\"lazy\" \/>\t\t\t\t\t\t\t\t\t\t\t\t\t\t\t<\/div>\n\t\t\t\t\t<\/div>\n\t\t<\/div>\n\t\t\t\t<div class=\"elementor-column elementor-col-66 elementor-top-column elementor-element elementor-element-5999925\" data-id=\"5999925\" data-element_type=\"column\" data-e-type=\"column\">\n\t\t\t<div class=\"elementor-widget-wrap elementor-element-populated\">\n\t\t\t\t\t\t<div class=\"elementor-element elementor-element-45185c1 elementor-widget elementor-widget-heading\" data-id=\"45185c1\" data-element_type=\"widget\" data-e-type=\"widget\" data-widget_type=\"heading.default\">\n\t\t\t\t\t<h2 class=\"elementor-heading-title elementor-size-default\">Segnala un sospetto!<\/h2>\t\t\t\t<\/div>\n\t\t\t\t<div class=\"elementor-element elementor-element-c4f815e elementor-widget elementor-widget-text-editor\" data-id=\"c4f815e\" data-element_type=\"widget\" data-e-type=\"widget\" data-widget_type=\"text-editor.default\">\n\t\t\t\t\t\t\t\t\t<p style=\"text-align: justify;\">Gli indizi di doping, anche i pi\u00f9 insignificanti, possono avere conseguenze decisive. Le tue informazioni potrebbero esserci di aiuto decisivo e contribuire alla tutela effettiva degli sportivi &#8220;puliti&#8221;. Che siano anonime o meno, tutte le informazioni saranno trattate con la massima riservatezza.<br \/><a href=\"https:\/\/www.sportintegrity.ch\/fr\/signalement\">Segnala un sospetto per proteggere lo sport pulito.<\/a><\/p>\n\t\t\t\t\t\t\t\t<\/div>\n\t\t\t\t\t<\/div>\n\t\t<\/div>\n\t\t\t\t\t<\/div>\n\t\t<\/section>\n\t\t<div class=\"elementor-element elementor-element-77b63c7 e-flex e-con-boxed e-con e-parent\" data-id=\"77b63c7\" data-element_type=\"container\" data-e-type=\"container\">\n\t\t\t\t\t<div class=\"e-con-inner\">\n\t\t\t\t<div class=\"elementor-element elementor-element-96ba14e elementor-widget elementor-widget-button\" data-id=\"96ba14e\" data-element_type=\"widget\" data-e-type=\"widget\" data-widget_type=\"button.default\">\n\t\t\t\t\t\t\t\t\t\t<a class=\"elementor-button elementor-button-link elementor-size-sm\" href=\"https:\/\/www.sportintegrity.ch\/fr\" target=\"_blank\">\n\t\t\t\t\t\t<span class=\"elementor-button-content-wrapper\">\n\t\t\t\t\t\t<span class=\"elementor-button-icon\">\n\t\t\t\t<svg aria-hidden=\"true\" class=\"e-font-icon-svg e-fas-external-link-alt\" viewBox=\"0 0 512 512\" xmlns=\"http:\/\/www.w3.org\/2000\/svg\"><path d=\"M432,320H400a16,16,0,0,0-16,16V448H64V128H208a16,16,0,0,0,16-16V80a16,16,0,0,0-16-16H48A48,48,0,0,0,0,112V464a48,48,0,0,0,48,48H400a48,48,0,0,0,48-48V336A16,16,0,0,0,432,320ZM488,0h-128c-21.37,0-32.05,25.91-17,41l35.73,35.73L135,320.37a24,24,0,0,0,0,34L157.67,377a24,24,0,0,0,34,0L435.28,133.32,471,169c15,15,41,4.5,41-17V24A24,24,0,0,0,488,0Z\"><\/path><\/svg>\t\t\t<\/span>\n\t\t\t\t\t\t\t\t\t<span class=\"elementor-button-text\">Integrit\u00e0 dello sport svizzero<\/span>\n\t\t\t\t\t<\/span>\n\t\t\t\t\t<\/a>\n\t\t\t\t\t\t\t\t<\/div>\n\t\t\t\t\t<\/div>\n\t\t\t\t<\/div>\n\t\t\t\t<\/div>\n\t\t","protected":false},"excerpt":{"rendered":"<p>Insieme per uno sport pulito SwissArchery si impegna senza riserve per uno sport libero dal doping, sostiene la prevenzione del doping e mantiene una collaborazione attiva con la Swiss Sport Integrity Foundation. Il rispetto rigoroso delle regole antidoping protegge gli atleti, la federazione e lo sport del tiro con l&#8217;arco nel suo complesso. La direzione [&hellip;]<\/p>\n","protected":false},"author":1,"featured_media":0,"parent":0,"menu_order":155,"comment_status":"closed","ping_status":"closed","template":"","meta":{"footnotes":""},"class_list":["post-65889","page","type-page","status-publish","hentry"],"jetpack_sharing_enabled":true,"_links":{"self":[{"href":"https:\/\/www.swissarchery.org\/it\/wp-json\/wp\/v2\/pages\/65889","targetHints":{"allow":["GET"]}}],"collection":[{"href":"https:\/\/www.swissarchery.org\/it\/wp-json\/wp\/v2\/pages"}],"about":[{"href":"https:\/\/www.swissarchery.org\/it\/wp-json\/wp\/v2\/types\/page"}],"author":[{"embeddable":true,"href":"https:\/\/www.swissarchery.org\/it\/wp-json\/wp\/v2\/users\/1"}],"replies":[{"embeddable":true,"href":"https:\/\/www.swissarchery.org\/it\/wp-json\/wp\/v2\/comments?post=65889"}],"version-history":[{"count":0,"href":"https:\/\/www.swissarchery.org\/it\/wp-json\/wp\/v2\/pages\/65889\/revisions"}],"wp:attachment":[{"href":"https:\/\/www.swissarchery.org\/it\/wp-json\/wp\/v2\/media?parent=65889"}],"curies":[{"name":"wp","href":"https:\/\/api.w.org\/{rel}","templated":true}]}}