{"id":65860,"date":"2019-07-11T19:43:25","date_gmt":"2019-07-11T17:43:25","guid":{"rendered":"https:\/\/dev-public.swissarchery.org\/competizioni\/annuncio-di-un-concorso\/"},"modified":"2025-03-01T11:55:35","modified_gmt":"2025-03-01T10:55:35","slug":"annuncio-di-un-concorso","status":"publish","type":"page","link":"https:\/\/www.swissarchery.org\/it\/annuncio-di-un-concorso\/","title":{"rendered":"Annuncio di un concorso"},"content":{"rendered":"\t\t<div data-elementor-type=\"wp-page\" data-elementor-id=\"65860\" class=\"elementor elementor-65860 elementor-6266\" data-elementor-post-type=\"page\">\n\t\t\t\t<div class=\"elementor-element elementor-element-ac2d75e e-flex e-con-boxed e-con e-parent\" data-id=\"ac2d75e\" data-element_type=\"container\" data-e-type=\"container\">\n\t\t\t\t\t<div class=\"e-con-inner\">\n\t\t\t\t<div class=\"elementor-element elementor-element-af6bfb3 elementor-widget elementor-widget-heading\" data-id=\"af6bfb3\" data-element_type=\"widget\" data-e-type=\"widget\" data-widget_type=\"heading.default\">\n\t\t\t\t\t<h2 class=\"elementor-heading-title elementor-size-default\">Annuncio di un concorso<\/h2>\t\t\t\t<\/div>\n\t\t\t\t<div class=\"elementor-element elementor-element-3631c42 elementor-widget elementor-widget-text-editor\" data-id=\"3631c42\" data-element_type=\"widget\" data-e-type=\"widget\" data-widget_type=\"text-editor.default\">\n\t\t\t\t\t\t\t\t\t<p>Per annunciare una gara nel calendario ufficiale, gli organizzatori devono inviare il modulo alla federazione il prima possibile. La registrazione nel calendario ti permette anche di utilizzare il sistema di gestione delle iscrizioni online della federazione. Dopo aver inviato il modulo, il torneo sar\u00e0 aggiunto al calendario dei tornei online e la data sar\u00e0 riservata. In caso di conflitti di date, il Comitato Tecnico contatter\u00e0 l&#8217;organizzatore. Prima dell&#8217;apertura delle iscrizioni, l&#8217;organizzatore ci invier\u00e0 il secondo modulo per aprire il sistema di registrazione. Possono anche inviarci un programma da pubblicare sul sito web.<\/p>\n\t\t\t\t\t\t\t\t<\/div>\n\t\t\t\t<div class=\"elementor-element elementor-element-6cccb48 elementor-widget elementor-widget-heading\" data-id=\"6cccb48\" data-element_type=\"widget\" data-e-type=\"widget\" data-widget_type=\"heading.default\">\n\t\t\t\t\t<h2 class=\"elementor-heading-title elementor-size-default\">Moduli per annunci pubblicitari<\/h2>\t\t\t\t<\/div>\n\t\t\t\t<div class=\"elementor-element elementor-element-226cdca elementor-widget elementor-widget-shortcode\" data-id=\"226cdca\" data-element_type=\"widget\" data-e-type=\"widget\" data-widget_type=\"shortcode.default\">\n\t\t\t\t\t\t\t<div class=\"elementor-shortcode\"><div id='wpcp-1da7e35efecca6ed052fc8cf6bafd1f4' class='wpcp-container'><div id='ShareoneDrive' class=' files  wpcp-has-scroll-to-top' data-module-id='wpcp-1da7e35efecca6ed052fc8cf6bafd1f4' style='display:none'><noscript><div class='ShareoneDrive-nojsmessage'>Per visualizzare questo contenuto, \u00e8 necessario avere JavaScript abilitato nel browser.<br\/><a href='http:\/\/www.enable-javascript.com\/' target='_blank'>A tal fine segui queste istruzioni<\/a>.<\/div><\/noscript><div class='wpcp-module ShareoneDrive files jsdisabled wpcp-list-view'  id='ShareoneDrive-1da7e35efecca6ed052fc8cf6bafd1f4' data-token='1da7e35efecca6ed052fc8cf6bafd1f4' data-account-id='eb036ce6-8ab6-4456-80cc-a2d46a605ec8' data-drive-id='b!anKiNpGTFUu6SX3Fgw5G5p-9THpEB89CloEgfseXQsrp7FNP6ATPSJt3Xb-8u2bg' data-id='' data-org-id='' data-path='bnVsbA==' data-org-path='bnVsbA==' data-source='6c4faa59ad8f5b06ab170acd6b95b688' data-sort='name:asc' data-list='files' data-query='' data-lightboxnav='1' data-lightboxthumbs='1' data-layout='list' data-action='0'  ><div class=\"wpcp-browser-container wpcp-browser-tree--init wpcp-no-tree wpcp-browser--init\" style=\"width:100%;max-width:100%;\">\r\n    <div class=\"wpcp-browser-container-tree\" data-show-tree='0'>\r\n        <div class=\"wpcp-container-overlay\"><\/div>\r\n        <div class=\"nav-header\">\r\n            <a class=\"nav-tree-toggle entry-info-button\" tabindex=\"0\" title=\"Visualizza l&#039;albero delle cartelle\">\r\n                <i class=\"eva eva-arrowhead-left-outline\"><\/i>\r\n            <\/a>\r\n        <\/div>\r\n        <div class=\"wpcp-browser-tree\"><\/div>\r\n    <\/div>\r\n    <div class=\"wpcp-browser-container-content\">\r\n                <div class=\"nav-header nav-header-has-breadcrumb\">            <a class=\"nav-tree-toggle entry-info-button\" tabindex=\"0\" title=\"Visualizza l&#039;albero delle cartelle\">\r\n                <i class=\"eva eva-arrowhead-left-outline\"><\/i>\r\n            <\/a>\r\n            <a class=\"nav-home entry-info-button\" title=\"Torni alla cartella iniziale\" tabindex=\"0\">\r\n                <i class=\"eva eva-home-outline\"><\/i>\r\n            <\/a>\r\n            <div class=\"nav-title\">Caricamento...<\/div>\r\n                        <a class=\"nav-search entry-info-button\" tabindex=\"0\">\r\n                <i class=\"eva eva-search\"><\/i>\r\n            <\/a>\r\n\r\n            <div class=\"tippy-content-holder search-wrapper\">\r\n                <a class=\"search-icon search-submit\" href=\"javascript:;\"><i class=\"eva eva-search\"><\/i><\/a>\r\n                <input class=\"search-input\" name=\"q\" type=\"search\" autocomplete=\"off\" size=\"40\" aria-label=\"Cerca\" placeholder=\"Ricerca di file e contenuto\" \/>\r\n                <a class=\"search-remove\" href=\"javascript:;\" title=\"Cancella\"><i class=\"eva eva-close\"><\/i><\/a>\r\n            <\/div>\r\n            \r\n\r\n            <a class=\"nav-sort entry-info-button\" title=\"Opzioni di ordinamento\">\r\n                <i class=\"eva eva-options\"><\/i>\r\n            <\/a>\r\n            <div class=\"tippy-content-holder sort-div\">\r\n                <ul class='nav-sorting-list'>\r\n                    <li><a class=\"nav-sorting-field nav-name sort-selected\" data-field=\"name\" title=\"Nome\">\r\n                            Nome                        <\/a>\r\n                    <\/li>\r\n                    <li><a class=\"nav-sorting-field nav-size \" data-field=\"size\" title=\"Dimensione\">\r\n                            Dimensione                        <\/a>\r\n                    <\/li>\r\n                    <li><a class=\"nav-sorting-field nav-modified \" data-field=\"modified\" title=\"Modificato\">\r\n                            Modificato                        <\/a>\r\n                    <\/li>\r\n                    <li><a class=\"nav-sorting-field nav-datetaken \" data-field=\"datetaken\" title=\"Data di creazione\">\r\n                            Data di creazione                        <\/a>\r\n                    <\/li>\r\n                    <li class=\"list-separator\">&nbsp;<\/li>\r\n                    <li><a class=\"nav-sorting-order nav-asc sort-selected\" data-order=\"asc\" title=\"Ascendente\">\r\n                            Ascendente                        <\/a>\r\n                    <\/li>\r\n                    <li><a class=\"nav-sorting-order nav-desc \" data-order=\"desc\" title=\"Discendente\">\r\n                            Discendente                        <\/a>\r\n                    <\/li>\r\n                <\/ul>\r\n            <\/div>\r\n\r\n            <a class=\"nav-gear entry-info-button\" title=\"Pi\u00f9 azioni\">\r\n                <i class=\"eva eva-more-vertical-outline\"><\/i>\r\n            <\/a>\r\n            <div class=\"tippy-content-holder gear-div\" data-token=\"1da7e35efecca6ed052fc8cf6bafd1f4\">\r\n                <ul data-id=\"1da7e35efecca6ed052fc8cf6bafd1f4\">\r\n\r\n                                        <li style=\"display: none\"><a class=\"nav-layout nav-layout-grid\" title=\"Mostra come elenco\">\r\n                            <i class=\"eva eva-grid-outline eva-lg\"><\/i>Mostra come elenco                        <\/a>\r\n                    <\/li>\r\n                    <li><a class=\"nav-layout nav-layout-list\" title=\"Mostra come lista\">\r\n                            <i class=\"eva eva-list-outline eva-lg\"><\/i>Mostra come lista                        <\/a>\r\n                    <\/li>\r\n                                        <li class='gear-menu-no-options' style=\"display: none\"><a><i class='eva eva-info-outline eva-lg'><\/i>Nessuna opzione...<\/a><\/li>\r\n                <\/ul>\r\n            <\/div>\r\n                        <a class=\"nav-refresh entry-info-button\" title=\"Aggiorna\">\r\n                <i class=\"eva eva-sync\"><\/i>\r\n            <\/a>\r\n                    <\/div>        <div class=\"wpcp-container-content\">\r\n            <div class=\"loading initialize\">                <svg class=\"loader-spinner\" viewBox=\"25 25 50 50\">\r\n                    <circle class=\"path\" cx=\"50\" cy=\"50\" r=\"20\" fill=\"none\" stroke-width=\"3\" stroke-miterlimit=\"10\"><\/circle>\r\n                <\/svg>\r\n                            <\/div>\r\n            <div class=\"ajax-filelist\" style=\"\">\r\n                <div class='files'>\r\n                    <div class=\"folders-container\"><div class=\"entry folder skeleton-entry\">\r\n    <div class=\"entry_block\">\r\n                <div class=\"entry-info\">\r\n            <div class=\"entry-info-icon skeleton skeleton-icon\"><\/div>\r\n            <div class=\"entry-info-name\"><span class=\"skeleton skeleton-text\"><\/span><\/div>\r\n                    <\/div>\r\n    <\/div>\r\n<\/div>\r\n<div class=\"entry folder skeleton-entry\">\r\n    <div class=\"entry_block\">\r\n                <div class=\"entry-info\">\r\n            <div class=\"entry-info-icon skeleton skeleton-icon\"><\/div>\r\n            <div class=\"entry-info-name\"><span class=\"skeleton skeleton-text\"><\/span><\/div>\r\n                    <\/div>\r\n    <\/div>\r\n<\/div>\r\n<div class=\"entry folder skeleton-entry\">\r\n    <div class=\"entry_block\">\r\n                <div class=\"entry-info\">\r\n            <div class=\"entry-info-icon skeleton skeleton-icon\"><\/div>\r\n            <div class=\"entry-info-name\"><span class=\"skeleton skeleton-text\"><\/span><\/div>\r\n                    <\/div>\r\n    <\/div>\r\n<\/div>\r\n<\/div>\r\n                    <div class=\"files-container\"><div class=\"entry file skeleton-entry\">\r\n    <div class=\"entry_block\">\r\n         <div class=\"entry_thumbnail skeleton skeleton-img\"><\/div>        <div class=\"entry-info\">\r\n            <div class=\"entry-info-icon skeleton skeleton-icon\"><\/div>\r\n            <div class=\"entry-info-name\"><span class=\"skeleton skeleton-text\"><\/span><\/div>\r\n                        <div class=\"entry-info-modified-date skeleton skeleton-text-small\"><\/div>\r\n            <div class=\"entry-info-size skeleton skeleton-text-small\"><\/div>\r\n                    <\/div>\r\n    <\/div>\r\n<\/div>\r\n<div class=\"entry file skeleton-entry\">\r\n    <div class=\"entry_block\">\r\n         <div class=\"entry_thumbnail skeleton skeleton-img\"><\/div>        <div class=\"entry-info\">\r\n            <div class=\"entry-info-icon skeleton skeleton-icon\"><\/div>\r\n            <div class=\"entry-info-name\"><span class=\"skeleton skeleton-text\"><\/span><\/div>\r\n                        <div class=\"entry-info-modified-date skeleton skeleton-text-small\"><\/div>\r\n            <div class=\"entry-info-size skeleton skeleton-text-small\"><\/div>\r\n                    <\/div>\r\n    <\/div>\r\n<\/div>\r\n<div class=\"entry file skeleton-entry\">\r\n    <div class=\"entry_block\">\r\n         <div class=\"entry_thumbnail skeleton skeleton-img\"><\/div>        <div class=\"entry-info\">\r\n            <div class=\"entry-info-icon skeleton skeleton-icon\"><\/div>\r\n            <div class=\"entry-info-name\"><span class=\"skeleton skeleton-text\"><\/span><\/div>\r\n                        <div class=\"entry-info-modified-date skeleton skeleton-text-small\"><\/div>\r\n            <div class=\"entry-info-size skeleton skeleton-text-small\"><\/div>\r\n                    <\/div>\r\n    <\/div>\r\n<\/div>\r\n<div class=\"entry file skeleton-entry\">\r\n    <div class=\"entry_block\">\r\n         <div class=\"entry_thumbnail skeleton skeleton-img\"><\/div>        <div class=\"entry-info\">\r\n            <div class=\"entry-info-icon skeleton skeleton-icon\"><\/div>\r\n            <div class=\"entry-info-name\"><span class=\"skeleton skeleton-text\"><\/span><\/div>\r\n                        <div class=\"entry-info-modified-date skeleton skeleton-text-small\"><\/div>\r\n            <div class=\"entry-info-size skeleton skeleton-text-small\"><\/div>\r\n                    <\/div>\r\n    <\/div>\r\n<\/div>\r\n<div class=\"entry file skeleton-entry\">\r\n    <div class=\"entry_block\">\r\n         <div class=\"entry_thumbnail skeleton skeleton-img\"><\/div>        <div class=\"entry-info\">\r\n            <div class=\"entry-info-icon skeleton skeleton-icon\"><\/div>\r\n            <div class=\"entry-info-name\"><span class=\"skeleton skeleton-text\"><\/span><\/div>\r\n                        <div class=\"entry-info-modified-date skeleton skeleton-text-small\"><\/div>\r\n            <div class=\"entry-info-size skeleton skeleton-text-small\"><\/div>\r\n                    <\/div>\r\n    <\/div>\r\n<\/div>\r\n<\/div>\r\n                <\/div>\r\n            <\/div>\r\n            <div class=\"scroll-to-top\">\r\n                <button class=\"scroll-to-top-action button button-round-icon secondary button-round-icon-lg button-shadow-3\" type=\"button\" title=\"Scorrere verso l&#039;alto\" aria-expanded=\"false\"><i class=\"eva eva-arrow-upward-outline eva-2x\"><\/i><\/button>\r\n                            <\/div>\r\n            <div class=\"wpcp-browser-container-info\">\r\n                <div class=\"wpcp-container-overlay\"><\/div>\r\n                <div class=\"wpcp-info-content\">\r\n                    <div class=\"wpcp-info-close entry-info-button\">\r\n                        <i class=\"eva eva-close eva-lg\" aria-hidden=\"true\"><\/i>\r\n                    <\/div>\r\n                    <div class=\"wpcp-info-thumbnail\"><\/div>\r\n                    <div class=\"wpcp-info-list\"><\/div>\r\n                <\/div>\r\n            <\/div>\r\n        <\/div>\r\n    <\/div>\r\n<\/div><\/div><\/div><div class='wpcp-module-script'><script data-jetpack-boost=\"ignore\" data-jetpack-boost=\"ignore\" data-jetpack-boost=\"ignore\" type='text\/javascript'>if (typeof(jQuery) !== 'undefined' && typeof(jQuery.cp) !== 'undefined' && typeof(jQuery.cp.ShareoneDrive) === 'function') { jQuery('#ShareoneDrive-1da7e35efecca6ed052fc8cf6bafd1f4').ShareoneDrive(ShareoneDrive_vars); };<\/script><\/div><\/div><\/div>\n\t\t\t\t\t\t<\/div>\n\t\t\t\t\t<\/div>\n\t\t\t\t<\/div>\n\t\t\t\t<\/div>\n\t\t","protected":false},"excerpt":{"rendered":"<p>Annuncio di un concorso Per annunciare una gara nel calendario ufficiale, gli organizzatori devono inviare il modulo alla federazione il prima possibile. La registrazione nel calendario ti permette anche di utilizzare il sistema di gestione delle iscrizioni online della federazione. Dopo aver inviato il modulo, il torneo sar\u00e0 aggiunto al calendario dei tornei online e [&hellip;]<\/p>\n","protected":false},"author":1,"featured_media":0,"parent":0,"menu_order":99,"comment_status":"closed","ping_status":"closed","template":"","meta":{"footnotes":""},"class_list":["post-65860","page","type-page","status-publish","hentry"],"jetpack_sharing_enabled":true,"_links":{"self":[{"href":"https:\/\/www.swissarchery.org\/it\/wp-json\/wp\/v2\/pages\/65860","targetHints":{"allow":["GET"]}}],"collection":[{"href":"https:\/\/www.swissarchery.org\/it\/wp-json\/wp\/v2\/pages"}],"about":[{"href":"https:\/\/www.swissarchery.org\/it\/wp-json\/wp\/v2\/types\/page"}],"author":[{"embeddable":true,"href":"https:\/\/www.swissarchery.org\/it\/wp-json\/wp\/v2\/users\/1"}],"replies":[{"embeddable":true,"href":"https:\/\/www.swissarchery.org\/it\/wp-json\/wp\/v2\/comments?post=65860"}],"version-history":[{"count":0,"href":"https:\/\/www.swissarchery.org\/it\/wp-json\/wp\/v2\/pages\/65860\/revisions"}],"wp:attachment":[{"href":"https:\/\/www.swissarchery.org\/it\/wp-json\/wp\/v2\/media?parent=65860"}],"curies":[{"name":"wp","href":"https:\/\/api.w.org\/{rel}","templated":true}]}}