{"id":65857,"date":"2018-05-27T16:30:45","date_gmt":"2018-05-27T14:30:45","guid":{"rendered":"https:\/\/dev-public.swissarchery.org\/homepage-2\/informativa-sulla-privacy\/"},"modified":"2025-07-27T11:26:09","modified_gmt":"2025-07-27T09:26:09","slug":"informativa-sulla-privacy","status":"publish","type":"page","link":"https:\/\/www.swissarchery.org\/it\/informativa-sulla-privacy\/","title":{"rendered":"Informativa sulla privacy"},"content":{"rendered":"\t\t<div data-elementor-type=\"wp-page\" data-elementor-id=\"65857\" class=\"elementor elementor-65857 elementor-4931\" data-elementor-post-type=\"page\">\n\t\t\t\t<div class=\"elementor-element elementor-element-762693f5 e-flex e-con-boxed e-con e-parent\" data-id=\"762693f5\" data-element_type=\"container\" data-e-type=\"container\">\n\t\t\t\t\t<div class=\"e-con-inner\">\n\t\t\t\t<div class=\"elementor-element elementor-element-35cc8ee9 elementor-widget elementor-widget-text-editor\" data-id=\"35cc8ee9\" data-element_type=\"widget\" data-e-type=\"widget\" data-widget_type=\"text-editor.default\">\n\t\t\t\t\t\t\t\t\t<div class=\"prose text-lg prose-invert max-w-none notranslate\"><h2 class=\"whitespace-pre-wrap break-words\"><strong>Chi siamo?<\/strong><\/h2><p class=\"whitespace-pre-wrap break-words\">L&#8217;Associazione SwissArchery, la cui sede legale si trova in Avenue de la Gare 28, 1920 Martigny, si impegna a proteggere la privacy dei suoi utenti. L&#8217;indirizzo del nostro sito web \u00e8: https: <a href=\"https:\/\/www.swissarchery.org\/it\/\" target=\"_blank\" rel=\"noopener\">\/\/www.swissarchery.org.<\/a><\/p><h2 class=\"whitespace-pre-wrap break-words\"><strong>Utilizzo dei dati personali raccolti<\/strong><\/h2><p class=\"whitespace-pre-wrap break-words\"><br>C<strong>ommenti<\/strong> Quando lasci un commento sul nostro sito, raccogliamo i dati che inserisci nel modulo, nonch\u00e9 il tuo indirizzo IP e lo user agent del tuo browser. Questo ci aiuta a individuare i commenti indesiderati. Una stringa anonima creata a partire dal tuo indirizzo e-mail (hash) pu\u00f2 essere inviata al servizio Gravatar per verificare il tuo utilizzo di questo servizio. Le clausole di riservatezza di Gravatar sono disponibili qui: https:<a href=\"https:\/\/automattic.com\/privacy\/\" target=\"_blank\" rel=\"noopener\">\/\/automattic.com\/privacy\/.<\/a> Una volta che il tuo commento \u00e8 stato convalidato, la foto del tuo profilo sar\u00e0 visibile pubblicamente accanto ad esso.    <\/p><p class=\"whitespace-pre-wrap break-words\"><br>M<strong>edia<\/strong> Se sei un utente registrato e carichi immagini sul sito, ti consigliamo di evitare di caricare immagini contenenti dati EXIF di coordinate GPS, poich\u00e9 i visitatori possono estrarre i dati di localizzazione da queste immagini.<\/p><p class=\"whitespace-pre-wrap break-words\"><br>M<strong>oduli di contatto<\/strong> Raccogliamo le informazioni che ci fornisci nei moduli di contatto per rispondere alle tue richieste e migliorare i nostri servizi.<\/p><p class=\"whitespace-pre-wrap break-words\"><br>C<strong>ookie<\/strong> Se lasci un commento, il tuo nome, il tuo indirizzo e-mail e il tuo sito web saranno memorizzati nei cookie per tua comodit\u00e0. Questi cookie scadono dopo un anno. Se ti colleghi al nostro sito, verr\u00e0 creato un cookie temporaneo per determinare se il tuo browser accetta i cookie. Non contiene dati personali e verr\u00e0 cancellato automaticamente alla chiusura del browser. Quando ti colleghi, verranno impostati diversi cookie per registrare le tue informazioni di accesso e le preferenze dello schermo. La durata di un cookie di connessione \u00e8 di due giorni, mentre quella di un cookie di opzione dello schermo \u00e8 di un anno. Se scegli &#8220;Ricordami&#8221;, il cookie di connessione verr\u00e0 conservato per due settimane. Se ti disconnetti, il cookie di connessione verr\u00e0 cancellato.   <\/p><p class=\"whitespace-pre-wrap break-words\"><br>C<strong>ontenuti incorporati da altri siti<\/strong> Gli articoli del nostro sito possono includere contenuti incorporati (video, immagini, articoli, ecc.). Questi contenuti si comportano come se stessi visitando questi altri siti, che possono raccogliere dati su di te, utilizzare cookie e tracciare le tue interazioni con questi contenuti incorporati. <\/p><p class=\"whitespace-pre-wrap break-words\"><br>S<strong>tatistiche e misurazione del pubblico<\/strong> Possiamo raccogliere dati statistici per migliorare il nostro sito e i nostri servizi.<\/p><p class=\"whitespace-pre-wrap break-words\"><br>U<strong>tilizzo e trasmissione dei tuoi dati personali<\/strong> Non vendiamo n\u00e9 affittiamo i tuoi dati personali a terzi. I tuoi dati potranno essere utilizzati per migliorare il nostro sito e i nostri servizi e per rispondere alle tue richieste. <\/p><p class=\"whitespace-pre-wrap break-words\"><br>P<strong>er quanto tempo vengono conservati i tuoi dati<\/strong> I commenti e i loro metadati vengono conservati a tempo indeterminato per facilitare la moderazione. Per gli utenti registrati, conserviamo i dati personali indicati nel loro profilo. Puoi visualizzare, modificare o cancellare i tuoi dati personali in qualsiasi momento, ad eccezione del tuo nome utente.  <\/p><p class=\"whitespace-pre-wrap break-words\"><br>I <strong>diritti che hai sui tuoi dati<\/strong> Hai il diritto di richiedere un file contenente tutti i dati personali in nostro possesso e di richiedere la cancellazione dei tuoi dati personali. Questo non include i dati memorizzati per scopi amministrativi, legali o di sicurezza. <\/p><p class=\"whitespace-pre-wrap break-words\"><br>T<strong>rasmissione dei tuoi dati personali<\/strong> I commenti dei visitatori possono essere controllati mediante un servizio automatizzato per individuare i commenti indesiderati.<\/p><p class=\"whitespace-pre-wrap break-words\"><br>I<strong>nformazioni di contatto<\/strong> Se hai domande sulla presente informativa sulla privacy, puoi contattarci tramite il nostro sito web.<\/p><h2 class=\"whitespace-pre-wrap break-words\"><strong>Ulteriori informazioni<\/strong><\/h2><p class=\"whitespace-pre-wrap break-words\"><br>C<strong>ome proteggiamo i tuoi dati<\/strong> Implementiamo misure di sicurezza adeguate per proteggere i tuoi dati personali da accessi o divulgazioni non autorizzati.<\/p><p class=\"whitespace-pre-wrap break-words\"><br>P<strong>rocedure in caso di fuga di dati<\/strong> In caso di fuga di dati, disponiamo di procedure per informare gli utenti interessati e le autorit\u00e0 competenti, se necessario.<\/p><p class=\"whitespace-pre-wrap break-words\"><br>S<strong>ervizi di terze parti che ci inviano dati<\/strong> Possiamo collaborare con servizi di terze parti che possono raccogliere dati su di te. Ci impegniamo a proteggere i tuoi dati e a rispettare le normative vigenti. <\/p><p class=\"whitespace-pre-wrap break-words\"><br>O<strong>perazioni di marketing automatizzato e\/o di profilazione effettuate utilizzando i dati personali<\/strong> Non effettuiamo operazioni di marketing automatizzato o di profilazione senza il tuo esplicito consenso.<\/p><p class=\"whitespace-pre-wrap break-words\"><br>V<strong>isualizzazione di informazioni relative a settori soggetti a normative specifiche<\/strong> Rispettiamo tutte le normative vigenti in materia di protezione dei dati.<\/p><p class=\"whitespace-pre-wrap break-words\">La presente informativa sulla privacy pu\u00f2 essere aggiornata di tanto in tanto. Ti invitiamo a consultarla frequentemente per essere informato di eventuali modifiche. <\/p><\/div>\t\t\t\t\t\t\t\t<\/div>\n\t\t\t\t\t<\/div>\n\t\t\t\t<\/div>\n\t\t\t\t<\/div>\n\t\t","protected":false},"excerpt":{"rendered":"<p>Chi siamo? L&#8217;Associazione SwissArchery, la cui sede legale si trova in Avenue de la Gare 28, 1920 Martigny, si impegna a proteggere la privacy dei suoi utenti. L&#8217;indirizzo del nostro sito web \u00e8: https: \/\/www.swissarchery.org. Utilizzo dei dati personali raccolti Commenti Quando lasci un commento sul nostro sito, raccogliamo i dati che inserisci nel modulo, [&hellip;]<\/p>\n","protected":false},"author":1,"featured_media":0,"parent":0,"menu_order":140,"comment_status":"closed","ping_status":"closed","template":"","meta":{"footnotes":""},"class_list":["post-65857","page","type-page","status-publish","hentry"],"jetpack_sharing_enabled":true,"_links":{"self":[{"href":"https:\/\/www.swissarchery.org\/it\/wp-json\/wp\/v2\/pages\/65857","targetHints":{"allow":["GET"]}}],"collection":[{"href":"https:\/\/www.swissarchery.org\/it\/wp-json\/wp\/v2\/pages"}],"about":[{"href":"https:\/\/www.swissarchery.org\/it\/wp-json\/wp\/v2\/types\/page"}],"author":[{"embeddable":true,"href":"https:\/\/www.swissarchery.org\/it\/wp-json\/wp\/v2\/users\/1"}],"replies":[{"embeddable":true,"href":"https:\/\/www.swissarchery.org\/it\/wp-json\/wp\/v2\/comments?post=65857"}],"version-history":[{"count":0,"href":"https:\/\/www.swissarchery.org\/it\/wp-json\/wp\/v2\/pages\/65857\/revisions"}],"wp:attachment":[{"href":"https:\/\/www.swissarchery.org\/it\/wp-json\/wp\/v2\/media?parent=65857"}],"curies":[{"name":"wp","href":"https:\/\/api.w.org\/{rel}","templated":true}]}}