{"id":65666,"date":"2023-02-24T17:37:24","date_gmt":"2023-02-24T16:37:24","guid":{"rendered":"https:\/\/dev-public.swissarchery.org\/medias\/contatti-con-i-media\/"},"modified":"2024-12-20T11:49:37","modified_gmt":"2024-12-20T10:49:37","slug":"contatti-con-i-media","status":"publish","type":"page","link":"https:\/\/www.swissarchery.org\/it\/contatti-con-i-media\/","title":{"rendered":"Contatti con i media"},"content":{"rendered":"\t\t<div data-elementor-type=\"wp-page\" data-elementor-id=\"65666\" class=\"elementor elementor-65666 elementor-62083\" data-elementor-post-type=\"page\">\n\t\t\t\t<div class=\"elementor-element elementor-element-57dd910 e-flex e-con-boxed e-con e-parent\" data-id=\"57dd910\" data-element_type=\"container\" data-e-type=\"container\">\n\t\t\t\t\t<div class=\"e-con-inner\">\n\t\t<div class=\"elementor-element elementor-element-ad79cfe e-con-full e-flex e-con e-child\" data-id=\"ad79cfe\" data-element_type=\"container\" data-e-type=\"container\">\n\t\t\t\t<div class=\"elementor-element elementor-element-0d53002 elementor-widget elementor-widget-heading\" data-id=\"0d53002\" data-element_type=\"widget\" data-e-type=\"widget\" data-widget_type=\"heading.default\">\n\t\t\t\t\t<h2 class=\"elementor-heading-title elementor-size-default\">Informazioni per i media<\/h2>\t\t\t\t<\/div>\n\t\t\t\t<div class=\"elementor-element elementor-element-65ba772 elementor-widget elementor-widget-text-editor\" data-id=\"65ba772\" data-element_type=\"widget\" data-e-type=\"widget\" data-widget_type=\"text-editor.default\">\n\t\t\t\t\t\t\t\t\t<p>La nostra federazione \u00e8 a tua disposizione se vuoi fare un reportage o coprire un evento particolare. Il nostro sport \u00e8 pi\u00f9 sorprendente di quanto pensi, quindi non esitare a contattare il nostro manager per maggiori informazioni.<\/p>\n\t\t\t\t\t\t\t\t<\/div>\n\t\t\t\t<div class=\"elementor-element elementor-element-5ed85e4 elementor-widget elementor-widget-image\" data-id=\"5ed85e4\" data-element_type=\"widget\" data-e-type=\"widget\" data-widget_type=\"image.default\">\n\t\t\t\t\t\t\t\t\t\t\t\t\t\t\t<img data-recalc-dims=\"1\" decoding=\"async\" src=\"https:\/\/i0.wp.com\/www.swissarchery.org\/wp-content\/uploads\/2022\/06\/R3X_0740-scaled.jpg?w=800&#038;quality=89&#038;ssl=1\" title=\"\" alt=\"\" loading=\"lazy\" \/>\t\t\t\t\t\t\t\t\t\t\t\t\t\t\t<\/div>\n\t\t\t\t<div class=\"elementor-element elementor-element-647f6ef elementor-widget elementor-widget-heading\" data-id=\"647f6ef\" data-element_type=\"widget\" data-e-type=\"widget\" data-widget_type=\"heading.default\">\n\t\t\t\t\t<h2 class=\"elementor-heading-title elementor-size-default\">Persone di contatto<\/h2>\t\t\t\t<\/div>\n\t\t\t\t<div class=\"elementor-element elementor-element-abd1158 elementor-widget elementor-widget-shortcode\" data-id=\"abd1158\" data-element_type=\"widget\" data-e-type=\"widget\" data-widget_type=\"shortcode.default\">\n\t\t\t\t\t\t\t<div class=\"elementor-shortcode\"><div class='rt-container-fluid rt-team-container rt-pos-r rt-team-container-67198' id='rt-team-container-2254121665'  data-layout='layout15' data-desktop-col='3'  data-tab-col='2'  data-mobile-col='1' data-sc-id='67198' data-popup-bg=''><div data-title='Loading ...' class='rt-row rt-content-loader layout15 ttp-even ttp-pre-loader'>\t<div class='rt-col-md-4 rt-col-sm-6 rt-col-xs-12  even-grid-item rt-grid-item' data-id='67143'>\r\n\t\t<div class=\"single-team-area\">\r\n\t\t\t\t\t\t\t<a class='' data-id='67143' target='_self' href='https:\/\/www.swissarchery.org\/it\/team\/janine-hunsperger\/'>\r\n\t\t\t\t\t<img data-recalc-dims=\"1\" decoding=\"async\" width=\"160\" height=\"160\" class=\"default-img\" src=\"https:\/\/i0.wp.com\/www.swissarchery.org\/wp-content\/plugins\/tlp-team\/assets\/images\/demo.jpg?resize=160%2C160&#038;quality=89&#038;ssl=1\" alt=\"Default Image\" \/>\t\t\t\t<\/a>\r\n\t\t\t\t\t\t\t\t<div class=\"ttp-member-title\">\r\n\t\t\t\t\t<h3><span class=\"team-name\"><a class=\"\" data-id=\"67143\" target=\"_self\" title=\"Janine Hunsperger\" href=\"https:\/\/www.swissarchery.org\/it\/team\/janine-hunsperger\/\">Janine Hunsperger<\/a><\/span><\/h3><div class=\"tlp-position\"><span><a class=\"\" data-id=\"67143\" target=\"_self\" title=\"Janine Hunsperger\" href=\"https:\/\/www.swissarchery.org\/it\/team\/janine-hunsperger\/\">Responsable des m\u00e9dias<\/a><\/span><\/div>\t\t\t\t<\/div>\r\n\t\t\t\t\t\t<\/div>\r\n\t<\/div>\r\n\t<div class=\"rt-loading-overlay\"><\/div><div class=\"rt-loading rt-ball-clip-rotate\"><div><\/div><\/div><\/div><\/div><\/div>\n\t\t\t\t\t\t<\/div>\n\t\t\t\t<\/div>\n\t\t\t\t\t<\/div>\n\t\t\t\t<\/div>\n\t\t\t\t<\/div>\n\t\t","protected":false},"excerpt":{"rendered":"<p>Informazioni per i media La nostra federazione \u00e8 a tua disposizione se vuoi fare un reportage o coprire un evento particolare. Il nostro sport \u00e8 pi\u00f9 sorprendente di quanto pensi, quindi non esitare a contattare il nostro manager per maggiori informazioni. Persone di contatto<\/p>\n","protected":false},"author":1,"featured_media":0,"parent":0,"menu_order":142,"comment_status":"closed","ping_status":"closed","template":"","meta":{"footnotes":""},"class_list":["post-65666","page","type-page","status-publish","hentry"],"jetpack_sharing_enabled":true,"_links":{"self":[{"href":"https:\/\/www.swissarchery.org\/it\/wp-json\/wp\/v2\/pages\/65666","targetHints":{"allow":["GET"]}}],"collection":[{"href":"https:\/\/www.swissarchery.org\/it\/wp-json\/wp\/v2\/pages"}],"about":[{"href":"https:\/\/www.swissarchery.org\/it\/wp-json\/wp\/v2\/types\/page"}],"author":[{"embeddable":true,"href":"https:\/\/www.swissarchery.org\/it\/wp-json\/wp\/v2\/users\/1"}],"replies":[{"embeddable":true,"href":"https:\/\/www.swissarchery.org\/it\/wp-json\/wp\/v2\/comments?post=65666"}],"version-history":[{"count":0,"href":"https:\/\/www.swissarchery.org\/it\/wp-json\/wp\/v2\/pages\/65666\/revisions"}],"wp:attachment":[{"href":"https:\/\/www.swissarchery.org\/it\/wp-json\/wp\/v2\/media?parent=65666"}],"curies":[{"name":"wp","href":"https:\/\/api.w.org\/{rel}","templated":true}]}}