{"id":65409,"date":"2023-02-24T17:46:43","date_gmt":"2023-02-24T16:46:43","guid":{"rendered":"https:\/\/dev-public.swissarchery.org\/problemi-legali-per-i-club\/"},"modified":"2024-12-19T20:46:06","modified_gmt":"2024-12-19T19:46:06","slug":"problemi-legali-per-i-club","status":"publish","type":"page","link":"https:\/\/www.swissarchery.org\/it\/problemi-legali-per-i-club\/","title":{"rendered":"Problemi legali per i club"},"content":{"rendered":"\t\t<div data-elementor-type=\"wp-page\" data-elementor-id=\"65409\" class=\"elementor elementor-65409 elementor-62093\" data-elementor-post-type=\"page\">\n\t\t\t\t<div class=\"elementor-element elementor-element-791ae8b e-flex e-con-boxed e-con e-parent\" data-id=\"791ae8b\" data-element_type=\"container\" data-e-type=\"container\">\n\t\t\t\t\t<div class=\"e-con-inner\">\n\t\t\t\t<div class=\"elementor-element elementor-element-589c0c9 elementor-widget elementor-widget-heading\" data-id=\"589c0c9\" data-element_type=\"widget\" data-e-type=\"widget\" data-widget_type=\"heading.default\">\n\t\t\t\t\t<h2 class=\"elementor-heading-title elementor-size-default\">Domande frequenti di carattere legale<\/h2>\t\t\t\t<\/div>\n\t\t\t\t<div class=\"elementor-element elementor-element-759c086 elementor-widget elementor-widget-text-editor\" data-id=\"759c086\" data-element_type=\"widget\" data-e-type=\"widget\" data-widget_type=\"text-editor.default\">\n\t\t\t\t\t\t\t\t\t<p>I club si trovano sempre pi\u00f9 spesso ad affrontare questioni legali all&#8217;avanguardia. A volte richiedono risposte specifiche per ogni situazione, ma per consentire ai club di trovare rapidamente le risposte, di seguito vengono affrontate alcune questioni legali comuni. Gli argomenti riportati di seguito non tengono conto di situazioni specifiche ed \u00e8 possibile che la situazione di ogni club sia diversa.<\/p>\n\t\t\t\t\t\t\t\t<\/div>\n\t\t\t\t<div class=\"elementor-element elementor-element-8b0cad8 elementor-widget elementor-widget-accordion\" data-id=\"8b0cad8\" data-element_type=\"widget\" data-e-type=\"widget\" data-widget_type=\"accordion.default\">\n\t\t\t\t\t\t\t<div class=\"elementor-accordion\">\n\t\t\t\t\t\t\t<div class=\"elementor-accordion-item\">\n\t\t\t\t\t<div id=\"elementor-tab-title-1451\" class=\"elementor-tab-title\" data-tab=\"1\" role=\"button\" aria-controls=\"elementor-tab-content-1451\" aria-expanded=\"false\">\n\t\t\t\t\t\t\t\t\t\t\t\t\t<span class=\"elementor-accordion-icon elementor-accordion-icon-left\" aria-hidden=\"true\">\n\t\t\t\t\t\t\t\t\t\t\t\t\t\t\t<span class=\"elementor-accordion-icon-closed\"><svg class=\"e-font-icon-svg e-fas-plus\" viewBox=\"0 0 448 512\" xmlns=\"http:\/\/www.w3.org\/2000\/svg\"><path d=\"M416 208H272V64c0-17.67-14.33-32-32-32h-32c-17.67 0-32 14.33-32 32v144H32c-17.67 0-32 14.33-32 32v32c0 17.67 14.33 32 32 32h144v144c0 17.67 14.33 32 32 32h32c17.67 0 32-14.33 32-32V304h144c17.67 0 32-14.33 32-32v-32c0-17.67-14.33-32-32-32z\"><\/path><\/svg><\/span>\n\t\t\t\t\t\t\t\t<span class=\"elementor-accordion-icon-opened\"><svg class=\"e-font-icon-svg e-fas-minus\" viewBox=\"0 0 448 512\" xmlns=\"http:\/\/www.w3.org\/2000\/svg\"><path d=\"M416 208H32c-17.67 0-32 14.33-32 32v32c0 17.67 14.33 32 32 32h384c17.67 0 32-14.33 32-32v-32c0-17.67-14.33-32-32-32z\"><\/path><\/svg><\/span>\n\t\t\t\t\t\t\t\t\t\t\t\t\t\t<\/span>\n\t\t\t\t\t\t\t\t\t\t\t\t<a class=\"elementor-accordion-title\" tabindex=\"0\">Redazione dello Statuto (art. 60 e segg. CC)<\/a>\n\t\t\t\t\t<\/div>\n\t\t\t\t\t<div id=\"elementor-tab-content-1451\" class=\"elementor-tab-content elementor-clearfix\" data-tab=\"1\" role=\"region\" aria-labelledby=\"elementor-tab-title-1451\"><p>Lo Statuto \u00e8 l&#8217;insieme delle disposizioni che regolano il funzionamento dell&#8217;associazione. Devono essere scritte. Non esiste un requisito legale per cui lo Statuto debba essere firmato da due persone. Tuttavia, l&#8217;atto costitutivo deve contenere un minimo di contenuti:<\/p>\n<p><strong>A. Determinazione dell&#8217;obiettivo<\/strong><\/p>\n<p>Non c&#8217;\u00e8 bisogno di capire i mezzi e il fine. Lo scopo \u00e8 liberamente determinato dall&#8217;associazione. Tuttavia, devono esprimere il desiderio di essere organizzati in modo corporativo e normalmente senza finalit\u00e0 economiche. Esistono tuttavia associazioni con finalit\u00e0 economiche.<\/p>\n<p><strong>B. Risorse<\/strong><\/p>\n<p>Le risorse sono generalmente le quote associative e altre fonti di finanziamento.<\/p>\n<p><strong>C. Organizzazione<\/strong><\/p>\n<p>La nomina dell&#8217;amministrazione \u00e8 necessaria e deve essere prevista dallo statuto. Se non diversamente previsto dallo Statuto, la sede legale \u00e8 presso la sede della Direzione. La sede legale pu\u00f2 essere all&#8217;indirizzo del Presidente. La sede legale \u00e8 legata al comune, non all&#8217;indirizzo esatto.<\/p>\n<p>Oltre agli statuti, ci sono anche le osservanze. Si tratta di comportarsi sempre allo stesso modo. Una pratica abituale dell&#8217;associazione diventa statuto. La pratica deve andare avanti da tempo e la gente deve accettarla.<\/p>\n<p><strong>D. Il desiderio di creare un&#8217;associazione<\/strong><\/p>\n<p>La volont\u00e0 deve essere espressa in modo inequivocabile nello Statuto. In pratica, si fa riferimento al Codice Civile. La volont\u00e0 di creare una costituzione \u00e8 una decisione collettiva. L&#8217;incorporazione pu\u00f2 essere simultanea o successiva. Non \u00e8 previsto un numero minimo di membri, ma non \u00e8 consentita l&#8217;associazione di una sola persona. \u00c8 quindi necessario un minimo di due membri.<\/p>\n<p>I membri possono essere minorenni. Il diritto \u00e8 strettamente personale e quindi, con la capacit\u00e0 di discernimento, \u00e8 possibile far parte di un&#8217;associazione. Gli impegni finanziari possono lasciare la decisione ai rappresentanti legali.<\/p>\n<\/div>\n\t\t\t\t<\/div>\n\t\t\t\t\t\t\t<div class=\"elementor-accordion-item\">\n\t\t\t\t\t<div id=\"elementor-tab-title-1452\" class=\"elementor-tab-title\" data-tab=\"2\" role=\"button\" aria-controls=\"elementor-tab-content-1452\" aria-expanded=\"false\">\n\t\t\t\t\t\t\t\t\t\t\t\t\t<span class=\"elementor-accordion-icon elementor-accordion-icon-left\" aria-hidden=\"true\">\n\t\t\t\t\t\t\t\t\t\t\t\t\t\t\t<span class=\"elementor-accordion-icon-closed\"><svg class=\"e-font-icon-svg e-fas-plus\" viewBox=\"0 0 448 512\" xmlns=\"http:\/\/www.w3.org\/2000\/svg\"><path d=\"M416 208H272V64c0-17.67-14.33-32-32-32h-32c-17.67 0-32 14.33-32 32v144H32c-17.67 0-32 14.33-32 32v32c0 17.67 14.33 32 32 32h144v144c0 17.67 14.33 32 32 32h32c17.67 0 32-14.33 32-32V304h144c17.67 0 32-14.33 32-32v-32c0-17.67-14.33-32-32-32z\"><\/path><\/svg><\/span>\n\t\t\t\t\t\t\t\t<span class=\"elementor-accordion-icon-opened\"><svg class=\"e-font-icon-svg e-fas-minus\" viewBox=\"0 0 448 512\" xmlns=\"http:\/\/www.w3.org\/2000\/svg\"><path d=\"M416 208H32c-17.67 0-32 14.33-32 32v32c0 17.67 14.33 32 32 32h384c17.67 0 32-14.33 32-32v-32c0-17.67-14.33-32-32-32z\"><\/path><\/svg><\/span>\n\t\t\t\t\t\t\t\t\t\t\t\t\t\t<\/span>\n\t\t\t\t\t\t\t\t\t\t\t\t<a class=\"elementor-accordion-title\" tabindex=\"0\">Tassazione delle associazioni senza scopo di lucro (art. 49 LIDF)<\/a>\n\t\t\t\t\t<\/div>\n\t\t\t\t\t<div id=\"elementor-tab-content-1452\" class=\"elementor-tab-content elementor-clearfix\" data-tab=\"2\" role=\"region\" aria-labelledby=\"elementor-tab-title-1452\"><p>Le associazioni sono soggette a imposte a meno che non abbiano uno scopo ideale. La nozione di scopo ideale comprende le attivit\u00e0 politiche e religiose o le opere di beneficenza. In linea di principio, le associazioni sportive non hanno uno scopo ideale, in quanto il loro obiettivo \u00e8 quello di fornire servizi ai propri membri, come la messa a disposizione di un campo di allenamento o l&#8217;organizzazione di corsi. Di conseguenza, le associazioni sportive sono in linea di principio soggette all&#8217;imposta sul patrimonio e sul reddito. Devono presentare una dichiarazione dei redditi annuale (sentenza della Corte Federale 2C_835\/2016 del 21 marzo 2017, considerando 2.2.2).<\/p>\n<\/div>\n\t\t\t\t<\/div>\n\t\t\t\t\t\t\t<div class=\"elementor-accordion-item\">\n\t\t\t\t\t<div id=\"elementor-tab-title-1453\" class=\"elementor-tab-title\" data-tab=\"3\" role=\"button\" aria-controls=\"elementor-tab-content-1453\" aria-expanded=\"false\">\n\t\t\t\t\t\t\t\t\t\t\t\t\t<span class=\"elementor-accordion-icon elementor-accordion-icon-left\" aria-hidden=\"true\">\n\t\t\t\t\t\t\t\t\t\t\t\t\t\t\t<span class=\"elementor-accordion-icon-closed\"><svg class=\"e-font-icon-svg e-fas-plus\" viewBox=\"0 0 448 512\" xmlns=\"http:\/\/www.w3.org\/2000\/svg\"><path d=\"M416 208H272V64c0-17.67-14.33-32-32-32h-32c-17.67 0-32 14.33-32 32v144H32c-17.67 0-32 14.33-32 32v32c0 17.67 14.33 32 32 32h144v144c0 17.67 14.33 32 32 32h32c17.67 0 32-14.33 32-32V304h144c17.67 0 32-14.33 32-32v-32c0-17.67-14.33-32-32-32z\"><\/path><\/svg><\/span>\n\t\t\t\t\t\t\t\t<span class=\"elementor-accordion-icon-opened\"><svg class=\"e-font-icon-svg e-fas-minus\" viewBox=\"0 0 448 512\" xmlns=\"http:\/\/www.w3.org\/2000\/svg\"><path d=\"M416 208H32c-17.67 0-32 14.33-32 32v32c0 17.67 14.33 32 32 32h384c17.67 0 32-14.33 32-32v-32c0-17.67-14.33-32-32-32z\"><\/path><\/svg><\/span>\n\t\t\t\t\t\t\t\t\t\t\t\t\t\t<\/span>\n\t\t\t\t\t\t\t\t\t\t\t\t<a class=\"elementor-accordion-title\" tabindex=\"0\">Tassazione dei contributi versati alle associazioni (art. 66 LIFD)<\/a>\n\t\t\t\t\t<\/div>\n\t\t\t\t\t<div id=\"elementor-tab-content-1453\" class=\"elementor-tab-content elementor-clearfix\" data-tab=\"3\" role=\"region\" aria-labelledby=\"elementor-tab-title-1453\"><p>Le quote associative non sono tassate e possono essere dedotte dagli utili imponibili nella dichiarazione dei redditi (art. 66 LIFD). D&#8217;altro canto, il reddito proveniente da altre fonti, come la vendita di prodotti o l&#8217;organizzazione di presentazioni per conto di terzi, \u00e8 un reddito imponibile e deve essere dichiarato come tale. Per i club con un fatturato elevato, \u00e8 necessario esaminare anche la questione dell&#8217;assoggettamento all&#8217;IVA. Attualmente la soglia \u00e8 fissata a 150.000 franchi svizzeri per le associazioni senza scopo di lucro.<\/p>\n<\/div>\n\t\t\t\t<\/div>\n\t\t\t\t\t\t\t\t<\/div>\n\t\t\t\t\t\t<\/div>\n\t\t\t\t\t<\/div>\n\t\t\t\t<\/div>\n\t\t\t\t<\/div>\n\t\t","protected":false},"excerpt":{"rendered":"<p>Domande frequenti di carattere legale I club si trovano sempre pi\u00f9 spesso ad affrontare questioni legali all&#8217;avanguardia. A volte richiedono risposte specifiche per ogni situazione, ma per consentire ai club di trovare rapidamente le risposte, di seguito vengono affrontate alcune questioni legali comuni. Gli argomenti riportati di seguito non tengono conto di situazioni specifiche ed [&hellip;]<\/p>\n","protected":false},"author":1,"featured_media":0,"parent":0,"menu_order":80,"comment_status":"closed","ping_status":"closed","template":"","meta":{"footnotes":""},"class_list":["post-65409","page","type-page","status-publish","hentry"],"jetpack_sharing_enabled":true,"_links":{"self":[{"href":"https:\/\/www.swissarchery.org\/it\/wp-json\/wp\/v2\/pages\/65409","targetHints":{"allow":["GET"]}}],"collection":[{"href":"https:\/\/www.swissarchery.org\/it\/wp-json\/wp\/v2\/pages"}],"about":[{"href":"https:\/\/www.swissarchery.org\/it\/wp-json\/wp\/v2\/types\/page"}],"author":[{"embeddable":true,"href":"https:\/\/www.swissarchery.org\/it\/wp-json\/wp\/v2\/users\/1"}],"replies":[{"embeddable":true,"href":"https:\/\/www.swissarchery.org\/it\/wp-json\/wp\/v2\/comments?post=65409"}],"version-history":[{"count":0,"href":"https:\/\/www.swissarchery.org\/it\/wp-json\/wp\/v2\/pages\/65409\/revisions"}],"wp:attachment":[{"href":"https:\/\/www.swissarchery.org\/it\/wp-json\/wp\/v2\/media?parent=65409"}],"curies":[{"name":"wp","href":"https:\/\/api.w.org\/{rel}","templated":true}]}}