{"id":65332,"date":"2017-03-21T14:02:29","date_gmt":"2017-03-21T13:02:29","guid":{"rendered":"https:\/\/dev-public.swissarchery.org\/sicurezza-nei-campi-di-addestramento\/"},"modified":"2025-12-14T11:40:04","modified_gmt":"2025-12-14T10:40:04","slug":"sicurezza-nei-campi-di-addestramento","status":"publish","type":"page","link":"https:\/\/www.swissarchery.org\/it\/sicurezza-nei-campi-di-addestramento\/","title":{"rendered":"Sicurezza nei campi di addestramento"},"content":{"rendered":"\t\t<div data-elementor-type=\"wp-page\" data-elementor-id=\"65332\" class=\"elementor elementor-65332 elementor-1578\" data-elementor-post-type=\"page\">\n\t\t\t\t<div class=\"elementor-element elementor-element-6f3c5e38 e-flex e-con-boxed e-con e-parent\" data-id=\"6f3c5e38\" data-element_type=\"container\" data-e-type=\"container\">\n\t\t\t\t\t<div class=\"e-con-inner\">\n\t\t\t\t<div class=\"elementor-element elementor-element-388c592 elementor-widget elementor-widget-heading\" data-id=\"388c592\" data-element_type=\"widget\" data-e-type=\"widget\" data-widget_type=\"heading.default\">\n\t\t\t\t\t<h2 class=\"elementor-heading-title elementor-size-default\">Approvazione ed etichettatura dei siti<\/h2>\t\t\t\t<\/div>\n\t\t\t\t<div class=\"elementor-element elementor-element-85040ce elementor-widget elementor-widget-text-editor\" data-id=\"85040ce\" data-element_type=\"widget\" data-e-type=\"widget\" data-widget_type=\"text-editor.default\">\n\t\t\t\t\t\t\t\t\t<p style=\"text-align: justify;\">Il tiro con l&#8217;arco sta guadagnando popolarit\u00e0. Questo \u00e8 un fatto positivo per SwissArchery, ma presenta anche un rischio in termini di sicurezza e responsabilit\u00e0 civile. Sempre pi\u00f9 spesso, possiamo trovare arcieri in aree pubbliche. Ci sono persino cittadini preoccupati che contattano la polizia quando incontrano arcieri in un luogo pubblico. Dato che per molti il tiro con l&#8217;arco \u00e8 solo un&#8217;attivit\u00e0 ricreativa, non possiamo essere certi che tutti gli arcieri siano membri di un club che impone un codice di condotta e una formazione di base per la corretta gestione dei diversi archi. Questi arcieri rappresentano il maggior potenziale di rischio. Per questo motivo, possiamo chiederci se questi arcieri siano consapevoli dei rischi per la sicurezza e dei requisiti del tiro con l&#8217;arco, cio\u00e8 di ci\u00f2 che \u00e8 necessario per evitare incidenti.<\/p><p style=\"text-align: justify;\">Quando tutti i criteri di misurazione sono soddisfatti senza restrizioni e il campo di tiro con l&#8217;arco \u00e8 considerato sicuro, i responsabili, o il club, ricevono il certificato: Safety-Label di SwissArchery. L&#8217;etichetta viene stabilita sotto forma di documento scritto. Il certificato scade non appena il campo di addestramento viene modificato.<\/p><p style=\"text-align: justify;\">I club devono disporre di campi di tiro con l&#8217;arco adeguati dove poter tirare in sicurezza. Le misure di sicurezza necessarie per l&#8217;installazione di una piazzola permanente o temporanea sono spesso sottovalutate. Il rischio di danni a cose o lesioni durante il tiro con l&#8217;arco deve essere sempre ridotto al minimo. Questo documento pu\u00f2 essere utilizzato come documentazione sia all&#8217;interno di un club che di fronte agli organi ufficiali. Per una verifica delle misure di sicurezza dei campi di tiro con l&#8217;arco, SwissArchery permette di ottenere un Safety Label che attesta le necessarie misure di sicurezza con un certificato.<\/p>\t\t\t\t\t\t\t\t<\/div>\n\t\t\t\t<div class=\"elementor-element elementor-element-bd694da elementor-widget elementor-widget-heading\" data-id=\"bd694da\" data-element_type=\"widget\" data-e-type=\"widget\" data-widget_type=\"heading.default\">\n\t\t\t\t\t<h2 class=\"elementor-heading-title elementor-size-default\">Documenti per i club<\/h2>\t\t\t\t<\/div>\n\t\t\t\t<div class=\"elementor-element elementor-element-6e64681 elementor-widget elementor-widget-shortcode\" data-id=\"6e64681\" data-element_type=\"widget\" data-e-type=\"widget\" data-widget_type=\"shortcode.default\">\n\t\t\t\t\t\t\t<div class=\"elementor-shortcode\"><div id='wpcp-09dccc0f93093e50d03afe2346b309a5' class='wpcp-container'><div id='ShareoneDrive' class=' files  wpcp-has-scroll-to-top' data-module-id='wpcp-09dccc0f93093e50d03afe2346b309a5' style='display:none'><noscript><div class='ShareoneDrive-nojsmessage'>Per visualizzare questo contenuto, \u00e8 necessario avere JavaScript abilitato nel browser.<br\/><a href='http:\/\/www.enable-javascript.com\/' target='_blank'>A tal fine segui queste istruzioni<\/a>.<\/div><\/noscript><div class='wpcp-module ShareoneDrive files jsdisabled wpcp-list-view'  id='ShareoneDrive-09dccc0f93093e50d03afe2346b309a5' data-token='09dccc0f93093e50d03afe2346b309a5' data-account-id='eb036ce6-8ab6-4456-80cc-a2d46a605ec8' data-drive-id='b!anKiNpGTFUu6SX3Fgw5G5p-9THpEB89CloEgfseXQsrp7FNP6ATPSJt3Xb-8u2bg' data-id='' data-org-id='' data-path='bnVsbA==' data-org-path='bnVsbA==' data-source='252a511c77e2a6183ab926ca922a4dc3' data-sort='name:asc' data-list='files' data-query='' data-lightboxnav='1' data-lightboxthumbs='1' data-layout='list' data-action='0'  ><div class=\"wpcp-browser-container wpcp-browser-tree--init wpcp-no-tree wpcp-browser--init\" style=\"width:100%;max-width:100%;\">\r\n    <div class=\"wpcp-browser-container-tree\" data-show-tree='0'>\r\n        <div class=\"wpcp-container-overlay\"><\/div>\r\n        <div class=\"nav-header\">\r\n            <a class=\"nav-tree-toggle entry-info-button\" tabindex=\"0\" title=\"Visualizza l&#039;albero delle cartelle\">\r\n                <i class=\"eva eva-arrowhead-left-outline\"><\/i>\r\n            <\/a>\r\n        <\/div>\r\n        <div class=\"wpcp-browser-tree\"><\/div>\r\n    <\/div>\r\n    <div class=\"wpcp-browser-container-content\">\r\n                <div class=\"nav-header nav-header-has-breadcrumb\">            <a class=\"nav-tree-toggle entry-info-button\" tabindex=\"0\" title=\"Visualizza l&#039;albero delle cartelle\">\r\n                <i class=\"eva eva-arrowhead-left-outline\"><\/i>\r\n            <\/a>\r\n            <a class=\"nav-home entry-info-button\" title=\"Torni alla cartella iniziale\" tabindex=\"0\">\r\n                <i class=\"eva eva-home-outline\"><\/i>\r\n            <\/a>\r\n            <div class=\"nav-title\">Caricamento...<\/div>\r\n                        <a class=\"nav-search entry-info-button\" tabindex=\"0\">\r\n                <i class=\"eva eva-search\"><\/i>\r\n            <\/a>\r\n\r\n            <div class=\"tippy-content-holder search-wrapper\">\r\n                <a class=\"search-icon search-submit\" href=\"javascript:;\"><i class=\"eva eva-search\"><\/i><\/a>\r\n                <input class=\"search-input\" name=\"q\" type=\"search\" autocomplete=\"off\" size=\"40\" aria-label=\"Cerca\" placeholder=\"Ricerca di file e contenuto\" \/>\r\n                <a class=\"search-remove\" href=\"javascript:;\" title=\"Cancella\"><i class=\"eva eva-close\"><\/i><\/a>\r\n            <\/div>\r\n            \r\n\r\n            <a class=\"nav-sort entry-info-button\" title=\"Opzioni di ordinamento\">\r\n                <i class=\"eva eva-options\"><\/i>\r\n            <\/a>\r\n            <div class=\"tippy-content-holder sort-div\">\r\n                <ul class='nav-sorting-list'>\r\n                    <li><a class=\"nav-sorting-field nav-name sort-selected\" data-field=\"name\" title=\"Nome\">\r\n                            Nome                        <\/a>\r\n                    <\/li>\r\n                    <li><a class=\"nav-sorting-field nav-size \" data-field=\"size\" title=\"Dimensione\">\r\n                            Dimensione                        <\/a>\r\n                    <\/li>\r\n                    <li><a class=\"nav-sorting-field nav-modified \" data-field=\"modified\" title=\"Modificato\">\r\n                            Modificato                        <\/a>\r\n                    <\/li>\r\n                    <li><a class=\"nav-sorting-field nav-datetaken \" data-field=\"datetaken\" title=\"Data di creazione\">\r\n                            Data di creazione                        <\/a>\r\n                    <\/li>\r\n                    <li class=\"list-separator\">&nbsp;<\/li>\r\n                    <li><a class=\"nav-sorting-order nav-asc sort-selected\" data-order=\"asc\" title=\"Ascendente\">\r\n                            Ascendente                        <\/a>\r\n                    <\/li>\r\n                    <li><a class=\"nav-sorting-order nav-desc \" data-order=\"desc\" title=\"Discendente\">\r\n                            Discendente                        <\/a>\r\n                    <\/li>\r\n                <\/ul>\r\n            <\/div>\r\n\r\n            <a class=\"nav-gear entry-info-button\" title=\"Pi\u00f9 azioni\">\r\n                <i class=\"eva eva-more-vertical-outline\"><\/i>\r\n            <\/a>\r\n            <div class=\"tippy-content-holder gear-div\" data-token=\"09dccc0f93093e50d03afe2346b309a5\">\r\n                <ul data-id=\"09dccc0f93093e50d03afe2346b309a5\">\r\n\r\n                                        <li style=\"display: none\"><a class=\"nav-layout nav-layout-grid\" title=\"Mostra come elenco\">\r\n                            <i class=\"eva eva-grid-outline eva-lg\"><\/i>Mostra come elenco                        <\/a>\r\n                    <\/li>\r\n                    <li><a class=\"nav-layout nav-layout-list\" title=\"Mostra come lista\">\r\n                            <i class=\"eva eva-list-outline eva-lg\"><\/i>Mostra come lista                        <\/a>\r\n                    <\/li>\r\n                                        <li class='gear-menu-no-options' style=\"display: none\"><a><i class='eva eva-info-outline eva-lg'><\/i>Nessuna opzione...<\/a><\/li>\r\n                <\/ul>\r\n            <\/div>\r\n                        <a class=\"nav-refresh entry-info-button\" title=\"Aggiorna\">\r\n                <i class=\"eva eva-sync\"><\/i>\r\n            <\/a>\r\n                    <\/div>        <div class=\"wpcp-container-content\">\r\n            <div class=\"loading initialize\">                <svg class=\"loader-spinner\" viewBox=\"25 25 50 50\">\r\n                    <circle class=\"path\" cx=\"50\" cy=\"50\" r=\"20\" fill=\"none\" stroke-width=\"3\" stroke-miterlimit=\"10\"><\/circle>\r\n                <\/svg>\r\n                            <\/div>\r\n            <div class=\"ajax-filelist\" style=\"\">\r\n                <div class='files'>\r\n                    <div class=\"folders-container\"><div class=\"entry folder skeleton-entry\">\r\n    <div class=\"entry_block\">\r\n                <div class=\"entry-info\">\r\n            <div class=\"entry-info-icon skeleton skeleton-icon\"><\/div>\r\n            <div class=\"entry-info-name\"><span class=\"skeleton skeleton-text\"><\/span><\/div>\r\n                    <\/div>\r\n    <\/div>\r\n<\/div>\r\n<div class=\"entry folder skeleton-entry\">\r\n    <div class=\"entry_block\">\r\n                <div class=\"entry-info\">\r\n            <div class=\"entry-info-icon skeleton skeleton-icon\"><\/div>\r\n            <div class=\"entry-info-name\"><span class=\"skeleton skeleton-text\"><\/span><\/div>\r\n                    <\/div>\r\n    <\/div>\r\n<\/div>\r\n<div class=\"entry folder skeleton-entry\">\r\n    <div class=\"entry_block\">\r\n                <div class=\"entry-info\">\r\n            <div class=\"entry-info-icon skeleton skeleton-icon\"><\/div>\r\n            <div class=\"entry-info-name\"><span class=\"skeleton skeleton-text\"><\/span><\/div>\r\n                    <\/div>\r\n    <\/div>\r\n<\/div>\r\n<\/div>\r\n                    <div class=\"files-container\"><div class=\"entry file skeleton-entry\">\r\n    <div class=\"entry_block\">\r\n         <div class=\"entry_thumbnail skeleton skeleton-img\"><\/div>        <div class=\"entry-info\">\r\n            <div class=\"entry-info-icon skeleton skeleton-icon\"><\/div>\r\n            <div class=\"entry-info-name\"><span class=\"skeleton skeleton-text\"><\/span><\/div>\r\n                        <div class=\"entry-info-modified-date skeleton skeleton-text-small\"><\/div>\r\n            <div class=\"entry-info-size skeleton skeleton-text-small\"><\/div>\r\n                    <\/div>\r\n    <\/div>\r\n<\/div>\r\n<div class=\"entry file skeleton-entry\">\r\n    <div class=\"entry_block\">\r\n         <div class=\"entry_thumbnail skeleton skeleton-img\"><\/div>        <div class=\"entry-info\">\r\n            <div class=\"entry-info-icon skeleton skeleton-icon\"><\/div>\r\n            <div class=\"entry-info-name\"><span class=\"skeleton skeleton-text\"><\/span><\/div>\r\n                        <div class=\"entry-info-modified-date skeleton skeleton-text-small\"><\/div>\r\n            <div class=\"entry-info-size skeleton skeleton-text-small\"><\/div>\r\n                    <\/div>\r\n    <\/div>\r\n<\/div>\r\n<div class=\"entry file skeleton-entry\">\r\n    <div class=\"entry_block\">\r\n         <div class=\"entry_thumbnail skeleton skeleton-img\"><\/div>        <div class=\"entry-info\">\r\n            <div class=\"entry-info-icon skeleton skeleton-icon\"><\/div>\r\n            <div class=\"entry-info-name\"><span class=\"skeleton skeleton-text\"><\/span><\/div>\r\n                        <div class=\"entry-info-modified-date skeleton skeleton-text-small\"><\/div>\r\n            <div class=\"entry-info-size skeleton skeleton-text-small\"><\/div>\r\n                    <\/div>\r\n    <\/div>\r\n<\/div>\r\n<div class=\"entry file skeleton-entry\">\r\n    <div class=\"entry_block\">\r\n         <div class=\"entry_thumbnail skeleton skeleton-img\"><\/div>        <div class=\"entry-info\">\r\n            <div class=\"entry-info-icon skeleton skeleton-icon\"><\/div>\r\n            <div class=\"entry-info-name\"><span class=\"skeleton skeleton-text\"><\/span><\/div>\r\n                        <div class=\"entry-info-modified-date skeleton skeleton-text-small\"><\/div>\r\n            <div class=\"entry-info-size skeleton skeleton-text-small\"><\/div>\r\n                    <\/div>\r\n    <\/div>\r\n<\/div>\r\n<div class=\"entry file skeleton-entry\">\r\n    <div class=\"entry_block\">\r\n         <div class=\"entry_thumbnail skeleton skeleton-img\"><\/div>        <div class=\"entry-info\">\r\n            <div class=\"entry-info-icon skeleton skeleton-icon\"><\/div>\r\n            <div class=\"entry-info-name\"><span class=\"skeleton skeleton-text\"><\/span><\/div>\r\n                        <div class=\"entry-info-modified-date skeleton skeleton-text-small\"><\/div>\r\n            <div class=\"entry-info-size skeleton skeleton-text-small\"><\/div>\r\n                    <\/div>\r\n    <\/div>\r\n<\/div>\r\n<\/div>\r\n                <\/div>\r\n            <\/div>\r\n            <div class=\"scroll-to-top\">\r\n                <button class=\"scroll-to-top-action button button-round-icon secondary button-round-icon-lg button-shadow-3\" type=\"button\" title=\"Scorrere verso l&#039;alto\" aria-expanded=\"false\"><i class=\"eva eva-arrow-upward-outline eva-2x\"><\/i><\/button>\r\n                            <\/div>\r\n            <div class=\"wpcp-browser-container-info\">\r\n                <div class=\"wpcp-container-overlay\"><\/div>\r\n                <div class=\"wpcp-info-content\">\r\n                    <div class=\"wpcp-info-close entry-info-button\">\r\n                        <i class=\"eva eva-close eva-lg\" aria-hidden=\"true\"><\/i>\r\n                    <\/div>\r\n                    <div class=\"wpcp-info-thumbnail\"><\/div>\r\n                    <div class=\"wpcp-info-list\"><\/div>\r\n                <\/div>\r\n            <\/div>\r\n        <\/div>\r\n    <\/div>\r\n<\/div><\/div><\/div><div class='wpcp-module-script'><script data-jetpack-boost=\"ignore\" data-jetpack-boost=\"ignore\" data-jetpack-boost=\"ignore\" type='text\/javascript'>if (typeof(jQuery) !== 'undefined' && typeof(jQuery.cp) !== 'undefined' && typeof(jQuery.cp.ShareoneDrive) === 'function') { jQuery('#ShareoneDrive-09dccc0f93093e50d03afe2346b309a5').ShareoneDrive(ShareoneDrive_vars); };<\/script><\/div><\/div><\/div>\n\t\t\t\t\t\t<\/div>\n\t\t\t\t\t<\/div>\n\t\t\t\t<\/div>\n\t\t\t\t<\/div>\n\t\t","protected":false},"excerpt":{"rendered":"<p>Approvazione ed etichettatura dei siti Il tiro con l&#8217;arco sta guadagnando popolarit\u00e0. Questo \u00e8 un fatto positivo per SwissArchery, ma presenta anche un rischio in termini di sicurezza e responsabilit\u00e0 civile. Sempre pi\u00f9 spesso, possiamo trovare arcieri in aree pubbliche. Ci sono persino cittadini preoccupati che contattano la polizia quando incontrano arcieri in un luogo [&hellip;]<\/p>\n","protected":false},"author":1,"featured_media":0,"parent":0,"menu_order":167,"comment_status":"closed","ping_status":"closed","template":"","meta":{"footnotes":""},"class_list":["post-65332","page","type-page","status-publish","hentry"],"jetpack_sharing_enabled":true,"_links":{"self":[{"href":"https:\/\/www.swissarchery.org\/it\/wp-json\/wp\/v2\/pages\/65332","targetHints":{"allow":["GET"]}}],"collection":[{"href":"https:\/\/www.swissarchery.org\/it\/wp-json\/wp\/v2\/pages"}],"about":[{"href":"https:\/\/www.swissarchery.org\/it\/wp-json\/wp\/v2\/types\/page"}],"author":[{"embeddable":true,"href":"https:\/\/www.swissarchery.org\/it\/wp-json\/wp\/v2\/users\/1"}],"replies":[{"embeddable":true,"href":"https:\/\/www.swissarchery.org\/it\/wp-json\/wp\/v2\/comments?post=65332"}],"version-history":[{"count":0,"href":"https:\/\/www.swissarchery.org\/it\/wp-json\/wp\/v2\/pages\/65332\/revisions"}],"wp:attachment":[{"href":"https:\/\/www.swissarchery.org\/it\/wp-json\/wp\/v2\/media?parent=65332"}],"curies":[{"name":"wp","href":"https:\/\/api.w.org\/{rel}","templated":true}]}}