{"id":70724,"date":"2024-12-20T11:06:49","date_gmt":"2024-12-20T10:06:49","guid":{"rendered":"https:\/\/www.swissarchery.org\/produit\/kappe-swissarchery\/"},"modified":"2024-12-20T11:06:49","modified_gmt":"2024-12-20T10:06:49","slug":"kappe-swissarchery","status":"publish","type":"product","link":"https:\/\/www.swissarchery.org\/de\/produit\/kappe-swissarchery\/","title":{"rendered":"Kappe &#8211; SwissArchery"},"content":{"rendered":"<p>Sch\u00fctze dich vor der Sonne und zeige deine Leidenschaft f\u00fcr das Bogenschie\u00dfen mit dieser hochwertigen wei\u00dfen Kappe, die stolz das Logo von SwissArchery tr\u00e4gt.<\/p>\n","protected":false},"excerpt":{"rendered":"<p>Sch\u00fctze dich vor der Sonne und zeige deine Leidenschaft f\u00fcr das Bogenschie\u00dfen mit dieser hochwertigen wei\u00dfen Kappe, die stolz das Logo von SwissArchery tr\u00e4gt.<\/p>\n","protected":false},"featured_media":68003,"template":"","meta":{"jetpack_publicize_message":"","jetpack_publicize_feature_enabled":true,"jetpack_social_post_already_shared":true,"jetpack_social_options":{"image_generator_settings":{"template":"highway","default_image_id":0,"font":"","enabled":false},"version":2}},"product_brand":[],"product_cat":[95,80,97],"product_tag":[],"class_list":{"0":"post-70724","1":"product","2":"type-product","3":"status-publish","4":"has-post-thumbnail","6":"product_cat-fans-de","7":"product_cat-freiwillige","8":"product_cat-nationalmannschaft","10":"first","11":"instock","12":"shipping-taxable","13":"purchasable","14":"product-type-simple"},"jetpack_publicize_connections":[],"jetpack_sharing_enabled":true,"_links":{"self":[{"href":"https:\/\/www.swissarchery.org\/de\/wp-json\/wp\/v2\/product\/70724","targetHints":{"allow":["GET"]}}],"collection":[{"href":"https:\/\/www.swissarchery.org\/de\/wp-json\/wp\/v2\/product"}],"about":[{"href":"https:\/\/www.swissarchery.org\/de\/wp-json\/wp\/v2\/types\/product"}],"wp:featuredmedia":[{"embeddable":true,"href":"https:\/\/www.swissarchery.org\/de\/wp-json\/wp\/v2\/media\/68003"}],"wp:attachment":[{"href":"https:\/\/www.swissarchery.org\/de\/wp-json\/wp\/v2\/media?parent=70724"}],"wp:term":[{"taxonomy":"product_brand","embeddable":true,"href":"https:\/\/www.swissarchery.org\/de\/wp-json\/wp\/v2\/product_brand?post=70724"},{"taxonomy":"product_cat","embeddable":true,"href":"https:\/\/www.swissarchery.org\/de\/wp-json\/wp\/v2\/product_cat?post=70724"},{"taxonomy":"product_tag","embeddable":true,"href":"https:\/\/www.swissarchery.org\/de\/wp-json\/wp\/v2\/product_tag?post=70724"}],"curies":[{"name":"wp","href":"https:\/\/api.w.org\/{rel}","templated":true}]}}