{"id":69748,"date":"2025-07-07T20:53:36","date_gmt":"2025-07-07T18:53:36","guid":{"rendered":"https:\/\/www.swissarchery.org\/produit\/test-schulungen\/"},"modified":"2025-08-12T11:36:57","modified_gmt":"2025-08-12T09:36:57","slug":"test-schulungen","status":"publish","type":"product","link":"https:\/\/www.swissarchery.org\/de\/produit\/test-schulungen\/","title":{"rendered":"Test &#8211; Schulungen"},"content":{"rendered":"<p>Willkommen zu diesem Kurs, der entwickelt wurde, um dir eine bereichernde Lernerfahrung zu bieten, die f\u00fcr alle zug\u00e4nglich ist. Egal, ob du Anf\u00e4nger bist oder deine Kenntnisse vertiefen m\u00f6chtest, dieses Programm wird dich Schritt f\u00fcr Schritt durch die wichtigsten Konzepte f\u00fchren, mit klaren Erkl\u00e4rungen, konkreten Beispielen und praktischen Aktivit\u00e4ten. Unser Ziel ist es, dass du in deinem eigenen Tempo in einer wohlwollenden und anregenden Atmosph\u00e4re Fortschritte machen kannst. Am Ende des Kurses wirst du in der Lage sein, deine neuen F\u00e4higkeiten selbstst\u00e4ndig und selbstbewusst anzuwenden.   <\/p>\n","protected":false},"excerpt":{"rendered":"<p>Willkommen zu diesem Kurs, der entwickelt wurde, um dir eine bereichernde Lernerfahrung zu bieten, die f\u00fcr alle zug\u00e4nglich ist. Egal, ob du Anf\u00e4nger bist oder deine Kenntnisse vertiefen m\u00f6chtest, dieses Programm wird dich Schritt f\u00fcr Schritt durch die wichtigsten Konzepte f\u00fchren, mit klaren Erkl\u00e4rungen, konkreten Beispielen und praktischen Aktivit\u00e4ten. Unser Ziel ist es, dass du [&hellip;]<\/p>\n","protected":false},"featured_media":65136,"template":"","meta":{"jetpack_publicize_message":"","jetpack_publicize_feature_enabled":true,"jetpack_social_post_already_shared":false,"jetpack_social_options":{"image_generator_settings":{"template":"highway","default_image_id":0,"font":"","enabled":false},"version":2}},"product_brand":[],"product_cat":[277],"product_tag":[],"class_list":{"0":"post-69748","1":"product","2":"type-product","3":"status-publish","4":"has-post-thumbnail","6":"product_cat-ausbildung-fuer-mitglieder","8":"first","9":"instock","10":"shipping-taxable","11":"purchasable","12":"product-type-simple"},"jetpack_publicize_connections":[],"jetpack_sharing_enabled":true,"_links":{"self":[{"href":"https:\/\/www.swissarchery.org\/de\/wp-json\/wp\/v2\/product\/69748","targetHints":{"allow":["GET"]}}],"collection":[{"href":"https:\/\/www.swissarchery.org\/de\/wp-json\/wp\/v2\/product"}],"about":[{"href":"https:\/\/www.swissarchery.org\/de\/wp-json\/wp\/v2\/types\/product"}],"wp:featuredmedia":[{"embeddable":true,"href":"https:\/\/www.swissarchery.org\/de\/wp-json\/wp\/v2\/media\/65136"}],"wp:attachment":[{"href":"https:\/\/www.swissarchery.org\/de\/wp-json\/wp\/v2\/media?parent=69748"}],"wp:term":[{"taxonomy":"product_brand","embeddable":true,"href":"https:\/\/www.swissarchery.org\/de\/wp-json\/wp\/v2\/product_brand?post=69748"},{"taxonomy":"product_cat","embeddable":true,"href":"https:\/\/www.swissarchery.org\/de\/wp-json\/wp\/v2\/product_cat?post=69748"},{"taxonomy":"product_tag","embeddable":true,"href":"https:\/\/www.swissarchery.org\/de\/wp-json\/wp\/v2\/product_tag?post=69748"}],"curies":[{"name":"wp","href":"https:\/\/api.w.org\/{rel}","templated":true}]}}