{"id":68115,"date":"2024-12-20T11:11:12","date_gmt":"2024-12-20T10:11:12","guid":{"rendered":"https:\/\/dev-public.swissarchery.org\/?post_type=product&#038;p=68115"},"modified":"2026-03-19T11:21:27","modified_gmt":"2026-03-19T10:21:27","slug":"schiedsrichter-t-shirt-copie-2__trashed","status":"publish","type":"product","link":"https:\/\/www.swissarchery.org\/de\/produit\/schiedsrichter-t-shirt-copie-2__trashed\/","title":{"rendered":"Polo-Shirt (Herren)"},"content":{"rendered":"<p>Unterst\u00fctze unseren Verband, indem du seine Farben und seine Leidenschaft zeigst. Wir empfehlen dir, eine Nummer gr\u00f6\u00dfer als deine normale Gr\u00f6\u00dfe zu w\u00e4hlen.<\/p>\n","protected":false},"excerpt":{"rendered":"<p>Unterst\u00fctze unseren Verband, indem du seine Farben und seine Leidenschaft zeigst. Wir empfehlen dir, eine Nummer gr\u00f6\u00dfer als deine normale Gr\u00f6\u00dfe zu w\u00e4hlen.<\/p>\n","protected":false},"featured_media":68013,"template":"","meta":{"jetpack_publicize_message":"","jetpack_publicize_feature_enabled":true,"jetpack_social_post_already_shared":false,"jetpack_social_options":{"image_generator_settings":{"template":"highway","default_image_id":0,"font":"","enabled":false},"version":2}},"product_brand":[],"product_cat":[95,97],"product_tag":[243],"class_list":{"0":"post-68115","1":"product","2":"type-product","3":"status-publish","4":"has-post-thumbnail","6":"product_cat-fans-de","7":"product_cat-nationalmannschaft","8":"product_tag-freiwillige","9":"product_shipping_class-pakete","11":"first","12":"instock","13":"featured","14":"shipping-taxable","15":"purchasable","16":"product-type-variable","17":"has-default-attributes"},"jetpack_publicize_connections":[],"jetpack_sharing_enabled":true,"_links":{"self":[{"href":"https:\/\/www.swissarchery.org\/de\/wp-json\/wp\/v2\/product\/68115","targetHints":{"allow":["GET"]}}],"collection":[{"href":"https:\/\/www.swissarchery.org\/de\/wp-json\/wp\/v2\/product"}],"about":[{"href":"https:\/\/www.swissarchery.org\/de\/wp-json\/wp\/v2\/types\/product"}],"wp:featuredmedia":[{"embeddable":true,"href":"https:\/\/www.swissarchery.org\/de\/wp-json\/wp\/v2\/media\/68013"}],"wp:attachment":[{"href":"https:\/\/www.swissarchery.org\/de\/wp-json\/wp\/v2\/media?parent=68115"}],"wp:term":[{"taxonomy":"product_brand","embeddable":true,"href":"https:\/\/www.swissarchery.org\/de\/wp-json\/wp\/v2\/product_brand?post=68115"},{"taxonomy":"product_cat","embeddable":true,"href":"https:\/\/www.swissarchery.org\/de\/wp-json\/wp\/v2\/product_cat?post=68115"},{"taxonomy":"product_tag","embeddable":true,"href":"https:\/\/www.swissarchery.org\/de\/wp-json\/wp\/v2\/product_tag?post=68115"}],"curies":[{"name":"wp","href":"https:\/\/api.w.org\/{rel}","templated":true}]}}