{"id":65467,"date":"2024-05-26T20:24:44","date_gmt":"2024-05-26T18:24:44","guid":{"rendered":"https:\/\/dev-public.swissarchery.org\/produit\/aufkleber-swissarchery\/"},"modified":"2024-12-19T22:35:38","modified_gmt":"2024-12-19T21:35:38","slug":"aufkleber-swissarchery","status":"publish","type":"product","link":"https:\/\/www.swissarchery.org\/de\/produit\/aufkleber-swissarchery\/","title":{"rendered":"Aufkleber &#8211; SwissArchery"},"content":{"rendered":"<p>Entdecke den dekorativen SwissArchery-Aufkleber, eine elegante M\u00f6glichkeit, deine Leidenschaft f\u00fcr das Bogenschie\u00dfen zu zeigen. Aus hochwertigen Materialien hergestellt, eignet sich dieser wetterfeste Aufkleber perfekt, um deine Bogenschie\u00dfausr\u00fcstung, dein Fahrzeug oder andere Gegenst\u00e4nde deiner Wahl zu personalisieren. Zeige deine Unterst\u00fctzung f\u00fcr die Schweizer Bogensch\u00fctzengemeinschaft stolz mit dem markanten Logo von SwissArchery. Egal, ob du ein begeisterter Bogensch\u00fctze oder ein Sportfan bist, dieser Aufkleber verleiht deinem Stil eine einzigartige Note. Hol dir jetzt deinen SwissArchery-Sticker und zeige deine Liebe zum Bogenschie\u00dfen auf elegante Weise.<\/p>\n","protected":false},"excerpt":{"rendered":"<p>Entdecke den dekorativen SwissArchery-Aufkleber, eine elegante M\u00f6glichkeit, deine Leidenschaft f\u00fcr das Bogenschie\u00dfen zu zeigen.  <\/p>\n","protected":false},"featured_media":65007,"template":"","meta":{"jetpack_publicize_message":"","jetpack_publicize_feature_enabled":true,"jetpack_social_post_already_shared":false,"jetpack_social_options":{"image_generator_settings":{"template":"highway","default_image_id":0,"font":"","enabled":false},"version":2}},"product_brand":[],"product_cat":[95],"product_tag":[],"class_list":{"0":"post-65467","1":"product","2":"type-product","3":"status-publish","4":"has-post-thumbnail","6":"product_cat-fans-de","7":"product_shipping_class-e-mail","9":"first","10":"instock","11":"shipping-taxable","12":"purchasable","13":"product-type-simple"},"jetpack_publicize_connections":[],"jetpack_sharing_enabled":true,"_links":{"self":[{"href":"https:\/\/www.swissarchery.org\/de\/wp-json\/wp\/v2\/product\/65467","targetHints":{"allow":["GET"]}}],"collection":[{"href":"https:\/\/www.swissarchery.org\/de\/wp-json\/wp\/v2\/product"}],"about":[{"href":"https:\/\/www.swissarchery.org\/de\/wp-json\/wp\/v2\/types\/product"}],"wp:featuredmedia":[{"embeddable":true,"href":"https:\/\/www.swissarchery.org\/de\/wp-json\/wp\/v2\/media\/65007"}],"wp:attachment":[{"href":"https:\/\/www.swissarchery.org\/de\/wp-json\/wp\/v2\/media?parent=65467"}],"wp:term":[{"taxonomy":"product_brand","embeddable":true,"href":"https:\/\/www.swissarchery.org\/de\/wp-json\/wp\/v2\/product_brand?post=65467"},{"taxonomy":"product_cat","embeddable":true,"href":"https:\/\/www.swissarchery.org\/de\/wp-json\/wp\/v2\/product_cat?post=65467"},{"taxonomy":"product_tag","embeddable":true,"href":"https:\/\/www.swissarchery.org\/de\/wp-json\/wp\/v2\/product_tag?post=65467"}],"curies":[{"name":"wp","href":"https:\/\/api.w.org\/{rel}","templated":true}]}}