{"id":65458,"date":"2024-06-08T15:58:07","date_gmt":"2024-06-08T13:58:07","guid":{"rendered":"https:\/\/dev-public.swissarchery.org\/produit\/bob-swissarchery\/"},"modified":"2026-02-25T09:29:47","modified_gmt":"2026-02-25T08:29:47","slug":"bob-swissarchery","status":"publish","type":"product","link":"https:\/\/www.swissarchery.org\/de\/produit\/bob-swissarchery\/","title":{"rendered":"Bob &#8211; SwissArchery (Kindergr\u00f6\u00dfen)"},"content":{"rendered":"<p>Sch\u00fctzen Sie sich vor der Sonne und zeigen Sie gleichzeitig Ihre Leidenschaft f\u00fcr das Bogenschie\u00dfen mit diesem hochwertigen wei\u00dfen Bob, der stolz das Logo von SwissArchery tr\u00e4gt. Dieser aus Stoff gefertigte Bob bietet optimalen Schutz vor UV-Strahlen und sorgt gleichzeitig f\u00fcr deinen Komfort beim Bogenschie\u00dfen im Freien. Sein elegantes und schlichtes Design, in Verbindung mit dem unverwechselbaren Logo von SwissArchery, macht ihn zu einem unverzichtbaren Accessoire f\u00fcr alle Bogenschie\u00df-Enthusiasten. Ob f\u00fcr Wettk\u00e4mpfe, Training oder einfach nur, um die Natur zu genie\u00dfen, dieser Bob ist das ideale Accessoire, um vor der Sonne gesch\u00fctzt zu bleiben und gleichzeitig Ihre Unterst\u00fctzung f\u00fcr SwissArchery zu zeigen.<\/p>\n","protected":false},"excerpt":{"rendered":"<p>Sch\u00fctzen Sie sich vor der Sonne und zeigen Sie gleichzeitig Ihre Leidenschaft f\u00fcr das Bogenschie\u00dfen mit diesem hochwertigen wei\u00dfen Bob, der stolz das Logo von SwissArchery tr\u00e4gt.<\/p>\n","protected":false},"featured_media":68001,"template":"","meta":{"jetpack_publicize_message":"","jetpack_publicize_feature_enabled":true,"jetpack_social_post_already_shared":false,"jetpack_social_options":{"image_generator_settings":{"template":"highway","default_image_id":0,"font":"","enabled":false},"version":2}},"product_brand":[],"product_cat":[95],"product_tag":[],"class_list":{"0":"post-65458","1":"product","2":"type-product","3":"status-publish","4":"has-post-thumbnail","6":"product_cat-fans-de","8":"first","9":"instock","10":"shipping-taxable","11":"purchasable","12":"product-type-simple"},"jetpack_publicize_connections":[],"jetpack_sharing_enabled":true,"_links":{"self":[{"href":"https:\/\/www.swissarchery.org\/de\/wp-json\/wp\/v2\/product\/65458","targetHints":{"allow":["GET"]}}],"collection":[{"href":"https:\/\/www.swissarchery.org\/de\/wp-json\/wp\/v2\/product"}],"about":[{"href":"https:\/\/www.swissarchery.org\/de\/wp-json\/wp\/v2\/types\/product"}],"wp:featuredmedia":[{"embeddable":true,"href":"https:\/\/www.swissarchery.org\/de\/wp-json\/wp\/v2\/media\/68001"}],"wp:attachment":[{"href":"https:\/\/www.swissarchery.org\/de\/wp-json\/wp\/v2\/media?parent=65458"}],"wp:term":[{"taxonomy":"product_brand","embeddable":true,"href":"https:\/\/www.swissarchery.org\/de\/wp-json\/wp\/v2\/product_brand?post=65458"},{"taxonomy":"product_cat","embeddable":true,"href":"https:\/\/www.swissarchery.org\/de\/wp-json\/wp\/v2\/product_cat?post=65458"},{"taxonomy":"product_tag","embeddable":true,"href":"https:\/\/www.swissarchery.org\/de\/wp-json\/wp\/v2\/product_tag?post=65458"}],"curies":[{"name":"wp","href":"https:\/\/api.w.org\/{rel}","templated":true}]}}