{"id":70469,"date":"2025-07-29T12:30:54","date_gmt":"2025-07-29T10:30:54","guid":{"rendered":"https:\/\/www.swissarchery.org\/inklusiver-sport\/"},"modified":"2025-12-15T00:58:51","modified_gmt":"2025-12-14T23:58:51","slug":"inklusiver-sport","status":"publish","type":"page","link":"https:\/\/www.swissarchery.org\/de\/inklusiver-sport\/","title":{"rendered":"Inklusiver Sport"},"content":{"rendered":"\t\t<div data-elementor-type=\"wp-page\" data-elementor-id=\"70469\" class=\"elementor elementor-70469 elementor-70449\" data-elementor-post-type=\"page\">\n\t\t\t\t<div class=\"elementor-element elementor-element-c6970be e-flex e-con-boxed e-con e-parent\" data-id=\"c6970be\" data-element_type=\"container\" data-e-type=\"container\">\n\t\t\t\t\t<div class=\"e-con-inner\">\n\t\t\t\t<div class=\"elementor-element elementor-element-f2a371c elementor-widget elementor-widget-heading\" data-id=\"f2a371c\" data-element_type=\"widget\" data-e-type=\"widget\" data-widget_type=\"heading.default\">\n\t\t\t\t\t<h2 class=\"elementor-heading-title elementor-size-default\">Eine inklusive Sportart<\/h2>\t\t\t\t<\/div>\n\t\t\t\t<div class=\"elementor-element elementor-element-e20eb74 elementor-widget elementor-widget-text-editor\" data-id=\"e20eb74\" data-element_type=\"widget\" data-e-type=\"widget\" data-widget_type=\"text-editor.default\">\n\t\t\t\t\t\t\t\t\t<p>Bogenschiessen ist ein besonders inklusiver Sport, der von einem breiten Spektrum von Menschen unabh\u00e4ngig von Alter, Geschlecht oder k\u00f6rperlichen F\u00e4higkeiten ausge\u00fcbt werden kann. Durch einfache Anpassungen der Ausr\u00fcstung und der Regeln erm\u00f6glicht er Menschen mit Behinderungen, auch Rollstuhlfahrern oder Menschen mit Sehbehinderungen, die volle Teilnahme an der Aus\u00fcbung. Die meisten Vereine verf\u00fcgen \u00fcber geeignete Einrichtungen f\u00fcr Rollstuhlfahrer, die das \u00dcben in gemeinsamen Trainingseinheiten mit anderen stehenden Bogensch\u00fctzen erm\u00f6glichen.  <\/p>\t\t\t\t\t\t\t\t<\/div>\n\t\t\t\t<div class=\"elementor-element elementor-element-a2cf3da elementor-widget elementor-widget-gallery\" data-id=\"a2cf3da\" data-element_type=\"widget\" data-e-type=\"widget\" data-settings=\"{&quot;lazyload&quot;:&quot;yes&quot;,&quot;gallery_layout&quot;:&quot;grid&quot;,&quot;columns&quot;:4,&quot;columns_tablet&quot;:2,&quot;columns_mobile&quot;:1,&quot;gap&quot;:{&quot;unit&quot;:&quot;px&quot;,&quot;size&quot;:10,&quot;sizes&quot;:[]},&quot;gap_tablet&quot;:{&quot;unit&quot;:&quot;px&quot;,&quot;size&quot;:10,&quot;sizes&quot;:[]},&quot;gap_mobile&quot;:{&quot;unit&quot;:&quot;px&quot;,&quot;size&quot;:10,&quot;sizes&quot;:[]},&quot;link_to&quot;:&quot;file&quot;,&quot;aspect_ratio&quot;:&quot;3:2&quot;,&quot;overlay_background&quot;:&quot;yes&quot;,&quot;content_hover_animation&quot;:&quot;fade-in&quot;}\" data-widget_type=\"gallery.default\">\n\t\t\t\t\t\t\t<div class=\"elementor-gallery__container\">\n\t\t\t\t\t\t\t<a class=\"e-gallery-item elementor-gallery-item elementor-animated-content\" href=\"https:\/\/i0.wp.com\/www.swissarchery.org\/wp-content\/uploads\/2025\/07\/move-on-97949-1-scaled.webp?fit=2560%2C1707&#038;quality=80&#038;ssl=1\" data-elementor-open-lightbox=\"yes\" data-elementor-lightbox-slideshow=\"a2cf3da\" data-elementor-lightbox-title=\"move on-97949\" data-e-action-hash=\"#elementor-action%3Aaction%3Dlightbox%26settings%3DeyJpZCI6NzA0NTIsInVybCI6Imh0dHBzOlwvXC93d3cuc3dpc3NhcmNoZXJ5Lm9yZ1wvd3AtY29udGVudFwvdXBsb2Fkc1wvMjAyNVwvMDdcL21vdmUtb24tOTc5NDktMS1zY2FsZWQud2VicCIsInNsaWRlc2hvdyI6ImEyY2YzZGEifQ%3D%3D\">\n\t\t\t\t\t<div class=\"e-gallery-image elementor-gallery-item__image\" data-thumbnail=\"https:\/\/i0.wp.com\/www.swissarchery.org\/wp-content\/uploads\/2025\/07\/move-on-97949-1-scaled.webp?fit=300%2C200&amp;quality=80&amp;ssl=1\" data-width=\"300\" data-height=\"200\" aria-label=\"\" role=\"img\" ><\/div>\n\t\t\t\t\t\t\t\t\t\t\t<div class=\"elementor-gallery-item__overlay\"><\/div>\n\t\t\t\t\t\t\t\t\t\t\t\t\t\t<\/a>\n\t\t\t\t\t\t\t<a class=\"e-gallery-item elementor-gallery-item elementor-animated-content\" href=\"https:\/\/i0.wp.com\/www.swissarchery.org\/wp-content\/uploads\/2025\/07\/move_on-97013-1.webp?fit=300%2C300&#038;quality=80&#038;ssl=1\" data-elementor-open-lightbox=\"yes\" data-elementor-lightbox-slideshow=\"a2cf3da\" data-elementor-lightbox-title=\"move_on-97013\" data-e-action-hash=\"#elementor-action%3Aaction%3Dlightbox%26settings%3DeyJpZCI6NzA0NTUsInVybCI6Imh0dHBzOlwvXC93d3cuc3dpc3NhcmNoZXJ5Lm9yZ1wvd3AtY29udGVudFwvdXBsb2Fkc1wvMjAyNVwvMDdcL21vdmVfb24tOTcwMTMtMS53ZWJwIiwic2xpZGVzaG93IjoiYTJjZjNkYSJ9\">\n\t\t\t\t\t<div class=\"e-gallery-image elementor-gallery-item__image\" data-thumbnail=\"https:\/\/i0.wp.com\/www.swissarchery.org\/wp-content\/uploads\/2025\/07\/move_on-97013-1.webp?fit=300%2C300&amp;quality=80&amp;ssl=1\" data-width=\"300\" data-height=\"300\" aria-label=\"\" role=\"img\" ><\/div>\n\t\t\t\t\t\t\t\t\t\t\t<div class=\"elementor-gallery-item__overlay\"><\/div>\n\t\t\t\t\t\t\t\t\t\t\t\t\t\t<\/a>\n\t\t\t\t\t\t\t<a class=\"e-gallery-item elementor-gallery-item elementor-animated-content\" href=\"https:\/\/i0.wp.com\/www.swissarchery.org\/wp-content\/uploads\/2025\/07\/move-on-97138-2-1-scaled.webp?fit=2560%2C1707&#038;quality=80&#038;ssl=1\" data-elementor-open-lightbox=\"yes\" data-elementor-lightbox-slideshow=\"a2cf3da\" data-elementor-lightbox-title=\"move on-97138\" data-e-action-hash=\"#elementor-action%3Aaction%3Dlightbox%26settings%3DeyJpZCI6NzA0NjQsInVybCI6Imh0dHBzOlwvXC93d3cuc3dpc3NhcmNoZXJ5Lm9yZ1wvd3AtY29udGVudFwvdXBsb2Fkc1wvMjAyNVwvMDdcL21vdmUtb24tOTcxMzgtMi0xLXNjYWxlZC53ZWJwIiwic2xpZGVzaG93IjoiYTJjZjNkYSJ9\">\n\t\t\t\t\t<div class=\"e-gallery-image elementor-gallery-item__image\" data-thumbnail=\"https:\/\/i0.wp.com\/www.swissarchery.org\/wp-content\/uploads\/2025\/07\/move-on-97138-2-1-scaled.webp?fit=300%2C200&amp;quality=80&amp;ssl=1\" data-width=\"300\" data-height=\"200\" aria-label=\"\" role=\"img\" ><\/div>\n\t\t\t\t\t\t\t\t\t\t\t<div class=\"elementor-gallery-item__overlay\"><\/div>\n\t\t\t\t\t\t\t\t\t\t\t\t\t\t<\/a>\n\t\t\t\t\t<\/div>\n\t\t\t\t\t<\/div>\n\t\t\t\t<div class=\"elementor-element elementor-element-8b347c8 elementor-widget elementor-widget-text-editor\" data-id=\"8b347c8\" data-element_type=\"widget\" data-e-type=\"widget\" data-widget_type=\"text-editor.default\">\n\t\t\t\t\t\t\t\t\t<p>Die von den Bogenschiessvereinen organisierten Wettk\u00e4mpfe sind ebenfalls ein Beispiel f\u00fcr diesen Inklusionsgedanken. Sie erm\u00f6glichen es Rollstuhlfahrern und nichtbehinderten Teilnehmern, in denselben Kategorien, auf denselben Schiessst\u00e4nden und unter gleichen Bedingungen zu konkurrieren. Durch die Standardisierung der Regeln und die Zug\u00e4nglichkeit der Ausr\u00fcstung sind die Leistungen vergleichbar, was zu echter sportlicher Fairness f\u00fchrt und das Gef\u00fchl der Zugeh\u00f6rigkeit zu einer gemeinsamen Gemeinschaft von Bogensch\u00fctzen st\u00e4rkt.  <\/p>\t\t\t\t\t\t\t\t<\/div>\n\t\t\t\t<div class=\"elementor-element elementor-element-d462fce elementor-widget elementor-widget-gallery\" data-id=\"d462fce\" data-element_type=\"widget\" data-e-type=\"widget\" data-settings=\"{&quot;lazyload&quot;:&quot;yes&quot;,&quot;gallery_layout&quot;:&quot;grid&quot;,&quot;columns&quot;:4,&quot;columns_tablet&quot;:2,&quot;columns_mobile&quot;:1,&quot;gap&quot;:{&quot;unit&quot;:&quot;px&quot;,&quot;size&quot;:10,&quot;sizes&quot;:[]},&quot;gap_tablet&quot;:{&quot;unit&quot;:&quot;px&quot;,&quot;size&quot;:10,&quot;sizes&quot;:[]},&quot;gap_mobile&quot;:{&quot;unit&quot;:&quot;px&quot;,&quot;size&quot;:10,&quot;sizes&quot;:[]},&quot;link_to&quot;:&quot;file&quot;,&quot;aspect_ratio&quot;:&quot;3:2&quot;,&quot;overlay_background&quot;:&quot;yes&quot;,&quot;content_hover_animation&quot;:&quot;fade-in&quot;}\" data-widget_type=\"gallery.default\">\n\t\t\t\t\t\t\t<div class=\"elementor-gallery__container\">\n\t\t\t\t\t\t\t<a class=\"e-gallery-item elementor-gallery-item elementor-animated-content\" href=\"https:\/\/i0.wp.com\/www.swissarchery.org\/wp-content\/uploads\/2025\/07\/IMG_9547-1-scaled.webp?fit=1707%2C2560&#038;quality=80&#038;ssl=1\" data-elementor-open-lightbox=\"yes\" data-elementor-lightbox-slideshow=\"d462fce\" data-elementor-lightbox-title=\"IMG_9547\" data-e-action-hash=\"#elementor-action%3Aaction%3Dlightbox%26settings%3DeyJpZCI6NzA0NjEsInVybCI6Imh0dHBzOlwvXC93d3cuc3dpc3NhcmNoZXJ5Lm9yZ1wvd3AtY29udGVudFwvdXBsb2Fkc1wvMjAyNVwvMDdcL0lNR185NTQ3LTEtc2NhbGVkLndlYnAiLCJzbGlkZXNob3ciOiJkNDYyZmNlIn0%3D\">\n\t\t\t\t\t<div class=\"e-gallery-image elementor-gallery-item__image\" data-thumbnail=\"https:\/\/i0.wp.com\/www.swissarchery.org\/wp-content\/uploads\/2025\/07\/IMG_9547-1-scaled.webp?fit=200%2C300&amp;quality=80&amp;ssl=1\" data-width=\"200\" data-height=\"300\" aria-label=\"\" role=\"img\" ><\/div>\n\t\t\t\t\t\t\t\t\t\t\t<div class=\"elementor-gallery-item__overlay\"><\/div>\n\t\t\t\t\t\t\t\t\t\t\t\t\t\t<\/a>\n\t\t\t\t\t\t\t<a class=\"e-gallery-item elementor-gallery-item elementor-animated-content\" href=\"https:\/\/i0.wp.com\/www.swissarchery.org\/wp-content\/uploads\/2025\/07\/DSC_7128-1-scaled.webp?fit=2560%2C1707&#038;quality=80&#038;ssl=1\" data-elementor-open-lightbox=\"yes\" data-elementor-lightbox-slideshow=\"d462fce\" data-elementor-lightbox-title=\"DSC_7128\" data-e-action-hash=\"#elementor-action%3Aaction%3Dlightbox%26settings%3DeyJpZCI6NzA0NTgsInVybCI6Imh0dHBzOlwvXC93d3cuc3dpc3NhcmNoZXJ5Lm9yZ1wvd3AtY29udGVudFwvdXBsb2Fkc1wvMjAyNVwvMDdcL0RTQ183MTI4LTEtc2NhbGVkLndlYnAiLCJzbGlkZXNob3ciOiJkNDYyZmNlIn0%3D\">\n\t\t\t\t\t<div class=\"e-gallery-image elementor-gallery-item__image\" data-thumbnail=\"https:\/\/i0.wp.com\/www.swissarchery.org\/wp-content\/uploads\/2025\/07\/DSC_7128-1-scaled.webp?fit=300%2C200&amp;quality=80&amp;ssl=1\" data-width=\"300\" data-height=\"200\" aria-label=\"\" role=\"img\" ><\/div>\n\t\t\t\t\t\t\t\t\t\t\t<div class=\"elementor-gallery-item__overlay\"><\/div>\n\t\t\t\t\t\t\t\t\t\t\t\t\t\t<\/a>\n\t\t\t\t\t<\/div>\n\t\t\t\t\t<\/div>\n\t\t\t\t<div class=\"elementor-element elementor-element-6a63882 elementor-widget elementor-widget-heading\" data-id=\"6a63882\" data-element_type=\"widget\" data-e-type=\"widget\" data-widget_type=\"heading.default\">\n\t\t\t\t\t<h2 class=\"elementor-heading-title elementor-size-default\">Weitere Informationen<\/h2>\t\t\t\t<\/div>\n\t\t\t\t<div class=\"elementor-element elementor-element-dd6565c elementor-widget elementor-widget-text-editor\" data-id=\"dd6565c\" data-element_type=\"widget\" data-e-type=\"widget\" data-widget_type=\"text-editor.default\">\n\t\t\t\t\t\t\t\t\t<p>Wer mehr \u00fcber inklusives Bogenschiessen, Teilnahmem\u00f6glichkeiten oder zug\u00e4ngliche Wettk\u00e4mpfe erfahren m\u00f6chte, kann sich an SwissArchery, Swiss Olympic oder die Schweizer Paraplegiker-Vereinigung wenden. Diese Organisationen k\u00f6nnen detaillierte Informationen bereitstellen, an geeignete Vereine verweisen und bei der Integration in diesen aufregenden Sport unterst\u00fctzen. <\/p>\t\t\t\t\t\t\t\t<\/div>\n\t\t\t\t\t<\/div>\n\t\t\t\t<\/div>\n\t\t<div class=\"elementor-element elementor-element-8b28082 e-flex e-con-boxed e-con e-parent\" data-id=\"8b28082\" data-element_type=\"container\" data-e-type=\"container\">\n\t\t\t\t\t<div class=\"e-con-inner\">\n\t\t\t\t<div class=\"elementor-element elementor-element-e0642ab elementor-cta--skin-classic elementor-animated-content elementor-bg-transform elementor-bg-transform-zoom-in elementor-widget elementor-widget-call-to-action\" data-id=\"e0642ab\" data-element_type=\"widget\" data-e-type=\"widget\" data-widget_type=\"call-to-action.default\">\n\t\t\t\t\t\t\t<a class=\"elementor-cta\" href=\"https:\/\/www.swissarchery.org\/de\/team\/angela-hunsperger\/\" target=\"_blank\">\n\t\t\t\t\t<div class=\"elementor-cta__bg-wrapper\">\n\t\t\t\t<div class=\"elementor-cta__bg elementor-bg\" style=\"background-image: url(https:\/\/i0.wp.com\/www.swissarchery.org\/wp-content\/uploads\/2024\/05\/IMG_20161016_135554-scaled.jpg?fit=300%2C224&#038;quality=89&#038;ssl=1);\" role=\"img\" aria-label=\"IMG_20161016_135554\"><\/div>\n\t\t\t\t<div class=\"elementor-cta__bg-overlay\"><\/div>\n\t\t\t<\/div>\n\t\t\t\t\t\t\t<div class=\"elementor-cta__content\">\n\t\t\t\t\n\t\t\t\t\t\t\t\t\t<h2 class=\"elementor-cta__title elementor-cta__content-item elementor-content-item\">\n\t\t\t\t\t\tAngela Hunsperger\t\t\t\t\t<\/h2>\n\t\t\t\t\n\t\t\t\t\t\t\t\t\t<div class=\"elementor-cta__description elementor-cta__content-item elementor-content-item\">\n\t\t\t\t\t\tLeiterin von SwissArchery\t\t\t\t\t<\/div>\n\t\t\t\t\n\t\t\t\t\t\t\t\t\t<div class=\"elementor-cta__button-wrapper elementor-cta__content-item elementor-content-item \">\n\t\t\t\t\t<span class=\"elementor-cta__button elementor-button elementor-size-\">\n\t\t\t\t\t\tKontaktiere uns\t\t\t\t\t<\/span>\n\t\t\t\t\t<\/div>\n\t\t\t\t\t\t\t<\/div>\n\t\t\t\t\t\t<\/a>\n\t\t\t\t\t\t<\/div>\n\t\t\t\t<div class=\"elementor-element elementor-element-493f6a0 elementor-cta--skin-classic elementor-animated-content elementor-bg-transform elementor-bg-transform-zoom-in elementor-widget elementor-widget-call-to-action\" data-id=\"493f6a0\" data-element_type=\"widget\" data-e-type=\"widget\" data-widget_type=\"call-to-action.default\">\n\t\t\t\t\t\t\t<a class=\"elementor-cta\" href=\"https:\/\/www.spv.ch\/de\/sport\/leistungssport\/sportarten\" target=\"_blank\">\n\t\t\t\t\t<div class=\"elementor-cta__bg-wrapper\">\n\t\t\t\t<div class=\"elementor-cta__bg elementor-bg\" style=\"background-image: url(https:\/\/i0.wp.com\/www.swissarchery.org\/wp-content\/uploads\/2024\/06\/FAU6939-scaled.webp?fit=800%2C534&#038;quality=80&#038;ssl=1);\" role=\"img\" aria-label=\"_FAU6939\"><\/div>\n\t\t\t\t<div class=\"elementor-cta__bg-overlay\"><\/div>\n\t\t\t<\/div>\n\t\t\t\t\t\t\t<div class=\"elementor-cta__content\">\n\t\t\t\t\n\t\t\t\t\t\t\t\t\t<h2 class=\"elementor-cta__title elementor-cta__content-item elementor-content-item\">\n\t\t\t\t\t\tSchweizer Paraplegiker-Vereinigung\t\t\t\t\t<\/h2>\n\t\t\t\t\n\t\t\t\t\n\t\t\t\t\t\t\t\t\t<div class=\"elementor-cta__button-wrapper elementor-cta__content-item elementor-content-item \">\n\t\t\t\t\t<span class=\"elementor-cta__button elementor-button elementor-size-\">\n\t\t\t\t\t\tSPV\/ASP\t\t\t\t\t<\/span>\n\t\t\t\t\t<\/div>\n\t\t\t\t\t\t\t<\/div>\n\t\t\t\t\t\t<\/a>\n\t\t\t\t\t\t<\/div>\n\t\t\t\t<div class=\"elementor-element elementor-element-726b3a2 elementor-cta--skin-classic elementor-animated-content elementor-bg-transform elementor-bg-transform-zoom-in elementor-widget elementor-widget-call-to-action\" data-id=\"726b3a2\" data-element_type=\"widget\" data-e-type=\"widget\" data-widget_type=\"call-to-action.default\">\n\t\t\t\t\t\t\t<a class=\"elementor-cta\" href=\"https:\/\/www.swissolympic.ch\/verbaende\/Inklusion\" target=\"_blank\">\n\t\t\t\t\t<div class=\"elementor-cta__bg-wrapper\">\n\t\t\t\t<div class=\"elementor-cta__bg elementor-bg\" style=\"background-image: url(https:\/\/i0.wp.com\/www.swissarchery.org\/wp-content\/uploads\/2024\/05\/IMG_20181116_162825-scaled.jpg?fit=800%2C600&#038;quality=89&#038;ssl=1);\" role=\"img\" aria-label=\"IMG_20181116_162825\"><\/div>\n\t\t\t\t<div class=\"elementor-cta__bg-overlay\"><\/div>\n\t\t\t<\/div>\n\t\t\t\t\t\t\t<div class=\"elementor-cta__content\">\n\t\t\t\t\n\t\t\t\t\t\t\t\t\t<h2 class=\"elementor-cta__title elementor-cta__content-item elementor-content-item\">\n\t\t\t\t\t\tSwissOlympic\t\t\t\t\t<\/h2>\n\t\t\t\t\n\t\t\t\t\t\t\t\t\t<div class=\"elementor-cta__description elementor-cta__content-item elementor-content-item\">\n\t\t\t\t\t\tInklusionsprogramm\t\t\t\t\t<\/div>\n\t\t\t\t\n\t\t\t\t\t\t\t\t\t<div class=\"elementor-cta__button-wrapper elementor-cta__content-item elementor-content-item \">\n\t\t\t\t\t<span class=\"elementor-cta__button elementor-button elementor-size-\">\n\t\t\t\t\t\tSwissOlympic\t\t\t\t\t<\/span>\n\t\t\t\t\t<\/div>\n\t\t\t\t\t\t\t<\/div>\n\t\t\t\t\t\t<\/a>\n\t\t\t\t\t\t<\/div>\n\t\t\t\t\t<\/div>\n\t\t\t\t<\/div>\n\t\t\t\t<\/div>\n\t\t","protected":false},"excerpt":{"rendered":"<p>Eine inklusive Sportart Bogenschiessen ist ein besonders inklusiver Sport, der von einem breiten Spektrum von Menschen unabh\u00e4ngig von Alter, Geschlecht oder k\u00f6rperlichen F\u00e4higkeiten ausge\u00fcbt werden kann. Durch einfache Anpassungen der Ausr\u00fcstung und der Regeln erm\u00f6glicht er Menschen mit Behinderungen, auch Rollstuhlfahrern oder Menschen mit Sehbehinderungen, die volle Teilnahme an der Aus\u00fcbung. Die meisten Vereine verf\u00fcgen [&hellip;]<\/p>\n","protected":false},"author":1,"featured_media":0,"parent":0,"menu_order":0,"comment_status":"closed","ping_status":"closed","template":"","meta":{"footnotes":""},"class_list":["post-70469","page","type-page","status-publish","hentry"],"jetpack_sharing_enabled":true,"_links":{"self":[{"href":"https:\/\/www.swissarchery.org\/de\/wp-json\/wp\/v2\/pages\/70469","targetHints":{"allow":["GET"]}}],"collection":[{"href":"https:\/\/www.swissarchery.org\/de\/wp-json\/wp\/v2\/pages"}],"about":[{"href":"https:\/\/www.swissarchery.org\/de\/wp-json\/wp\/v2\/types\/page"}],"author":[{"embeddable":true,"href":"https:\/\/www.swissarchery.org\/de\/wp-json\/wp\/v2\/users\/1"}],"replies":[{"embeddable":true,"href":"https:\/\/www.swissarchery.org\/de\/wp-json\/wp\/v2\/comments?post=70469"}],"version-history":[{"count":0,"href":"https:\/\/www.swissarchery.org\/de\/wp-json\/wp\/v2\/pages\/70469\/revisions"}],"wp:attachment":[{"href":"https:\/\/www.swissarchery.org\/de\/wp-json\/wp\/v2\/media?parent=70469"}],"curies":[{"name":"wp","href":"https:\/\/api.w.org\/{rel}","templated":true}]}}