{"id":69202,"date":"2025-02-26T10:31:48","date_gmt":"2025-02-26T09:31:48","guid":{"rendered":"https:\/\/www.swissarchery.org\/elementor-69192\/"},"modified":"2025-03-01T11:55:31","modified_gmt":"2025-03-01T10:55:31","slug":"elementor-69192","status":"publish","type":"page","link":"https:\/\/www.swissarchery.org\/de\/elementor-69192\/","title":{"rendered":"Meldeformular"},"content":{"rendered":"\t\t<div data-elementor-type=\"wp-page\" data-elementor-id=\"69202\" class=\"elementor elementor-69202 elementor-69192\" data-elementor-post-type=\"page\">\n\t\t\t\t<div class=\"elementor-element elementor-element-fce0494 e-flex e-con-boxed e-con e-parent\" data-id=\"fce0494\" data-element_type=\"container\" data-e-type=\"container\">\n\t\t\t\t\t<div class=\"e-con-inner\">\n\t\t\t\t<div class=\"elementor-element elementor-element-74ffaea elementor-widget elementor-widget-text-editor\" data-id=\"74ffaea\" data-element_type=\"widget\" data-e-type=\"widget\" data-widget_type=\"text-editor.default\">\n\t\t\t\t\t\t\t\t\t<p><strong>Swiss Sport Integrity<\/strong> ist eine Stiftung, die sich dem Schutz des Schweizer Sports vor Doping und ethischen Verst\u00f6\u00dfen widmet. Sie bietet Informationen, Schulungen, Kontrollen und ein Meldeportal f\u00fcr Athleten, Trainer und Zuschauer. <\/p>\n<p>Das <strong>Meldeformular<\/strong> von Swiss Sport Integrity erm\u00f6glicht es jeder Person, Verst\u00f6\u00dfe oder Missbr\u00e4uche zu melden, auch anonym. Die Unabh\u00e4ngigkeit der Stiftung garantiert eine vertrauliche und rigorose Behandlung der Meldungen. <\/p>\n<p>Zu den gemeldeten Vorf\u00e4llen k\u00f6nnen ethische Verst\u00f6\u00dfe, Missbrauch innerhalb von Sportorganisationen, Verst\u00f6\u00dfe gegen Anti-Doping-Regeln oder Verdachtsmomente in Bezug auf diese Situationen geh\u00f6ren. Wenn du Zeuge oder Opfer eines Vorfalls warst, z\u00f6gere nicht, diesen \u00fcber das Meldeportal von Swiss Sport Integrity zu melden. <\/p>\n\t\t\t\t\t\t\t\t<\/div>\n\t\t\t\t<div class=\"elementor-element elementor-element-c95c8f8 elementor-widget elementor-widget-button\" data-id=\"c95c8f8\" data-element_type=\"widget\" data-e-type=\"widget\" data-widget_type=\"button.default\">\n\t\t\t\t\t\t\t\t\t\t<a class=\"elementor-button elementor-button-link elementor-size-sm\" href=\"https:\/\/www.sportintegrity.ch\/\">\n\t\t\t\t\t\t<span class=\"elementor-button-content-wrapper\">\n\t\t\t\t\t\t<span class=\"elementor-button-icon\">\n\t\t\t\t<svg aria-hidden=\"true\" class=\"e-font-icon-svg e-fas-external-link-alt\" viewBox=\"0 0 512 512\" xmlns=\"http:\/\/www.w3.org\/2000\/svg\"><path d=\"M432,320H400a16,16,0,0,0-16,16V448H64V128H208a16,16,0,0,0,16-16V80a16,16,0,0,0-16-16H48A48,48,0,0,0,0,112V464a48,48,0,0,0,48,48H400a48,48,0,0,0,48-48V336A16,16,0,0,0,432,320ZM488,0h-128c-21.37,0-32.05,25.91-17,41l35.73,35.73L135,320.37a24,24,0,0,0,0,34L157.67,377a24,24,0,0,0,34,0L435.28,133.32,471,169c15,15,41,4.5,41-17V24A24,24,0,0,0,488,0Z\"><\/path><\/svg>\t\t\t<\/span>\n\t\t\t\t\t\t\t\t\t<span class=\"elementor-button-text\">Meldeformular<\/span>\n\t\t\t\t\t<\/span>\n\t\t\t\t\t<\/a>\n\t\t\t\t\t\t\t\t<\/div>\n\t\t\t\t\t<\/div>\n\t\t\t\t<\/div>\n\t\t\t\t<\/div>\n\t\t","protected":false},"excerpt":{"rendered":"<p>Swiss Sport Integrity ist eine Stiftung, die sich dem Schutz des Schweizer Sports vor Doping und ethischen Verst\u00f6\u00dfen widmet. Sie bietet Informationen, Schulungen, Kontrollen und ein Meldeportal f\u00fcr Athleten, Trainer und Zuschauer. Das Meldeformular von Swiss Sport Integrity erm\u00f6glicht es jeder Person, Verst\u00f6\u00dfe oder Missbr\u00e4uche zu melden, auch anonym. Die Unabh\u00e4ngigkeit der Stiftung garantiert eine [&hellip;]<\/p>\n","protected":false},"author":1,"featured_media":0,"parent":0,"menu_order":5,"comment_status":"closed","ping_status":"closed","template":"","meta":{"footnotes":""},"class_list":["post-69202","page","type-page","status-publish","hentry"],"jetpack_sharing_enabled":true,"_links":{"self":[{"href":"https:\/\/www.swissarchery.org\/de\/wp-json\/wp\/v2\/pages\/69202","targetHints":{"allow":["GET"]}}],"collection":[{"href":"https:\/\/www.swissarchery.org\/de\/wp-json\/wp\/v2\/pages"}],"about":[{"href":"https:\/\/www.swissarchery.org\/de\/wp-json\/wp\/v2\/types\/page"}],"author":[{"embeddable":true,"href":"https:\/\/www.swissarchery.org\/de\/wp-json\/wp\/v2\/users\/1"}],"replies":[{"embeddable":true,"href":"https:\/\/www.swissarchery.org\/de\/wp-json\/wp\/v2\/comments?post=69202"}],"version-history":[{"count":0,"href":"https:\/\/www.swissarchery.org\/de\/wp-json\/wp\/v2\/pages\/69202\/revisions"}],"wp:attachment":[{"href":"https:\/\/www.swissarchery.org\/de\/wp-json\/wp\/v2\/media?parent=69202"}],"curies":[{"name":"wp","href":"https:\/\/api.w.org\/{rel}","templated":true}]}}