{"id":67291,"date":"2024-12-07T20:09:20","date_gmt":"2024-12-07T19:09:20","guid":{"rendered":"https:\/\/dev-public.swissarchery.org\/kategorie-shop\/unterstuetzer-und-fans\/"},"modified":"2025-12-12T21:47:22","modified_gmt":"2025-12-12T20:47:22","slug":"unterstuetzer-und-fans","status":"publish","type":"page","link":"https:\/\/www.swissarchery.org\/de\/kategorie-shop\/unterstuetzer-und-fans\/","title":{"rendered":"Unterst\u00fctzer und Fans"},"content":{"rendered":"\t\t<div data-elementor-type=\"wp-page\" data-elementor-id=\"67291\" class=\"elementor elementor-67291 elementor-67284\" data-elementor-post-type=\"page\">\n\t\t\t\t<div class=\"elementor-element elementor-element-7d9ed402 e-flex e-con-boxed e-con e-parent\" data-id=\"7d9ed402\" data-element_type=\"container\" data-e-type=\"container\">\n\t\t\t\t\t<div class=\"e-con-inner\">\n\t\t\t\t<div class=\"elementor-element elementor-element-b8becc8 elementor-widget elementor-widget-heading\" data-id=\"b8becc8\" data-element_type=\"widget\" data-e-type=\"widget\" data-widget_type=\"heading.default\">\n\t\t\t\t\t<h2 class=\"elementor-heading-title elementor-size-default\">Verbandsshop<\/h2>\t\t\t\t<\/div>\n\t\t\t\t\t<\/div>\n\t\t\t\t<\/div>\n\t\t<div class=\"elementor-element elementor-element-db8cfd1 e-flex e-con-boxed e-con e-parent\" data-id=\"db8cfd1\" data-element_type=\"container\" data-e-type=\"container\">\n\t\t\t\t\t<div class=\"e-con-inner\">\n\t\t<div class=\"elementor-element elementor-element-3cdcad4 e-con-full e-flex e-con e-child\" data-id=\"3cdcad4\" data-element_type=\"container\" data-e-type=\"container\">\n\t\t\t\t<div class=\"elementor-element elementor-element-ec02189 elementor-widget__width-initial elementor-widget elementor-widget-text-editor\" data-id=\"ec02189\" data-element_type=\"widget\" data-e-type=\"widget\" data-widget_type=\"text-editor.default\">\n\t\t\t\t\t\t\t\t\t<p>Die Bestellungen werden regelm\u00e4\u00dfig bearbeitet, aber manchmal, um die Preise niedrig zu halten, fassen wir die Bestellungen bei unserem Lieferanten zusammen. Wir danken dir f\u00fcr dein Verst\u00e4ndnis. Wenn du Ideen f\u00fcr Produkte hast, z\u00f6gere nicht, wir sind immer auf der Suche nach neuen Ideen.  <\/p>\t\t\t\t\t\t\t\t<\/div>\n\t\t\t\t<\/div>\n\t\t<div class=\"elementor-element elementor-element-589cd6e e-con-full e-flex e-con e-child\" data-id=\"589cd6e\" data-element_type=\"container\" data-e-type=\"container\">\n\t\t\t\t<\/div>\n\t\t\t\t\t<\/div>\n\t\t\t\t<\/div>\n\t\t<div class=\"elementor-element elementor-element-33c81c4 e-flex e-con-boxed e-con e-parent\" data-id=\"33c81c4\" data-element_type=\"container\" data-e-type=\"container\">\n\t\t\t\t\t<div class=\"e-con-inner\">\n\t\t\t\t<div class=\"elementor-element elementor-element-7408db1 elementor-product-loop-item--align-left elementor-grid-mobile-1 elementor-widget-mobile__width-inherit elementor-widget__width-initial elementor-grid-4 elementor-grid-tablet-3 elementor-products-grid elementor-wc-products elementor-show-pagination-border-yes elementor-widget elementor-widget-woocommerce-products\" data-id=\"7408db1\" data-element_type=\"widget\" data-e-type=\"widget\" data-widget_type=\"woocommerce-products.default\">\n\t\t\t\t<div class=\"elementor-widget-container\">\n\t\t\t\t\t<div class=\"woocommerce columns-4 \"><div class=\"woocommerce-notices-wrapper\"><\/div><ul class=\"products elementor-grid columns-4\">\n<li class=\"product type-product post-65467 status-publish first instock product_cat-fans-de has-post-thumbnail shipping-taxable purchasable product-type-simple\">\n\t<a href=\"https:\/\/www.swissarchery.org\/de\/produit\/aufkleber-swissarchery\/\" class=\"woocommerce-LoopProduct-link woocommerce-loop-product__link\"><img fetchpriority=\"high\" decoding=\"async\" width=\"300\" height=\"300\" src=\"https:\/\/i0.wp.com\/www.swissarchery.org\/wp-content\/uploads\/2024\/05\/20201230_121432-scaled.webp?resize=300%2C300&amp;quality=80&amp;ssl=1\" class=\"attachment-woocommerce_thumbnail size-woocommerce_thumbnail\" alt=\"Aufkleber - SwissArchery\" \/><h2 class=\"woocommerce-loop-product__title\">Aufkleber &#8211; SwissArchery<\/h2>\n\t<span class=\"price\"><span class=\"woocommerce-Price-amount amount\"><bdi>5.00&nbsp;<span class=\"woocommerce-Price-currencySymbol\">&#67;&#72;&#70;<\/span><\/bdi><\/span><\/span>\n<\/a><a href=\"\/de\/wp-json\/wp\/v2\/pages\/67291?add-to-cart=65467\" aria-describedby=\"woocommerce_loop_add_to_cart_link_describedby_65467\" data-quantity=\"1\" class=\"button product_type_simple add_to_cart_button ajax_add_to_cart\" data-product_id=\"65467\" data-product_sku=\"autocollant-swissarchery\" aria-label=\"In den Warenkorb legen: \u201eAufkleber - SwissArchery\u201c\" rel=\"nofollow\" data-success_message=\"\u201eAufkleber - SwissArchery\u201c wurde deinem Warenkorb hinzugef\u00fcgt\">In den Warenkorb<\/a>\t<span id=\"woocommerce_loop_add_to_cart_link_describedby_65467\" class=\"screen-reader-text\">\n\t\t\t<\/span>\n<\/li>\n<li class=\"product type-product post-65458 status-publish instock product_cat-fans-de has-post-thumbnail shipping-taxable purchasable product-type-simple\">\n\t<a href=\"https:\/\/www.swissarchery.org\/de\/produit\/bob-swissarchery\/\" class=\"woocommerce-LoopProduct-link woocommerce-loop-product__link\"><img decoding=\"async\" width=\"300\" height=\"300\" src=\"https:\/\/i0.wp.com\/www.swissarchery.org\/wp-content\/uploads\/2024\/12\/BOB-png.webp?resize=300%2C300&amp;quality=80&amp;ssl=1\" class=\"attachment-woocommerce_thumbnail size-woocommerce_thumbnail\" alt=\"Bob - SwissArchery (Kindergr\u00f6\u00dfen)\" \/><h2 class=\"woocommerce-loop-product__title\">Bob &#8211; SwissArchery (Kindergr\u00f6\u00dfen)<\/h2>\n\t<span class=\"price\"><span class=\"woocommerce-Price-amount amount\"><bdi>35.00&nbsp;<span class=\"woocommerce-Price-currencySymbol\">&#67;&#72;&#70;<\/span><\/bdi><\/span><\/span>\n<\/a><a href=\"\/de\/wp-json\/wp\/v2\/pages\/67291?add-to-cart=65458\" aria-describedby=\"woocommerce_loop_add_to_cart_link_describedby_65458\" data-quantity=\"1\" class=\"button product_type_simple add_to_cart_button ajax_add_to_cart\" data-product_id=\"65458\" data-product_sku=\"bob-swissarchery\" aria-label=\"In den Warenkorb legen: \u201eBob - SwissArchery (Kindergr\u00f6\u00dfen)\u201c\" rel=\"nofollow\" data-success_message=\"\u201eBob - SwissArchery (Kindergr\u00f6\u00dfen)\u201c wurde deinem Warenkorb hinzugef\u00fcgt\">In den Warenkorb<\/a>\t<span id=\"woocommerce_loop_add_to_cart_link_describedby_65458\" class=\"screen-reader-text\">\n\t\t\t<\/span>\n<\/li>\n<li class=\"product type-product post-65456 status-publish instock product_cat-fans-de has-post-thumbnail purchasable product-type-simple\">\n\t<a href=\"https:\/\/www.swissarchery.org\/de\/produit\/kugelschreiber-fuer-fans\/\" class=\"woocommerce-LoopProduct-link woocommerce-loop-product__link\"><img decoding=\"async\" width=\"300\" height=\"300\" src=\"https:\/\/i0.wp.com\/www.swissarchery.org\/wp-content\/uploads\/2024\/05\/20201230_121531-scaled.webp?resize=300%2C300&amp;quality=80&amp;ssl=1\" class=\"attachment-woocommerce_thumbnail size-woocommerce_thumbnail\" alt=\"Kugelschreiber f\u00fcr Fans\" \/><h2 class=\"woocommerce-loop-product__title\">Kugelschreiber f\u00fcr Fans<\/h2>\n\t<span class=\"price\"><span class=\"woocommerce-Price-amount amount\"><bdi>5.00&nbsp;<span class=\"woocommerce-Price-currencySymbol\">&#67;&#72;&#70;<\/span><\/bdi><\/span><\/span>\n<\/a><a href=\"\/de\/wp-json\/wp\/v2\/pages\/67291?add-to-cart=65456\" aria-describedby=\"woocommerce_loop_add_to_cart_link_describedby_65456\" data-quantity=\"1\" class=\"button product_type_simple add_to_cart_button ajax_add_to_cart\" data-product_id=\"65456\" data-product_sku=\"stylo-pour-fans\" aria-label=\"In den Warenkorb legen: \u201eKugelschreiber f\u00fcr Fans\u201c\" rel=\"nofollow\" data-success_message=\"\u201eKugelschreiber f\u00fcr Fans\u201c wurde deinem Warenkorb hinzugef\u00fcgt\">In den Warenkorb<\/a>\t<span id=\"woocommerce_loop_add_to_cart_link_describedby_65456\" class=\"screen-reader-text\">\n\t\t\t<\/span>\n<\/li>\n<li class=\"product type-product post-69748 status-publish last instock product_cat-ausbildung-fuer-mitglieder has-post-thumbnail shipping-taxable purchasable product-type-simple\">\n\t<a href=\"https:\/\/www.swissarchery.org\/de\/produit\/test-schulungen\/\" class=\"woocommerce-LoopProduct-link woocommerce-loop-product__link\"><img loading=\"lazy\" decoding=\"async\" width=\"300\" height=\"300\" src=\"https:\/\/i0.wp.com\/www.swissarchery.org\/wp-content\/uploads\/2024\/06\/DSC01411-scaled.webp?resize=300%2C300&amp;quality=80&amp;ssl=1\" class=\"attachment-woocommerce_thumbnail size-woocommerce_thumbnail\" alt=\"Test - Schulungen\" \/><h2 class=\"woocommerce-loop-product__title\">Test &#8211; Schulungen<\/h2>\n\t<span class=\"price\"><span class=\"woocommerce-Price-amount amount\"><bdi>150.00&nbsp;<span class=\"woocommerce-Price-currencySymbol\">&#67;&#72;&#70;<\/span><\/bdi><\/span><\/span>\n<\/a><a href=\"\/de\/wp-json\/wp\/v2\/pages\/67291?add-to-cart=69748\" aria-describedby=\"woocommerce_loop_add_to_cart_link_describedby_69748\" data-quantity=\"1\" class=\"button product_type_simple add_to_cart_button ajax_add_to_cart\" data-product_id=\"69748\" data-product_sku=\"\" aria-label=\"In den Warenkorb legen: \u201eTest - Schulungen\u201c\" rel=\"nofollow\" data-success_message=\"\u201eTest - Schulungen\u201c wurde deinem Warenkorb hinzugef\u00fcgt\">In den Warenkorb<\/a>\t<span id=\"woocommerce_loop_add_to_cart_link_describedby_69748\" class=\"screen-reader-text\">\n\t\t\t<\/span>\n<\/li>\n<li class=\"product type-product post-69718 status-publish first instock product_cat-fans-de has-post-thumbnail sold-individually shipping-taxable purchasable product-type-simple\">\n\t<a href=\"https:\/\/www.swissarchery.org\/de\/produit\/ausbildungskurs-fuer-mitglieder\/\" class=\"woocommerce-LoopProduct-link woocommerce-loop-product__link\"><img loading=\"lazy\" decoding=\"async\" width=\"225\" height=\"225\" src=\"https:\/\/i0.wp.com\/www.swissarchery.org\/wp-content\/uploads\/2025\/01\/images.webp?resize=225%2C225&amp;quality=80&amp;ssl=1\" class=\"attachment-woocommerce_thumbnail size-woocommerce_thumbnail\" alt=\"Ausbildungskurs f\u00fcr Mitglieder\" srcset=\"https:\/\/i0.wp.com\/www.swissarchery.org\/wp-content\/uploads\/2025\/01\/images.webp?w=225&amp;quality=80&amp;ssl=1 225w, https:\/\/i0.wp.com\/www.swissarchery.org\/wp-content\/uploads\/2025\/01\/images.webp?resize=150%2C150&amp;quality=80&amp;ssl=1 150w, https:\/\/i0.wp.com\/www.swissarchery.org\/wp-content\/uploads\/2025\/01\/images.webp?resize=100%2C100&amp;quality=80&amp;ssl=1 100w\" sizes=\"(max-width: 225px) 100vw, 225px\" \/><h2 class=\"woocommerce-loop-product__title\">Ausbildungskurs f\u00fcr Mitglieder<\/h2>\n\t<span class=\"price\"><span class=\"woocommerce-Price-amount amount\"><bdi>150.00&nbsp;<span class=\"woocommerce-Price-currencySymbol\">&#67;&#72;&#70;<\/span><\/bdi><\/span><\/span>\n<\/a><a href=\"\/de\/wp-json\/wp\/v2\/pages\/67291?add-to-cart=69718\" aria-describedby=\"woocommerce_loop_add_to_cart_link_describedby_69718\" data-quantity=\"1\" class=\"button product_type_simple add_to_cart_button ajax_add_to_cart\" data-product_id=\"69718\" data-product_sku=\"\" aria-label=\"In den Warenkorb legen: \u201eAusbildungskurs f\u00fcr Mitglieder\u201c\" rel=\"nofollow\" data-success_message=\"\u201eAusbildungskurs f\u00fcr Mitglieder\u201c wurde deinem Warenkorb hinzugef\u00fcgt\">In den Warenkorb<\/a>\t<span id=\"woocommerce_loop_add_to_cart_link_describedby_69718\" class=\"screen-reader-text\">\n\t\t\t<\/span>\n<\/li>\n<li class=\"product type-product post-69915 status-publish instock product_cat-formazione-per-i-membri shipping-taxable purchasable product-type-simple\">\n\t<a href=\"https:\/\/www.swissarchery.org\/de\/produit\/ausbildungskurse-js-name\/\" class=\"woocommerce-LoopProduct-link woocommerce-loop-product__link\"><img loading=\"lazy\" decoding=\"async\" width=\"300\" height=\"300\" src=\"https:\/\/i0.wp.com\/www.swissarchery.org\/wp-content\/uploads\/woocommerce-placeholder-png.webp?resize=300%2C300&amp;quality=80&amp;ssl=1\" class=\"woocommerce-placeholder wp-post-image\" alt=\"Platzhalter\" srcset=\"https:\/\/i0.wp.com\/www.swissarchery.org\/wp-content\/uploads\/woocommerce-placeholder-png.webp?w=1200&amp;quality=80&amp;ssl=1 1200w, https:\/\/i0.wp.com\/www.swissarchery.org\/wp-content\/uploads\/woocommerce-placeholder-png.webp?resize=300%2C300&amp;quality=80&amp;ssl=1 300w, https:\/\/i0.wp.com\/www.swissarchery.org\/wp-content\/uploads\/woocommerce-placeholder-png.webp?resize=1024%2C1024&amp;quality=80&amp;ssl=1 1024w, https:\/\/i0.wp.com\/www.swissarchery.org\/wp-content\/uploads\/woocommerce-placeholder-png.webp?resize=150%2C150&amp;quality=80&amp;ssl=1 150w, https:\/\/i0.wp.com\/www.swissarchery.org\/wp-content\/uploads\/woocommerce-placeholder-png.webp?resize=768%2C768&amp;quality=80&amp;ssl=1 768w\" sizes=\"(max-width: 300px) 100vw, 300px\" \/><h2 class=\"woocommerce-loop-product__title\">Ausbildungskurse J+S (Name)<\/h2>\n\t<span class=\"price\"><span class=\"woocommerce-Price-amount amount\"><bdi>150.00&nbsp;<span class=\"woocommerce-Price-currencySymbol\">&#67;&#72;&#70;<\/span><\/bdi><\/span><\/span>\n<\/a><a href=\"\/de\/wp-json\/wp\/v2\/pages\/67291?add-to-cart=69915\" aria-describedby=\"woocommerce_loop_add_to_cart_link_describedby_69915\" data-quantity=\"1\" class=\"button product_type_simple add_to_cart_button ajax_add_to_cart\" data-product_id=\"69915\" data-product_sku=\"\" aria-label=\"In den Warenkorb legen: \u201eAusbildungskurse J+S (Name)\u201c\" rel=\"nofollow\" data-success_message=\"\u201eAusbildungskurse J+S (Name)\u201c wurde deinem Warenkorb hinzugef\u00fcgt\">In den Warenkorb<\/a>\t<span id=\"woocommerce_loop_add_to_cart_link_describedby_69915\" class=\"screen-reader-text\">\n\t\t\t<\/span>\n<\/li>\n<\/ul>\n<\/div>\t\t\t\t<\/div>\n\t\t\t\t<\/div>\n\t\t\t\t\t<\/div>\n\t\t\t\t<\/div>\n\t\t\t\t<\/div>\n\t\t","protected":false},"excerpt":{"rendered":"<p>Verbandsshop Die Bestellungen werden regelm\u00e4\u00dfig bearbeitet, aber manchmal, um die Preise niedrig zu halten, fassen wir die Bestellungen bei unserem Lieferanten zusammen. Wir danken dir f\u00fcr dein Verst\u00e4ndnis. Wenn du Ideen f\u00fcr Produkte hast, z\u00f6gere nicht, wir sind immer auf der Suche nach neuen Ideen.<\/p>\n","protected":false},"author":1,"featured_media":0,"parent":66156,"menu_order":25,"comment_status":"closed","ping_status":"closed","template":"","meta":{"footnotes":""},"class_list":["post-67291","page","type-page","status-publish","hentry"],"jetpack_sharing_enabled":true,"_links":{"self":[{"href":"https:\/\/www.swissarchery.org\/de\/wp-json\/wp\/v2\/pages\/67291","targetHints":{"allow":["GET"]}}],"collection":[{"href":"https:\/\/www.swissarchery.org\/de\/wp-json\/wp\/v2\/pages"}],"about":[{"href":"https:\/\/www.swissarchery.org\/de\/wp-json\/wp\/v2\/types\/page"}],"author":[{"embeddable":true,"href":"https:\/\/www.swissarchery.org\/de\/wp-json\/wp\/v2\/users\/1"}],"replies":[{"embeddable":true,"href":"https:\/\/www.swissarchery.org\/de\/wp-json\/wp\/v2\/comments?post=67291"}],"version-history":[{"count":0,"href":"https:\/\/www.swissarchery.org\/de\/wp-json\/wp\/v2\/pages\/67291\/revisions"}],"up":[{"embeddable":true,"href":"https:\/\/www.swissarchery.org\/de\/wp-json\/wp\/v2\/pages\/66156"}],"wp:attachment":[{"href":"https:\/\/www.swissarchery.org\/de\/wp-json\/wp\/v2\/media?parent=67291"}],"curies":[{"name":"wp","href":"https:\/\/api.w.org\/{rel}","templated":true}]}}