{"id":66363,"date":"2024-06-30T15:57:40","date_gmt":"2024-06-30T13:57:40","guid":{"rendered":"https:\/\/dev-public.swissarchery.org\/praevention-von-sexuellem-missbrauch\/"},"modified":"2024-12-19T20:46:10","modified_gmt":"2024-12-19T19:46:10","slug":"praevention-von-sexuellem-missbrauch","status":"publish","type":"page","link":"https:\/\/www.swissarchery.org\/de\/praevention-von-sexuellem-missbrauch\/","title":{"rendered":"Pr\u00e4vention von sexuellem Missbrauch"},"content":{"rendered":"\t\t<div data-elementor-type=\"wp-page\" data-elementor-id=\"66363\" class=\"elementor elementor-66363 elementor-66354\" data-elementor-post-type=\"page\">\n\t\t\t\t<div class=\"elementor-element elementor-element-f22eeed e-flex e-con-boxed e-con e-parent\" data-id=\"f22eeed\" data-element_type=\"container\" data-e-type=\"container\">\n\t\t\t\t\t<div class=\"e-con-inner\">\n\t\t\t\t<div class=\"elementor-element elementor-element-b6664a9 elementor-widget elementor-widget-text-editor\" data-id=\"b6664a9\" data-element_type=\"widget\" data-e-type=\"widget\" data-widget_type=\"text-editor.default\">\n\t\t\t\t\t\t\t\t\t<h2>Proaktive Pr\u00e4vention ist entscheidend<\/h2>\n<p>Es ist zwingend erforderlich, dass Vereine und Verb\u00e4nde solide Pr\u00e4ventivma\u00dfnahmen gegen sexuellen Missbrauch einf\u00fchren. Dazu geh\u00f6rt auch die Ernennung eines Referenten, der als Vertrauensperson f\u00fcr die Jugendlichen und als Sprecher des Clubs fungiert und klar sagt: &#8220;Wir lehnen jede Form von sexueller Bel\u00e4stigung oder Missbrauch ab&#8221;.<\/p>\n<h2>\u00dcberpr\u00fcfung von Vorstrafen<\/h2>\n<p>Eine wirksame Pr\u00e4vention setzt voraus, dass bei der Einstellung mehr als nur Referenzen gegeben werden. Es wird empfohlen, einen speziellen Auszug aus dem Strafregister anzufordern, um sicherzustellen, dass gegen den Bewerber kein Berufsverbot verh\u00e4ngt wurde. Diese \u00dcberpr\u00fcfung kann ggf. auch auf aktuelle Besch\u00e4ftigte angewendet werden. Swiss Olympic bietet einen Leitfaden zu diesem Thema an.<\/p>\n<p>Auf der Ebene der SwissArchery m\u00fcssen alle Personen, die in Kontakt mit Kindern aktiv sind, einen Strafregisterauszug vorlegen. Es handelt sich um eine konkrete Umsetzung innerhalb des Verbandes, die von Vereinen und Verb\u00e4nden \u00fcbernommen werden kann. Es handelt sich um eine leicht umsetzbare Pr\u00e4ventionsma\u00dfnahme.<\/p>\n<h2>Interventionsprotokoll f\u00fcr Clubs<\/h2>\n<p>Trotz aller Vorsichtsma\u00dfnahmen ist es im Falle eines Missbrauchs entscheidend, dass alle Beteiligten das Verfahren kennen, das auch im Verdachtsfall zu befolgen ist. Das Interventionsprotokoll von Swiss Olympic ist eine n\u00fctzliche Ressource. Der Clubreferent oder externe Experten k\u00f6nnen zus\u00e4tzliche Unterst\u00fctzung bieten.<\/p>\n\t\t\t\t\t\t\t\t<\/div>\n\t\t\t\t\t<\/div>\n\t\t\t\t<\/div>\n\t\t<div class=\"elementor-element elementor-element-10c75af e-flex e-con-boxed e-con e-parent\" data-id=\"10c75af\" data-element_type=\"container\" data-e-type=\"container\">\n\t\t\t\t\t<div class=\"e-con-inner\">\n\t\t\t\t<div class=\"elementor-element elementor-element-47a9a5a elementor-widget elementor-widget-button\" data-id=\"47a9a5a\" data-element_type=\"widget\" data-e-type=\"widget\" data-widget_type=\"button.default\">\n\t\t\t\t\t\t\t\t\t\t<a class=\"elementor-button elementor-button-link elementor-size-sm\" href=\"https:\/\/www.swissolympic.ch\/fr\/federations\/prevention\/contre-les-abus-sexuels\">\n\t\t\t\t\t\t<span class=\"elementor-button-content-wrapper\">\n\t\t\t\t\t\t<span class=\"elementor-button-icon\">\n\t\t\t\t<svg aria-hidden=\"true\" class=\"e-font-icon-svg e-fas-external-link-alt\" viewBox=\"0 0 512 512\" xmlns=\"http:\/\/www.w3.org\/2000\/svg\"><path d=\"M432,320H400a16,16,0,0,0-16,16V448H64V128H208a16,16,0,0,0,16-16V80a16,16,0,0,0-16-16H48A48,48,0,0,0,0,112V464a48,48,0,0,0,48,48H400a48,48,0,0,0,48-48V336A16,16,0,0,0,432,320ZM488,0h-128c-21.37,0-32.05,25.91-17,41l35.73,35.73L135,320.37a24,24,0,0,0,0,34L157.67,377a24,24,0,0,0,34,0L435.28,133.32,471,169c15,15,41,4.5,41-17V24A24,24,0,0,0,488,0Z\"><\/path><\/svg>\t\t\t<\/span>\n\t\t\t\t\t\t\t\t\t<span class=\"elementor-button-text\">Pr\u00e4vention von sexuellem Missbrauch<\/span>\n\t\t\t\t\t<\/span>\n\t\t\t\t\t<\/a>\n\t\t\t\t\t\t\t\t<\/div>\n\t\t\t\t<div class=\"elementor-element elementor-element-3acb9d4 elementor-widget elementor-widget-button\" data-id=\"3acb9d4\" data-element_type=\"widget\" data-e-type=\"widget\" data-widget_type=\"button.default\">\n\t\t\t\t\t\t\t\t\t\t<a class=\"elementor-button elementor-button-link elementor-size-sm\" href=\"https:\/\/www.e-service.admin.ch\/crex\/cms\/content\/strafregister\/sonderprivatauszug_bestellung_fr\">\n\t\t\t\t\t\t<span class=\"elementor-button-content-wrapper\">\n\t\t\t\t\t\t<span class=\"elementor-button-icon\">\n\t\t\t\t<svg aria-hidden=\"true\" class=\"e-font-icon-svg e-fas-external-link-alt\" viewBox=\"0 0 512 512\" xmlns=\"http:\/\/www.w3.org\/2000\/svg\"><path d=\"M432,320H400a16,16,0,0,0-16,16V448H64V128H208a16,16,0,0,0,16-16V80a16,16,0,0,0-16-16H48A48,48,0,0,0,0,112V464a48,48,0,0,0,48,48H400a48,48,0,0,0,48-48V336A16,16,0,0,0,432,320ZM488,0h-128c-21.37,0-32.05,25.91-17,41l35.73,35.73L135,320.37a24,24,0,0,0,0,34L157.67,377a24,24,0,0,0,34,0L435.28,133.32,471,169c15,15,41,4.5,41-17V24A24,24,0,0,0,488,0Z\"><\/path><\/svg>\t\t\t<\/span>\n\t\t\t\t\t\t\t\t\t<span class=\"elementor-button-text\">Bestellung des Sonderstrafregisters<\/span>\n\t\t\t\t\t<\/span>\n\t\t\t\t\t<\/a>\n\t\t\t\t\t\t\t\t<\/div>\n\t\t\t\t\t<\/div>\n\t\t\t\t<\/div>\n\t\t\t\t<\/div>\n\t\t","protected":false},"excerpt":{"rendered":"<p>Proaktive Pr\u00e4vention ist entscheidend Es ist zwingend erforderlich, dass Vereine und Verb\u00e4nde solide Pr\u00e4ventivma\u00dfnahmen gegen sexuellen Missbrauch einf\u00fchren. Dazu geh\u00f6rt auch die Ernennung eines Referenten, der als Vertrauensperson f\u00fcr die Jugendlichen und als Sprecher des Clubs fungiert und klar sagt: &#8220;Wir lehnen jede Form von sexueller Bel\u00e4stigung oder Missbrauch ab&#8221;. \u00dcberpr\u00fcfung von Vorstrafen Eine wirksame [&hellip;]<\/p>\n","protected":false},"author":1,"featured_media":0,"parent":0,"menu_order":55,"comment_status":"closed","ping_status":"closed","template":"","meta":{"footnotes":""},"class_list":["post-66363","page","type-page","status-publish","hentry"],"jetpack_sharing_enabled":true,"_links":{"self":[{"href":"https:\/\/www.swissarchery.org\/de\/wp-json\/wp\/v2\/pages\/66363","targetHints":{"allow":["GET"]}}],"collection":[{"href":"https:\/\/www.swissarchery.org\/de\/wp-json\/wp\/v2\/pages"}],"about":[{"href":"https:\/\/www.swissarchery.org\/de\/wp-json\/wp\/v2\/types\/page"}],"author":[{"embeddable":true,"href":"https:\/\/www.swissarchery.org\/de\/wp-json\/wp\/v2\/users\/1"}],"replies":[{"embeddable":true,"href":"https:\/\/www.swissarchery.org\/de\/wp-json\/wp\/v2\/comments?post=66363"}],"version-history":[{"count":0,"href":"https:\/\/www.swissarchery.org\/de\/wp-json\/wp\/v2\/pages\/66363\/revisions"}],"wp:attachment":[{"href":"https:\/\/www.swissarchery.org\/de\/wp-json\/wp\/v2\/media?parent=66363"}],"curies":[{"name":"wp","href":"https:\/\/api.w.org\/{rel}","templated":true}]}}