{"id":65890,"date":"2017-03-21T14:25:42","date_gmt":"2017-03-21T13:25:42","guid":{"rendered":"https:\/\/dev-public.swissarchery.org\/performance\/auswahl-der-athleten\/"},"modified":"2026-03-24T10:09:12","modified_gmt":"2026-03-24T09:09:12","slug":"auswahl-der-athleten","status":"publish","type":"page","link":"https:\/\/www.swissarchery.org\/de\/auswahl-der-athleten\/","title":{"rendered":"Aufnahme in die Strukturen U13-U21"},"content":{"rendered":"\t\t<div data-elementor-type=\"wp-page\" data-elementor-id=\"65890\" class=\"elementor elementor-65890 elementor-1628\" data-elementor-post-type=\"page\">\n\t\t\t\t<div class=\"elementor-element elementor-element-b748afa e-flex e-con-boxed e-con e-parent\" data-id=\"b748afa\" data-element_type=\"container\" data-e-type=\"container\">\n\t\t\t\t\t<div class=\"e-con-inner\">\n\t\t\t\t<div class=\"elementor-element elementor-element-b7becee elementor-widget elementor-widget-heading\" data-id=\"b7becee\" data-element_type=\"widget\" data-e-type=\"widget\" data-widget_type=\"heading.default\">\n\t\t\t\t\t<h2 class=\"elementor-heading-title elementor-size-default\">System der Auswahlm\u00f6glichkeiten<\/h2>\t\t\t\t<\/div>\n\t\t\t\t\t<\/div>\n\t\t\t\t<\/div>\n\t\t\t\t<section class=\"elementor-section elementor-top-section elementor-element elementor-element-3ad9b46 elementor-section-boxed elementor-section-height-default elementor-section-height-default\" data-id=\"3ad9b46\" data-element_type=\"section\" data-e-type=\"section\">\n\t\t\t\t\t\t<div class=\"elementor-container elementor-column-gap-default\">\n\t\t\t\t\t<div class=\"elementor-column elementor-col-100 elementor-top-column elementor-element elementor-element-6379ccd\" data-id=\"6379ccd\" data-element_type=\"column\" data-e-type=\"column\">\n\t\t\t<div class=\"elementor-widget-wrap elementor-element-populated\">\n\t\t\t\t\t\t<div class=\"elementor-element elementor-element-7789574 elementor-widget elementor-widget-text-editor\" data-id=\"7789574\" data-element_type=\"widget\" data-e-type=\"widget\" data-widget_type=\"text-editor.default\">\n\t\t\t\t\t\t\t\t\t<p>Zur Auswahl der jungen Athletinnen und Athleten f\u00fcr die Nachwuchsf\u00f6rderstrukturen f\u00fchrt SwissArchery einmal pro Jahr die Selektion mittels PISTE durch. Das Ziel ist die umfassende Beurteilung eines Athleten mit Schwerpunkt auf seinem Entwicklungspotenzial und nicht eine Meinung, die nur auf seinen Wettkampfergebnissen beruht. Diese Ergebnisse m\u00fcssen bei der Auswahl ber\u00fccksichtigt werden, aber sie sind nur ein Faktor bei der Beurteilung eines Talents. Die PISTE-Selektion bildet f\u00fcr SwissArchery die Grundlage f\u00fcr die Aufnahme in die F\u00f6rderstrukturen. Die Kriterien werden jedoch f\u00fcr jede Promotionsstufe angepasst.<\/p><h3>Festlegen von Kriterien<\/h3><p>Die F\u00f6deration ist daf\u00fcr zust\u00e4ndig, die Auswahlkriterien festzulegen. Die folgenden Kriterien werden in das Auswahlsystem aufgenommen und in Bezug auf die H\u00f6chstpunktzahl gewichtet:<\/p><ul><li>Leistung im Wettkampf<\/li><li>Leistungstests<\/li><li>Aufbau von Kapazit\u00e4ten<\/li><li>Psychologische Bedingungen<\/li><li>Biografien der Athleten<\/li><li>Kenntnis der Ausr\u00fcstung<\/li><\/ul><div> <\/div><p>Im Bereich der Leistungskontrollen werden bogenschie\u00dfspezifische Tests mit Belastungsproben eingesetzt (z. B. Reproduktion des Schusses, Ausdauer beim Aufbau des Schusses, Wiederholung des Schusses mit Zeitlimit und Aufnahme der Punktzahl). Neben den spezifischen \u00dcbungen f\u00fcr das Bogenschie\u00dfen m\u00fcssen auch allgemeine Leistungstests durchgef\u00fchrt werden. Die genauen Inhalte der Tests findest du in den Auswahlkriterien und Dokumenten.<\/p>\t\t\t\t\t\t\t\t<\/div>\n\t\t\t\t<div class=\"elementor-element elementor-element-39e5df3 elementor-widget elementor-widget-video\" data-id=\"39e5df3\" data-element_type=\"widget\" data-e-type=\"widget\" data-settings=\"{&quot;youtube_url&quot;:&quot;https:\\\/\\\/www.youtube.com\\\/watch?v=kDUGI9XTH98&quot;,&quot;video_type&quot;:&quot;youtube&quot;,&quot;controls&quot;:&quot;yes&quot;}\" data-widget_type=\"video.default\">\n\t\t\t\t\t\t\t<div class=\"elementor-wrapper elementor-open-inline\">\n\t\t\t<div class=\"elementor-video\"><\/div>\t\t<\/div>\n\t\t\t\t\t\t<\/div>\n\t\t\t\t<div class=\"elementor-element elementor-element-d0a3cbe elementor-widget elementor-widget-text-editor\" data-id=\"d0a3cbe\" data-element_type=\"widget\" data-e-type=\"widget\" data-widget_type=\"text-editor.default\">\n\t\t\t\t\t\t\t\t\t<h3>Ziele der Bewertungskriterien<\/h3><p>Das Instrument PISTE basiert auf wissenschaftlichen Grunds\u00e4tzen und folgenden Zielen:<\/p><ul><li>Transparente und qualitativ hochwertige Auswahlkriterien<\/li><li>Standardisiertes Verfahren<\/li><li>Gesamtbewertung des Athleten<\/li><li>Einf\u00fchrung von sport- und bogenspezifischen Leistungstests<\/li><li>Ber\u00fccksichtigung altersbedingter Faktoren bei der Entwicklung<\/li><li>Langfristige Entwicklung des Athleten<\/li><li>Ber\u00fccksichtigung des sozialen Umfelds und der Situation des\/der Athleten\/in<\/li><\/ul>\t\t\t\t\t\t\t\t<\/div>\n\t\t\t\t\t<\/div>\n\t\t<\/div>\n\t\t\t\t\t<\/div>\n\t\t<\/section>\n\t\t<div class=\"elementor-element elementor-element-80467cf e-flex e-con-boxed e-con e-parent\" data-id=\"80467cf\" data-element_type=\"container\" data-e-type=\"container\">\n\t\t\t\t\t<div class=\"e-con-inner\">\n\t\t\t\t<div class=\"elementor-element elementor-element-829d9f2 elementor-widget elementor-widget-heading\" data-id=\"829d9f2\" data-element_type=\"widget\" data-e-type=\"widget\" data-widget_type=\"heading.default\">\n\t\t\t\t\t<h2 class=\"elementor-heading-title elementor-size-default\">Anmeldungen f\u00fcr Auswahlverfahren<\/h2>\t\t\t\t<\/div>\n\t\t\t\t\t<\/div>\n\t\t\t\t<\/div>\n\t\t\t\t<section class=\"elementor-section elementor-top-section elementor-element elementor-element-bfa263b elementor-section-boxed elementor-section-height-default elementor-section-height-default\" data-id=\"bfa263b\" data-element_type=\"section\" data-e-type=\"section\">\n\t\t\t\t\t\t<div class=\"elementor-container elementor-column-gap-wide\">\n\t\t\t\t\t<div class=\"elementor-column elementor-col-50 elementor-top-column elementor-element elementor-element-165283a\" data-id=\"165283a\" data-element_type=\"column\" data-e-type=\"column\">\n\t\t\t<div class=\"elementor-widget-wrap elementor-element-populated\">\n\t\t\t\t\t\t<div class=\"elementor-element elementor-element-33fd30c elementor-widget elementor-widget-text-editor\" data-id=\"33fd30c\" data-element_type=\"widget\" data-e-type=\"widget\" data-widget_type=\"text-editor.default\">\n\t\t\t\t\t\t\t\t\t<p>Athleten, die in die nationalen und regionalen Nachwuchsstrukturen bzw. Leistungszentren aufgenommen werden m\u00f6chten, k\u00f6nnen sich mithilfe des Online-Formulars anmelden. Die Bedingungen sind wie folgt:<\/p><ul><li>Recurve: RU13, RU15, RU18, RU21<\/li><li>Compound: CU15, CU18, CU21<\/li><li>Wettkampflizenz erforderlich<\/li><li>Wettkampferfahrung erforderlich<\/li><li>Erfolgreicher Abschluss des Clean Winner-Trainings (online)<\/li><li>Die PISTE-Tests gem\u00e4\u00df der unten stehenden Dokumentation absolvieren<\/li><\/ul><p><strong>Achtung:<\/strong> Es wird erwartet, dass die Bewerber\/innen die Auswahltests und die Clean Winner-Schulung erfolgreich absolvieren. Die Teilnahme an den Aufnahmetests ist obligatorisch.<\/p><p>Die Bewerber\/innen werden auf der Grundlage der Ergebnisse des PISTE-Aufnahmetests von der Auswahlkommission entsprechend ihrem Niveau und ihrem Potenzial ausgew\u00e4hlt. Es wird eine Bewertung vorgenommen. Je nach Niveau wird der\/die Athlet\/in einem Leistungszentrum zugewiesen.<\/p><p>Das Clean Winner Training muss bis zum 04. Juli absolviert werden. Das Clean Winner Training ist f\u00fcr alle Kandidaten mindestens einmal im Jahr verpflichtend, auch wenn sie das Training bereits im Vorjahr absolviert haben.<\/p><p><strong>Anmeldeschluss: 30. April.<\/strong><\/p><p><strong>Selektions-Tests:<\/strong> gem\u00e4ss Dokumentation und den im untenstehenden Konzept angegebenen Terminen<\/p>\t\t\t\t\t\t\t\t<\/div>\n\t\t\t\t\t<\/div>\n\t\t<\/div>\n\t\t\t\t<div class=\"elementor-column elementor-col-50 elementor-top-column elementor-element elementor-element-a25cf12\" data-id=\"a25cf12\" data-element_type=\"column\" data-e-type=\"column\">\n\t\t\t<div class=\"elementor-widget-wrap elementor-element-populated\">\n\t\t\t\t\t\t<div class=\"elementor-element elementor-element-0599cae elementor-widget elementor-widget-text-editor\" data-id=\"0599cae\" data-element_type=\"widget\" data-e-type=\"widget\" data-widget_type=\"text-editor.default\">\n\t\t\t\t\t\t\t\t\t<table width=\"100%\">\n<tbody>\n<tr>\n<td width=\"132\"><strong>Datum<\/strong><\/td>\n<td width=\"283\"><strong>Veranstaltungsart<\/strong><\/td>\n<td width=\"236\"><strong>Teilnahme f\u00fcr PISTE<\/strong><\/td>\n<\/tr>\n<tr>\n<td width=\"132\">26. April<\/td>\n<td rowspan=\"3\" width=\"283\">Schweizer Nationalturnier (TNS)<\/td>\n<td rowspan=\"3\" width=\"236\">Obligatorische Teilnahme an mindestens 1 von 3 Terminen<\/td>\n<\/tr>\n<tr>\n<td width=\"132\">14. Mai<\/td>\n<\/tr>\n<tr>\n<td width=\"132\">20. Juni<\/td>\n<\/tr>\n<tr>\n<td width=\"132\">Zwischen dem 01. April und dem 04. Juli<\/td>\n<td width=\"283\">Offizielle Wettk\u00e4mpfe in der Schweiz oder anderswo<\/td>\n<td width=\"236\">Mindestens 3 Resultate in offiziellen Wettk\u00e4mpfen<\/td>\n<\/tr>\n<tr>\n<td width=\"132\">Zwischen dem 01. Juni und dem 04. Juli<\/td>\n<td width=\"283\">\n<p>Training der CNP:<\/p>\n<ul>\n<li>Die Riviera am Mittwoch<\/li>\n<li>Basel dienstags<\/li>\n<li>WAEC jeweils freitags<\/li>\n<\/ul>\n<\/td>\n<td width=\"236\">Teilnahme an mindestens einem NKP-Training im Juni<\/td>\n<\/tr>\n<tr>\n<td width=\"132\">29.\u201330. August<\/td>\n<td width=\"283\">Schweizer Meisterschaften<\/td>\n<td width=\"236\">Obligatorische Teilnahme<\/td>\n<\/tr>\n<tr>\n<td width=\"132\">Zwischen dem 01. April und dem 15. August<\/td>\n<td width=\"283\">\u00c4rztliche Untersuchung, die best\u00e4tigt, dass die Bogensch\u00fctzin bzw. der Bogensch\u00fctze in der Lage ist, in ein Leistungszentrum einzutreten<\/td>\n<td width=\"236\">\n<p>Siehe Empfehlungen in den untenstehenden Dokumenten<\/p>\n<\/td>\n<\/tr>\n<\/tbody>\n<\/table>\t\t\t\t\t\t\t\t<\/div>\n\t\t\t\t\t<\/div>\n\t\t<\/div>\n\t\t\t\t\t<\/div>\n\t\t<\/section>\n\t\t<div class=\"elementor-element elementor-element-8c4cc64 e-flex e-con-boxed e-con e-parent\" data-id=\"8c4cc64\" data-element_type=\"container\" data-e-type=\"container\">\n\t\t\t\t\t<div class=\"e-con-inner\">\n\t\t\t\t<div class=\"elementor-element elementor-element-f310d1e elementor-widget elementor-widget-heading\" data-id=\"f310d1e\" data-element_type=\"widget\" data-e-type=\"widget\" data-widget_type=\"heading.default\">\n\t\t\t\t\t<h3 class=\"elementor-heading-title elementor-size-default\">Links zu den Anmeldungen<\/h3>\t\t\t\t<\/div>\n\t\t<div class=\"elementor-element elementor-element-c085467 e-grid e-con-full e-con e-child\" data-id=\"c085467\" data-element_type=\"container\" data-e-type=\"container\">\n\t\t\t\t<div class=\"elementor-element elementor-element-883974d elementor-align-center elementor-widget elementor-widget-button\" data-id=\"883974d\" data-element_type=\"widget\" data-e-type=\"widget\" data-widget_type=\"button.default\">\n\t\t\t\t\t\t\t\t\t\t<a class=\"elementor-button elementor-button-link elementor-size-sm\" href=\"https:\/\/forms.office.com\/e\/sHFhYQEFkX\">\n\t\t\t\t\t\t<span class=\"elementor-button-content-wrapper\">\n\t\t\t\t\t\t\t\t\t<span class=\"elementor-button-text\">Anmeldeformular<\/span>\n\t\t\t\t\t<\/span>\n\t\t\t\t\t<\/a>\n\t\t\t\t\t\t\t\t<\/div>\n\t\t\t\t<div class=\"elementor-element elementor-element-373a8e8 elementor-align-center elementor-widget elementor-widget-button\" data-id=\"373a8e8\" data-element_type=\"widget\" data-e-type=\"widget\" data-widget_type=\"button.default\">\n\t\t\t\t\t\t\t\t\t\t<a class=\"elementor-button elementor-button-link elementor-size-sm\" href=\"https:\/\/ch.cleanwinner.org\/\" target=\"_blank\">\n\t\t\t\t\t\t<span class=\"elementor-button-content-wrapper\">\n\t\t\t\t\t\t\t\t\t<span class=\"elementor-button-text\">Clean Winner\"-Schulung<\/span>\n\t\t\t\t\t<\/span>\n\t\t\t\t\t<\/a>\n\t\t\t\t\t\t\t\t<\/div>\n\t\t\t\t<\/div>\n\t\t\t\t<div class=\"elementor-element elementor-element-9eb8088 elementor-widget elementor-widget-heading\" data-id=\"9eb8088\" data-element_type=\"widget\" data-e-type=\"widget\" data-widget_type=\"heading.default\">\n\t\t\t\t\t<h2 class=\"elementor-heading-title elementor-size-default\">Dokumente f\u00fcr Athleten\/innen und Trainer\/innen<\/h2>\t\t\t\t<\/div>\n\t\t\t\t<div class=\"elementor-element elementor-element-7edeb69 elementor-widget elementor-widget-shortcode\" data-id=\"7edeb69\" data-element_type=\"widget\" data-e-type=\"widget\" data-widget_type=\"shortcode.default\">\n\t\t\t\t\t\t\t<div class=\"elementor-shortcode\"><div id='wpcp-0f9a687f6a5c4b11c53d1bdab3116198' class='wpcp-container'><div id='ShareoneDrive' class=' files  wpcp-has-scroll-to-top' data-module-id='wpcp-0f9a687f6a5c4b11c53d1bdab3116198' style='display:none'><noscript><div class='ShareoneDrive-nojsmessage'>Um diesen Inhalt anzuzeigen, m\u00fcssen Sie JavaScript in Ihrem Browser aktiviert haben.<br\/><a href='http:\/\/www.enable-javascript.com\/' target='_blank'>Gehen Sie dazu bitte wie folgt vor<\/a>.<\/div><\/noscript><div class='wpcp-module ShareoneDrive files jsdisabled wpcp-list-view'  id='ShareoneDrive-0f9a687f6a5c4b11c53d1bdab3116198' data-token='0f9a687f6a5c4b11c53d1bdab3116198' data-account-id='eb036ce6-8ab6-4456-80cc-a2d46a605ec8' data-drive-id='b!anKiNpGTFUu6SX3Fgw5G5p-9THpEB89CloEgfseXQsrp7FNP6ATPSJt3Xb-8u2bg' data-id='' data-org-id='' data-path='bnVsbA==' data-org-path='bnVsbA==' data-source='3c0a00403dd1f71c36ec82f67da96219' data-sort='name:asc' data-list='files' data-query='' data-lightboxnav='1' data-lightboxthumbs='1' data-layout='list' data-action='0'  ><div class=\"wpcp-browser-container wpcp-browser-tree--init wpcp-no-tree wpcp-browser--init\" style=\"width:100%;max-width:100%;\">\r\n    <div class=\"wpcp-browser-container-tree\" data-show-tree='0'>\r\n        <div class=\"wpcp-container-overlay\"><\/div>\r\n        <div class=\"nav-header\">\r\n            <a class=\"nav-tree-toggle entry-info-button\" tabindex=\"0\" title=\"Ordnerstruktur anzeigen\">\r\n                <i class=\"eva eva-arrowhead-left-outline\"><\/i>\r\n            <\/a>\r\n        <\/div>\r\n        <div class=\"wpcp-browser-tree\"><\/div>\r\n    <\/div>\r\n    <div class=\"wpcp-browser-container-content\">\r\n                <div class=\"nav-header nav-header-has-breadcrumb\">            <a class=\"nav-tree-toggle entry-info-button\" tabindex=\"0\" title=\"Ordnerstruktur anzeigen\">\r\n                <i class=\"eva eva-arrowhead-left-outline\"><\/i>\r\n            <\/a>\r\n            <a class=\"nav-home entry-info-button\" title=\"Gehen Sie zur\u00fcck zum Startordner\" tabindex=\"0\">\r\n                <i class=\"eva eva-home-outline\"><\/i>\r\n            <\/a>\r\n            <div class=\"nav-title\">Laden...<\/div>\r\n                        <a class=\"nav-search entry-info-button\" tabindex=\"0\">\r\n                <i class=\"eva eva-search\"><\/i>\r\n            <\/a>\r\n\r\n            <div class=\"tippy-content-holder search-wrapper\">\r\n                <a class=\"search-icon search-submit\" href=\"javascript:;\"><i class=\"eva eva-search\"><\/i><\/a>\r\n                <input class=\"search-input\" name=\"q\" type=\"search\" autocomplete=\"off\" size=\"40\" aria-label=\"Suche\" placeholder=\"Suche nach Dateien und Inhalt\" \/>\r\n                <a class=\"search-remove\" href=\"javascript:;\" title=\"Zur\u00fccksetzen\"><i class=\"eva eva-close\"><\/i><\/a>\r\n            <\/div>\r\n            \r\n\r\n            <a class=\"nav-sort entry-info-button\" title=\"Sortieren\">\r\n                <i class=\"eva eva-options\"><\/i>\r\n            <\/a>\r\n            <div class=\"tippy-content-holder sort-div\">\r\n                <ul class='nav-sorting-list'>\r\n                    <li><a class=\"nav-sorting-field nav-name sort-selected\" data-field=\"name\" title=\"Name\">\r\n                            Name                        <\/a>\r\n                    <\/li>\r\n                    <li><a class=\"nav-sorting-field nav-size \" data-field=\"size\" title=\"Gr\u00f6\u00dfe\">\r\n                            Gr\u00f6\u00dfe                        <\/a>\r\n                    <\/li>\r\n                    <li><a class=\"nav-sorting-field nav-modified \" data-field=\"modified\" title=\"\u00c4nderungsdatum\">\r\n                            \u00c4nderungsdatum                        <\/a>\r\n                    <\/li>\r\n                    <li><a class=\"nav-sorting-field nav-datetaken \" data-field=\"datetaken\" title=\"Erstellungsdatum\">\r\n                            Erstellungsdatum                        <\/a>\r\n                    <\/li>\r\n                    <li class=\"list-separator\">&nbsp;<\/li>\r\n                    <li><a class=\"nav-sorting-order nav-asc sort-selected\" data-order=\"asc\" title=\"Aufsteigend\">\r\n                            Aufsteigend                        <\/a>\r\n                    <\/li>\r\n                    <li><a class=\"nav-sorting-order nav-desc \" data-order=\"desc\" title=\"Absteigend\">\r\n                            Absteigend                        <\/a>\r\n                    <\/li>\r\n                <\/ul>\r\n            <\/div>\r\n\r\n            <a class=\"nav-gear entry-info-button\" title=\"Weitere Aktionen\">\r\n                <i class=\"eva eva-more-vertical-outline\"><\/i>\r\n            <\/a>\r\n            <div class=\"tippy-content-holder gear-div\" data-token=\"0f9a687f6a5c4b11c53d1bdab3116198\">\r\n                <ul data-id=\"0f9a687f6a5c4b11c53d1bdab3116198\">\r\n\r\n                                        <li style=\"display: none\"><a class=\"nav-layout nav-layout-grid\" title=\"Miniaturansicht\">\r\n                            <i class=\"eva eva-grid-outline eva-lg\"><\/i>Miniaturansicht                        <\/a>\r\n                    <\/li>\r\n                    <li><a class=\"nav-layout nav-layout-list\" title=\"Listenansicht\">\r\n                            <i class=\"eva eva-list-outline eva-lg\"><\/i>Listenansicht                        <\/a>\r\n                    <\/li>\r\n                                        <li class='gear-menu-no-options' style=\"display: none\"><a><i class='eva eva-info-outline eva-lg'><\/i>Keine Optionen...<\/a><\/li>\r\n                <\/ul>\r\n            <\/div>\r\n                        <a class=\"nav-refresh entry-info-button\" title=\"Neu laden\">\r\n                <i class=\"eva eva-sync\"><\/i>\r\n            <\/a>\r\n                    <\/div>        <div class=\"wpcp-container-content\">\r\n            <div class=\"loading initialize\">                <svg class=\"loader-spinner\" viewBox=\"25 25 50 50\">\r\n                    <circle class=\"path\" cx=\"50\" cy=\"50\" r=\"20\" fill=\"none\" stroke-width=\"3\" stroke-miterlimit=\"10\"><\/circle>\r\n                <\/svg>\r\n                            <\/div>\r\n            <div class=\"ajax-filelist\" style=\"\">\r\n                <div class='files'>\r\n                    <div class=\"folders-container\"><div class=\"entry folder skeleton-entry\">\r\n    <div class=\"entry_block\">\r\n                <div class=\"entry-info\">\r\n            <div class=\"entry-info-icon skeleton skeleton-icon\"><\/div>\r\n            <div class=\"entry-info-name\"><span class=\"skeleton skeleton-text\"><\/span><\/div>\r\n                    <\/div>\r\n    <\/div>\r\n<\/div>\r\n<div class=\"entry folder skeleton-entry\">\r\n    <div class=\"entry_block\">\r\n                <div class=\"entry-info\">\r\n            <div class=\"entry-info-icon skeleton skeleton-icon\"><\/div>\r\n            <div class=\"entry-info-name\"><span class=\"skeleton skeleton-text\"><\/span><\/div>\r\n                    <\/div>\r\n    <\/div>\r\n<\/div>\r\n<div class=\"entry folder skeleton-entry\">\r\n    <div class=\"entry_block\">\r\n                <div class=\"entry-info\">\r\n            <div class=\"entry-info-icon skeleton skeleton-icon\"><\/div>\r\n            <div class=\"entry-info-name\"><span class=\"skeleton skeleton-text\"><\/span><\/div>\r\n                    <\/div>\r\n    <\/div>\r\n<\/div>\r\n<\/div>\r\n                    <div class=\"files-container\"><div class=\"entry file skeleton-entry\">\r\n    <div class=\"entry_block\">\r\n         <div class=\"entry_thumbnail skeleton skeleton-img\"><\/div>        <div class=\"entry-info\">\r\n            <div class=\"entry-info-icon skeleton skeleton-icon\"><\/div>\r\n            <div class=\"entry-info-name\"><span class=\"skeleton skeleton-text\"><\/span><\/div>\r\n                        <div class=\"entry-info-modified-date skeleton skeleton-text-small\"><\/div>\r\n            <div class=\"entry-info-size skeleton skeleton-text-small\"><\/div>\r\n                    <\/div>\r\n    <\/div>\r\n<\/div>\r\n<div class=\"entry file skeleton-entry\">\r\n    <div class=\"entry_block\">\r\n         <div class=\"entry_thumbnail skeleton skeleton-img\"><\/div>        <div class=\"entry-info\">\r\n            <div class=\"entry-info-icon skeleton skeleton-icon\"><\/div>\r\n            <div class=\"entry-info-name\"><span class=\"skeleton skeleton-text\"><\/span><\/div>\r\n                        <div class=\"entry-info-modified-date skeleton skeleton-text-small\"><\/div>\r\n            <div class=\"entry-info-size skeleton skeleton-text-small\"><\/div>\r\n                    <\/div>\r\n    <\/div>\r\n<\/div>\r\n<div class=\"entry file skeleton-entry\">\r\n    <div class=\"entry_block\">\r\n         <div class=\"entry_thumbnail skeleton skeleton-img\"><\/div>        <div class=\"entry-info\">\r\n            <div class=\"entry-info-icon skeleton skeleton-icon\"><\/div>\r\n            <div class=\"entry-info-name\"><span class=\"skeleton skeleton-text\"><\/span><\/div>\r\n                        <div class=\"entry-info-modified-date skeleton skeleton-text-small\"><\/div>\r\n            <div class=\"entry-info-size skeleton skeleton-text-small\"><\/div>\r\n                    <\/div>\r\n    <\/div>\r\n<\/div>\r\n<div class=\"entry file skeleton-entry\">\r\n    <div class=\"entry_block\">\r\n         <div class=\"entry_thumbnail skeleton skeleton-img\"><\/div>        <div class=\"entry-info\">\r\n            <div class=\"entry-info-icon skeleton skeleton-icon\"><\/div>\r\n            <div class=\"entry-info-name\"><span class=\"skeleton skeleton-text\"><\/span><\/div>\r\n                        <div class=\"entry-info-modified-date skeleton skeleton-text-small\"><\/div>\r\n            <div class=\"entry-info-size skeleton skeleton-text-small\"><\/div>\r\n                    <\/div>\r\n    <\/div>\r\n<\/div>\r\n<div class=\"entry file skeleton-entry\">\r\n    <div class=\"entry_block\">\r\n         <div class=\"entry_thumbnail skeleton skeleton-img\"><\/div>        <div class=\"entry-info\">\r\n            <div class=\"entry-info-icon skeleton skeleton-icon\"><\/div>\r\n            <div class=\"entry-info-name\"><span class=\"skeleton skeleton-text\"><\/span><\/div>\r\n                        <div class=\"entry-info-modified-date skeleton skeleton-text-small\"><\/div>\r\n            <div class=\"entry-info-size skeleton skeleton-text-small\"><\/div>\r\n                    <\/div>\r\n    <\/div>\r\n<\/div>\r\n<\/div>\r\n                <\/div>\r\n            <\/div>\r\n            <div class=\"scroll-to-top\">\r\n                <button class=\"scroll-to-top-action button button-round-icon secondary button-round-icon-lg button-shadow-3\" type=\"button\" title=\"Nach oben scrollen\" aria-expanded=\"false\"><i class=\"eva eva-arrow-upward-outline eva-2x\"><\/i><\/button>\r\n                            <\/div>\r\n            <div class=\"wpcp-browser-container-info\">\r\n                <div class=\"wpcp-container-overlay\"><\/div>\r\n                <div class=\"wpcp-info-content\">\r\n                    <div class=\"wpcp-info-close entry-info-button\">\r\n                        <i class=\"eva eva-close eva-lg\" aria-hidden=\"true\"><\/i>\r\n                    <\/div>\r\n                    <div class=\"wpcp-info-thumbnail\"><\/div>\r\n                    <div class=\"wpcp-info-list\"><\/div>\r\n                <\/div>\r\n            <\/div>\r\n        <\/div>\r\n    <\/div>\r\n<\/div><\/div><\/div><div class='wpcp-module-script'><script data-jetpack-boost=\"ignore\" data-jetpack-boost=\"ignore\" data-jetpack-boost=\"ignore\" type='text\/javascript'>if (typeof(jQuery) !== 'undefined' && typeof(jQuery.cp) !== 'undefined' && typeof(jQuery.cp.ShareoneDrive) === 'function') { jQuery('#ShareoneDrive-0f9a687f6a5c4b11c53d1bdab3116198').ShareoneDrive(ShareoneDrive_vars); };<\/script><\/div><\/div><\/div>\n\t\t\t\t\t\t<\/div>\n\t\t\t\t\t<\/div>\n\t\t\t\t<\/div>\n\t\t\t\t<\/div>\n\t\t","protected":false},"excerpt":{"rendered":"<p>System der Auswahlm\u00f6glichkeiten Zur Auswahl der jungen Athletinnen und Athleten f\u00fcr die Nachwuchsf\u00f6rderstrukturen f\u00fchrt SwissArchery einmal pro Jahr die Selektion mittels PISTE durch. Das Ziel ist die umfassende Beurteilung eines Athleten mit Schwerpunkt auf seinem Entwicklungspotenzial und nicht eine Meinung, die nur auf seinen Wettkampfergebnissen beruht. Diese Ergebnisse m\u00fcssen bei der Auswahl ber\u00fccksichtigt werden, aber [&hellip;]<\/p>\n","protected":false},"author":1,"featured_media":0,"parent":0,"menu_order":216,"comment_status":"closed","ping_status":"closed","template":"","meta":{"footnotes":""},"class_list":["post-65890","page","type-page","status-publish","hentry"],"jetpack_sharing_enabled":true,"_links":{"self":[{"href":"https:\/\/www.swissarchery.org\/de\/wp-json\/wp\/v2\/pages\/65890","targetHints":{"allow":["GET"]}}],"collection":[{"href":"https:\/\/www.swissarchery.org\/de\/wp-json\/wp\/v2\/pages"}],"about":[{"href":"https:\/\/www.swissarchery.org\/de\/wp-json\/wp\/v2\/types\/page"}],"author":[{"embeddable":true,"href":"https:\/\/www.swissarchery.org\/de\/wp-json\/wp\/v2\/users\/1"}],"replies":[{"embeddable":true,"href":"https:\/\/www.swissarchery.org\/de\/wp-json\/wp\/v2\/comments?post=65890"}],"version-history":[{"count":0,"href":"https:\/\/www.swissarchery.org\/de\/wp-json\/wp\/v2\/pages\/65890\/revisions"}],"wp:attachment":[{"href":"https:\/\/www.swissarchery.org\/de\/wp-json\/wp\/v2\/media?parent=65890"}],"curies":[{"name":"wp","href":"https:\/\/api.w.org\/{rel}","templated":true}]}}