{"id":65859,"date":"2018-05-27T16:30:45","date_gmt":"2018-05-27T14:30:45","guid":{"rendered":"https:\/\/dev-public.swissarchery.org\/homepage-2\/datenschutzrichtlinie\/"},"modified":"2025-07-27T11:26:09","modified_gmt":"2025-07-27T09:26:09","slug":"datenschutzrichtlinie","status":"publish","type":"page","link":"https:\/\/www.swissarchery.org\/de\/datenschutzrichtlinie\/","title":{"rendered":"Datenschutzrichtlinie"},"content":{"rendered":"\t\t<div data-elementor-type=\"wp-page\" data-elementor-id=\"65859\" class=\"elementor elementor-65859 elementor-4931\" data-elementor-post-type=\"page\">\n\t\t\t\t<div class=\"elementor-element elementor-element-762693f5 e-flex e-con-boxed e-con e-parent\" data-id=\"762693f5\" data-element_type=\"container\" data-e-type=\"container\">\n\t\t\t\t\t<div class=\"e-con-inner\">\n\t\t\t\t<div class=\"elementor-element elementor-element-35cc8ee9 elementor-widget elementor-widget-text-editor\" data-id=\"35cc8ee9\" data-element_type=\"widget\" data-e-type=\"widget\" data-widget_type=\"text-editor.default\">\n\t\t\t\t\t\t\t\t\t<div class=\"prose text-lg prose-invert max-w-none notranslate\"><h2 class=\"whitespace-pre-wrap break-words\"><strong>Wer sind wir?<\/strong><\/h2><p class=\"whitespace-pre-wrap break-words\">Die SwissArchery Association mit Sitz in der Avenue de la Gare 28, 1920 Martigny, verpflichtet sich, die Privatsph\u00e4re ihrer Nutzer zu sch\u00fctzen. Die Adresse unserer Website ist: https: <a href=\"https:\/\/www.swissarchery.org\/de\/\" target=\"_blank\" rel=\"noopener\">\/\/www.swissarchery.org<\/a>.<\/p><h2 class=\"whitespace-pre-wrap break-words\"><strong>Verwendung der gesammelten pers\u00f6nlichen Daten<\/strong><\/h2><p class=\"whitespace-pre-wrap break-words\"><strong>Kommentare<\/strong><br>Wenn du einen Kommentar auf unserer Seite hinterl\u00e4sst, sammeln wir die Daten, die du in das Formular eintr\u00e4gst, sowie deine IP-Adresse und den User-Agent deines Browsers. Dies hilft uns, unerw\u00fcnschte Kommentare zu erkennen. Eine anonymisierte Zeichenfolge, die aus deiner E-Mail-Adresse (Hash) erstellt wird, kann an den Gravatar-Dienst gesendet werden, um deine Nutzung dieses Dienstes zu \u00fcberpr\u00fcfen. Die Datenschutzbestimmungen von Gravatar findest du hier: https: <a href=\"https:\/\/automattic.com\/privacy\/\" target=\"_blank\" rel=\"noopener\">\/\/automattic.com\/privacy\/<\/a>. Nachdem du deinen Kommentar freigeschaltet hast, wird dein Profilbild neben dem Kommentar \u00f6ffentlich sichtbar sein.    <\/p><p class=\"whitespace-pre-wrap break-words\"><strong>Medien<\/strong><br>Wenn du ein registrierter Nutzer bist und Bilder auf die Seite hochl\u00e4dst, empfehlen wir dir, keine Bilder hochzuladen, die EXIF-Daten von GPS-Koordinaten enthalten, da Besucher\/innen aus diesen Bildern Standortdaten extrahieren k\u00f6nnen.<\/p><p class=\"whitespace-pre-wrap break-words\"><strong>Kontaktformulare<\/strong><br>Wir sammeln die Informationen, die du in den Kontaktformularen angibst, um deine Anfragen zu beantworten und unsere Dienstleistungen zu verbessern.<\/p><p class=\"whitespace-pre-wrap break-words\"><strong>Cookies<\/strong><br>Wenn du einen Kommentar abgibst, hast du die M\u00f6glichkeit, deinen Namen, deine E-Mail-Adresse und deine Website zu deinem Komfort in Cookies zu speichern. Diese Cookies laufen nach einem Jahr ab. Wenn du dich auf unserer Seite einloggst, wird ein tempor\u00e4res Cookie erstellt, um festzustellen, ob dein Browser Cookies akzeptiert. Sie enth\u00e4lt keine pers\u00f6nlichen Daten und wird automatisch gel\u00f6scht, wenn du deinen Browser schlie\u00dft. Wenn du dich anmeldest, werden mehrere Cookies gesetzt, die deine Anmeldeinformationen und deine Bildschirmeinstellungen speichern. Die Lebensdauer eines Anmelde-Cookies betr\u00e4gt zwei Tage, die eines Cookies f\u00fcr die Bildschirmeinstellungen ein Jahr. Wenn du &#8220;An mich erinnern&#8221; ausw\u00e4hlst, wird dein Anmelde-Cookie zwei Wochen lang gespeichert. Wenn du dich ausloggst, wird das Anmelde-Cookie gel\u00f6scht.   <\/p><p class=\"whitespace-pre-wrap break-words\"><strong>Eingebettete Inhalte von anderen Websites<\/strong><br>Die Artikel auf unserer Website k\u00f6nnen eingebettete Inhalte (Videos, Bilder, Artikel usw.) enthalten. Diese Inhalte verhalten sich so, als w\u00fcrdest du diese anderen Seiten besuchen, die m\u00f6glicherweise Daten \u00fcber dich sammeln, Cookies verwenden und deine Interaktionen mit diesen eingebetteten Inhalten verfolgen. <\/p><p class=\"whitespace-pre-wrap break-words\"><strong>Statistiken und Publikumsmessungen<\/strong><br>Wir k\u00f6nnen statistische Daten sammeln, um unsere Website und unsere Dienstleistungen zu verbessern.<\/p><p class=\"whitespace-pre-wrap break-words\"><strong>Nutzung und Weitergabe deiner pers\u00f6nlichen Daten<\/strong><br>Wir verkaufen oder vermieten deine pers\u00f6nlichen Daten nicht an Dritte. Deine Daten k\u00f6nnen verwendet werden, um unsere Website und unsere Dienstleistungen zu verbessern und um auf deine Anfragen zu reagieren. <\/p><p class=\"whitespace-pre-wrap break-words\"><strong>Speicherfristen f\u00fcr deine Daten<\/strong><br>Kommentare und ihre Metadaten werden auf unbestimmte Zeit gespeichert, um die Moderation zu erleichtern. F\u00fcr registrierte Nutzer speichern wir die pers\u00f6nlichen Daten, die in ihrem Profil angegeben sind. Du kannst deine pers\u00f6nlichen Daten jederzeit einsehen, \u00e4ndern oder l\u00f6schen, mit Ausnahme deines Benutzernamens.  <\/p><p class=\"whitespace-pre-wrap break-words\"><strong>Deine Rechte in Bezug auf deine Daten<\/strong><br>Du <strong>hast<\/strong> das Recht, eine Datei mit allen pers\u00f6nlichen Daten, die wir \u00fcber dich haben, anzufordern und die L\u00f6schung deiner pers\u00f6nlichen Daten zu verlangen. Dies schlie\u00dft nicht die Daten ein, die f\u00fcr administrative, rechtliche oder Sicherheitszwecke gespeichert werden. <\/p><p class=\"whitespace-pre-wrap break-words\"><strong>Weitergabe deiner pers\u00f6nlichen Daten<\/strong><br>Die Kommentare der Besucher\/innen k\u00f6nnen mithilfe eines automatisierten Dienstes zur Erkennung unerw\u00fcnschter Kommentare \u00fcberpr\u00fcft werden.<\/p><p class=\"whitespace-pre-wrap break-words\"><strong>Kontaktinformationen<\/strong><br>Wenn du Fragen zu dieser Datenschutzrichtlinie hast, kannst du uns \u00fcber unsere Website kontaktieren.<\/p><h2 class=\"whitespace-pre-wrap break-words\"><strong>Zus\u00e4tzliche Informationen<\/strong><\/h2><p class=\"whitespace-pre-wrap break-words\"><strong>Wie wir deine Daten sch\u00fctzen<\/strong><br>Wir setzen angemessene Sicherheitsma\u00dfnahmen ein, um deine pers\u00f6nlichen Daten vor unbefugtem Zugriff oder Offenlegung zu sch\u00fctzen.<\/p><p class=\"whitespace-pre-wrap break-words\"><strong>Umgesetzte Verfahren bei Datenlecks<\/strong><br>F\u00fcr den Fall eines Datenlecks haben wir Verfahren eingerichtet, um die betroffenen Nutzer\/innen und die zust\u00e4ndigen Beh\u00f6rden zu benachrichtigen, falls dies erforderlich ist.<\/p><p class=\"whitespace-pre-wrap break-words\"><strong>Drittanbieterdienste, die uns Daten \u00fcbermitteln<\/strong><br>Wir k\u00f6nnen mit Drittanbieterdiensten zusammenarbeiten, die Daten \u00fcber dich sammeln k\u00f6nnen. Wir verpflichten uns, deine Daten zu sch\u00fctzen und alle geltenden Vorschriften einzuhalten. <\/p><p class=\"whitespace-pre-wrap break-words\"><strong>Automatisiertes Marketing und\/oder Profiling mithilfe personenbezogener Daten<\/strong><br>Ohne deine ausdr\u00fcckliche Zustimmung f\u00fchren wir kein automatisiertes Marketing oder Profiling durch.<\/p><p class=\"whitespace-pre-wrap break-words\"><strong>Anzeige von Informationen zu Sektoren, die besonderen Vorschriften unterliegen<\/strong><br>Wir halten uns an alle geltenden Datenschutzvorschriften.<\/p><p class=\"whitespace-pre-wrap break-words\">Diese Datenschutzrichtlinie kann regelm\u00e4\u00dfig aktualisiert werden. Wir empfehlen dir, sie h\u00e4ufig zu lesen, um \u00fcber \u00c4nderungen informiert zu sein. <\/p><\/div>\t\t\t\t\t\t\t\t<\/div>\n\t\t\t\t\t<\/div>\n\t\t\t\t<\/div>\n\t\t\t\t<\/div>\n\t\t","protected":false},"excerpt":{"rendered":"<p>Wer sind wir? Die SwissArchery Association mit Sitz in der Avenue de la Gare 28, 1920 Martigny, verpflichtet sich, die Privatsph\u00e4re ihrer Nutzer zu sch\u00fctzen. Die Adresse unserer Website ist: https: \/\/www.swissarchery.org. Verwendung der gesammelten pers\u00f6nlichen Daten KommentareWenn du einen Kommentar auf unserer Seite hinterl\u00e4sst, sammeln wir die Daten, die du in das Formular eintr\u00e4gst, [&hellip;]<\/p>\n","protected":false},"author":1,"featured_media":0,"parent":0,"menu_order":140,"comment_status":"closed","ping_status":"closed","template":"","meta":{"footnotes":""},"class_list":["post-65859","page","type-page","status-publish","hentry"],"jetpack_sharing_enabled":true,"_links":{"self":[{"href":"https:\/\/www.swissarchery.org\/de\/wp-json\/wp\/v2\/pages\/65859","targetHints":{"allow":["GET"]}}],"collection":[{"href":"https:\/\/www.swissarchery.org\/de\/wp-json\/wp\/v2\/pages"}],"about":[{"href":"https:\/\/www.swissarchery.org\/de\/wp-json\/wp\/v2\/types\/page"}],"author":[{"embeddable":true,"href":"https:\/\/www.swissarchery.org\/de\/wp-json\/wp\/v2\/users\/1"}],"replies":[{"embeddable":true,"href":"https:\/\/www.swissarchery.org\/de\/wp-json\/wp\/v2\/comments?post=65859"}],"version-history":[{"count":0,"href":"https:\/\/www.swissarchery.org\/de\/wp-json\/wp\/v2\/pages\/65859\/revisions"}],"wp:attachment":[{"href":"https:\/\/www.swissarchery.org\/de\/wp-json\/wp\/v2\/media?parent=65859"}],"curies":[{"name":"wp","href":"https:\/\/api.w.org\/{rel}","templated":true}]}}