{"id":65844,"date":"2020-03-28T13:02:43","date_gmt":"2020-03-28T12:02:43","guid":{"rendered":"https:\/\/dev-public.swissarchery.org\/mitglieder\/wie-man-mitglied-wird\/"},"modified":"2024-12-19T20:48:04","modified_gmt":"2024-12-19T19:48:04","slug":"wie-man-mitglied-wird","status":"publish","type":"page","link":"https:\/\/www.swissarchery.org\/de\/wie-man-mitglied-wird\/","title":{"rendered":"Mitgliedschaft in der F\u00f6deration"},"content":{"rendered":"\t\t<div data-elementor-type=\"wp-page\" data-elementor-id=\"65844\" class=\"elementor elementor-65844 elementor-56004\" data-elementor-post-type=\"page\">\n\t\t\t\t\t\t<section class=\"elementor-section elementor-top-section elementor-element elementor-element-d200251 elementor-section-boxed elementor-section-height-default elementor-section-height-default\" data-id=\"d200251\" data-element_type=\"section\" data-e-type=\"section\">\n\t\t\t\t\t\t<div class=\"elementor-container elementor-column-gap-default\">\n\t\t\t\t\t<div class=\"elementor-column elementor-col-100 elementor-top-column elementor-element elementor-element-fa93420\" data-id=\"fa93420\" data-element_type=\"column\" data-e-type=\"column\">\n\t\t\t<div class=\"elementor-widget-wrap elementor-element-populated\">\n\t\t\t\t\t\t<div class=\"elementor-element elementor-element-190ded5 elementor-widget elementor-widget-heading\" data-id=\"190ded5\" data-element_type=\"widget\" data-e-type=\"widget\" data-widget_type=\"heading.default\">\n\t\t\t\t\t<h2 class=\"elementor-heading-title elementor-size-default\">Einzelpersonen (Bogensch\u00fctzen)<\/h2>\t\t\t\t<\/div>\n\t\t\t\t<div class=\"elementor-element elementor-element-9567ebf elementor-widget elementor-widget-text-editor\" data-id=\"9567ebf\" data-element_type=\"widget\" data-e-type=\"widget\" data-widget_type=\"text-editor.default\">\n\t\t\t\t\t\t\t\t\t<p>Einzelpersonen k\u00f6nnen Mitglied des Verbandes werden, indem sie sich bei einem der Mitgliedsverb\u00e4nde oder -organisationen anmelden. Es liegt dann am Verein oder der Mitgliedsorganisation, alle aktiven Bogensch\u00fctzen an den Verband zu melden. Einzelmitglieder profitieren dann von allen Leistungen des Verbandes und k\u00f6nnen an Schulungen, Trainings und Aktivit\u00e4ten des Verbandes teilnehmen.<\/p>\n<p>Wenn du einem Mitgliedsverband oder einer Mitgliedsorganisation beitrittst, unterst\u00fctzt du das Bogenschie\u00dfen auf lokaler Ebene. Sobald dein Verein dich beim Verband angemeldet hat, unterst\u00fctzt du auch das Bogenschie\u00dfen auf nationaler und internationaler Ebene. Denn unser Verband f\u00f6rdert unseren Sport in der Schweiz, beteiligt sich aber auch am internationalen Verband.<\/p>\n\t\t\t\t\t\t\t\t<\/div>\n\t\t\t\t<div class=\"elementor-element elementor-element-6cb93aa elementor-widget elementor-widget-heading\" data-id=\"6cb93aa\" data-element_type=\"widget\" data-e-type=\"widget\" data-widget_type=\"heading.default\">\n\t\t\t\t\t<h2 class=\"elementor-heading-title elementor-size-default\">Sportverb\u00e4nde oder -organisationen (Vereine)<\/h2>\t\t\t\t<\/div>\n\t\t\t\t<div class=\"elementor-element elementor-element-64cd4aa elementor-widget elementor-widget-text-editor\" data-id=\"64cd4aa\" data-element_type=\"widget\" data-e-type=\"widget\" data-widget_type=\"text-editor.default\">\n\t\t\t\t\t\t\t\t\t<p>Vereine oder juristische Personen k\u00f6nnen Mitglied werden, indem sie sich einfach beim Verband melden. Wir ben\u00f6tigen die vollst\u00e4ndige Mitgliederliste, die Adressen der Vorstandsmitglieder und die Satzung. Der Aufnahmekandidat verpflichtet sich, die Regeln des Verbandes einzuhalten und alle seine Mitglieder dem Verband zu melden. Die Mitgliedsbeitr\u00e4ge werden durch die Anzahl der Mitglieder bestimmt, um die finanziellen M\u00f6glichkeiten des Verbandes zu ber\u00fccksichtigen.<\/p>\n\t\t\t\t\t\t\t\t<\/div>\n\t\t\t\t\t<\/div>\n\t\t<\/div>\n\t\t\t\t\t<\/div>\n\t\t<\/section>\n\t\t\t\t<\/div>\n\t\t","protected":false},"excerpt":{"rendered":"<p>Einzelpersonen (Bogensch\u00fctzen) Einzelpersonen k\u00f6nnen Mitglied des Verbandes werden, indem sie sich bei einem der Mitgliedsverb\u00e4nde oder -organisationen anmelden. Es liegt dann am Verein oder der Mitgliedsorganisation, alle aktiven Bogensch\u00fctzen an den Verband zu melden. Einzelmitglieder profitieren dann von allen Leistungen des Verbandes und k\u00f6nnen an Schulungen, Trainings und Aktivit\u00e4ten des Verbandes teilnehmen. Wenn du einem [&hellip;]<\/p>\n","protected":false},"author":1,"featured_media":0,"parent":0,"menu_order":178,"comment_status":"closed","ping_status":"closed","template":"","meta":{"footnotes":""},"class_list":["post-65844","page","type-page","status-publish","hentry"],"jetpack_sharing_enabled":true,"_links":{"self":[{"href":"https:\/\/www.swissarchery.org\/de\/wp-json\/wp\/v2\/pages\/65844","targetHints":{"allow":["GET"]}}],"collection":[{"href":"https:\/\/www.swissarchery.org\/de\/wp-json\/wp\/v2\/pages"}],"about":[{"href":"https:\/\/www.swissarchery.org\/de\/wp-json\/wp\/v2\/types\/page"}],"author":[{"embeddable":true,"href":"https:\/\/www.swissarchery.org\/de\/wp-json\/wp\/v2\/users\/1"}],"replies":[{"embeddable":true,"href":"https:\/\/www.swissarchery.org\/de\/wp-json\/wp\/v2\/comments?post=65844"}],"version-history":[{"count":0,"href":"https:\/\/www.swissarchery.org\/de\/wp-json\/wp\/v2\/pages\/65844\/revisions"}],"wp:attachment":[{"href":"https:\/\/www.swissarchery.org\/de\/wp-json\/wp\/v2\/media?parent=65844"}],"curies":[{"name":"wp","href":"https:\/\/api.w.org\/{rel}","templated":true}]}}