{"id":65839,"date":"2020-03-28T11:48:25","date_gmt":"2020-03-28T10:48:25","guid":{"rendered":"https:\/\/dev-public.swissarchery.org\/schulungen\/js-coach-ausbildungen\/"},"modified":"2025-12-01T09:53:23","modified_gmt":"2025-12-01T08:53:23","slug":"js-coach-ausbildungen","status":"publish","type":"page","link":"https:\/\/www.swissarchery.org\/de\/js-coach-ausbildungen\/","title":{"rendered":"J+S-Coach-Ausbildungen"},"content":{"rendered":"\t\t<div data-elementor-type=\"wp-page\" data-elementor-id=\"65839\" class=\"elementor elementor-65839 elementor-55995\" data-elementor-post-type=\"page\">\n\t\t\t\t\t\t<section class=\"elementor-section elementor-top-section elementor-element elementor-element-74c82c4 elementor-section-boxed elementor-section-height-default elementor-section-height-default\" data-id=\"74c82c4\" data-element_type=\"section\" data-e-type=\"section\">\n\t\t\t\t\t\t<div class=\"elementor-container elementor-column-gap-default\">\n\t\t\t\t\t<div class=\"elementor-column elementor-col-100 elementor-top-column elementor-element elementor-element-fac342f\" data-id=\"fac342f\" data-element_type=\"column\" data-e-type=\"column\">\n\t\t\t<div class=\"elementor-widget-wrap elementor-element-populated\">\n\t\t\t\t\t\t<div class=\"elementor-element elementor-element-7edbc79 elementor-widget elementor-widget-heading\" data-id=\"7edbc79\" data-element_type=\"widget\" data-e-type=\"widget\" data-widget_type=\"heading.default\">\n\t\t\t\t\t<h2 class=\"elementor-heading-title elementor-size-default\">Ausbildung und Rolle des J+S-Coachs<\/h2>\t\t\t\t<\/div>\n\t\t\t\t<div class=\"elementor-element elementor-element-6b4d557 elementor-widget elementor-widget-text-editor\" data-id=\"6b4d557\" data-element_type=\"widget\" data-e-type=\"widget\" data-widget_type=\"text-editor.default\">\n\t\t\t\t\t\t\t\t\t<p>Der J+S-Coach hat eine unterst\u00fctzende und beratende Funktion f\u00fcr die J+S-Leiterinnen und -Leiter sowie die J+S-Trainerinnen und -Trainer. Seine h\u00e4ufigen Kontakte mit den Betreuern, dem Vorstand und anderen Beteiligten erm\u00f6glichen es ihm, ein Umfeld zu bewahren, das den Fortschritt und die Entfaltung der jungen Teilnehmer im Einklang mit den von Jugend und Sport vertretenen Werten f\u00f6rdert. Er ist auch die Verbindung zum kantonalen Sportamt f\u00fcr den administrativen Teil. Folgende Aufgaben k\u00f6nnen besonders hervorgehoben werden:<\/p><ul><li>Er registriert den Verein zun\u00e4chst beim kantonalen Sportamt.<\/li><li>Er informiert und ber\u00e4t die Leiter\/innen \u00fcber die Agenda der Ausbildungskurse und \u00fcber ihre Karriereplanung.<\/li><li>Wenn neue Monitore ihre Ausbildung abgeschlossen haben, schafft er f\u00fcr sie einen Zugang zur SportDB.<\/li><li>Seine Aufgabe ist es auch, sicherzustellen, dass die Anmeldung des Betreuers die Voraussetzungen des Ausbildungskurses erf\u00fcllt.<\/li><li>Er beantragt die Er\u00f6ffnung und verwaltet die J+S-Angebote.<\/li><li>Und stellt sicher, dass die Angebote korrekt ausgef\u00fcllt werden J+S.<\/li><\/ul>\t\t\t\t\t\t\t\t<\/div>\n\t\t\t\t<div class=\"elementor-element elementor-element-3da6cad elementor-widget elementor-widget-heading\" data-id=\"3da6cad\" data-element_type=\"widget\" data-e-type=\"widget\" data-widget_type=\"heading.default\">\n\t\t\t\t\t<h2 class=\"elementor-heading-title elementor-size-default\">J+S-Angebot und -Zusch\u00fcsse<\/h2>\t\t\t\t<\/div>\n\t\t\t\t<div class=\"elementor-element elementor-element-a4e33d9 elementor-widget elementor-widget-text-editor\" data-id=\"a4e33d9\" data-element_type=\"widget\" data-e-type=\"widget\" data-widget_type=\"text-editor.default\">\n\t\t\t\t\t\t\t\t\t<p>Um ein J+S-Angebot zu er\u00f6ffnen, ist es wichtig, dass ein J+S-Coach f\u00fcr den Verein t\u00e4tig ist. Ein Coach kann sich mehreren Verb\u00e4nden widmen. Die Ausbildung der Coaches wird von den Kantonen durchgef\u00fchrt und dauert in der Regel einen halben Tag oder einen Abend. J+S-Beitr\u00e4ge werden nur gew\u00e4hrt, wenn ein g\u00fcltiges Angebot bei der kantonalen Amtsstelle registriert und dann im Verein durchgef\u00fchrt wird. Der Coach ist daf\u00fcr verantwortlich, dass die eingesetzten Leiterinnen und Leiter die J+S-Regeln einhalten und die Angebote schlie\u00dfen, wenn sie abgelaufen sind. Bei Fragen kannst du dich direkt an die J+S-Verantwortlichen des Verbandes oder an dein kantonales Amt wenden.<\/p>\t\t\t\t\t\t\t\t<\/div>\n\t\t\t\t<div class=\"elementor-element elementor-element-81f2c19 elementor-widget elementor-widget-button\" data-id=\"81f2c19\" data-element_type=\"widget\" data-e-type=\"widget\" data-widget_type=\"button.default\">\n\t\t\t\t\t\t\t\t\t\t<a class=\"elementor-button elementor-button-link elementor-size-sm\" href=\"https:\/\/www.jugendundsport.ch\/fr\/informations-organisateurs-de-cours-et-camps\" target=\"_blank\">\n\t\t\t\t\t\t<span class=\"elementor-button-content-wrapper\">\n\t\t\t\t\t\t<span class=\"elementor-button-icon\">\n\t\t\t\t<svg aria-hidden=\"true\" class=\"e-font-icon-svg e-fas-external-link-alt\" viewBox=\"0 0 512 512\" xmlns=\"http:\/\/www.w3.org\/2000\/svg\"><path d=\"M432,320H400a16,16,0,0,0-16,16V448H64V128H208a16,16,0,0,0,16-16V80a16,16,0,0,0-16-16H48A48,48,0,0,0,0,112V464a48,48,0,0,0,48,48H400a48,48,0,0,0,48-48V336A16,16,0,0,0,432,320ZM488,0h-128c-21.37,0-32.05,25.91-17,41l35.73,35.73L135,320.37a24,24,0,0,0,0,34L157.67,377a24,24,0,0,0,34,0L435.28,133.32,471,169c15,15,41,4.5,41-17V24A24,24,0,0,0,488,0Z\"><\/path><\/svg>\t\t\t<\/span>\n\t\t\t\t\t\t\t\t\t<span class=\"elementor-button-text\">J+S-Informationen<\/span>\n\t\t\t\t\t<\/span>\n\t\t\t\t\t<\/a>\n\t\t\t\t\t\t\t\t<\/div>\n\t\t\t\t\t<\/div>\n\t\t<\/div>\n\t\t\t\t\t<\/div>\n\t\t<\/section>\n\t\t\t\t<\/div>\n\t\t","protected":false},"excerpt":{"rendered":"<p>Ausbildung und Rolle des J+S-Coachs Der J+S-Coach hat eine unterst\u00fctzende und beratende Funktion f\u00fcr die J+S-Leiterinnen und -Leiter sowie die J+S-Trainerinnen und -Trainer. Seine h\u00e4ufigen Kontakte mit den Betreuern, dem Vorstand und anderen Beteiligten erm\u00f6glichen es ihm, ein Umfeld zu bewahren, das den Fortschritt und die Entfaltung der jungen Teilnehmer im Einklang mit den von [&hellip;]<\/p>\n","protected":false},"author":1,"featured_media":0,"parent":0,"menu_order":149,"comment_status":"closed","ping_status":"closed","template":"","meta":{"footnotes":""},"class_list":["post-65839","page","type-page","status-publish","hentry"],"jetpack_sharing_enabled":true,"_links":{"self":[{"href":"https:\/\/www.swissarchery.org\/de\/wp-json\/wp\/v2\/pages\/65839","targetHints":{"allow":["GET"]}}],"collection":[{"href":"https:\/\/www.swissarchery.org\/de\/wp-json\/wp\/v2\/pages"}],"about":[{"href":"https:\/\/www.swissarchery.org\/de\/wp-json\/wp\/v2\/types\/page"}],"author":[{"embeddable":true,"href":"https:\/\/www.swissarchery.org\/de\/wp-json\/wp\/v2\/users\/1"}],"replies":[{"embeddable":true,"href":"https:\/\/www.swissarchery.org\/de\/wp-json\/wp\/v2\/comments?post=65839"}],"version-history":[{"count":0,"href":"https:\/\/www.swissarchery.org\/de\/wp-json\/wp\/v2\/pages\/65839\/revisions"}],"wp:attachment":[{"href":"https:\/\/www.swissarchery.org\/de\/wp-json\/wp\/v2\/media?parent=65839"}],"curies":[{"name":"wp","href":"https:\/\/api.w.org\/{rel}","templated":true}]}}