{"id":65820,"date":"2021-03-13T21:16:04","date_gmt":"2021-03-13T20:16:04","guid":{"rendered":"https:\/\/dev-public.swissarchery.org\/mitglieder\/videoanleitung-fuer-die-mitgliederverwaltung\/"},"modified":"2024-12-19T20:48:44","modified_gmt":"2024-12-19T19:48:44","slug":"videoanleitung-fuer-die-mitgliederverwaltung","status":"publish","type":"page","link":"https:\/\/www.swissarchery.org\/de\/videoanleitung-fuer-die-mitgliederverwaltung\/","title":{"rendered":"Videoanleitung f\u00fcr die Mitgliederverwaltung"},"content":{"rendered":"\t\t<div data-elementor-type=\"wp-page\" data-elementor-id=\"65820\" class=\"elementor elementor-65820 elementor-57124\" data-elementor-post-type=\"page\">\n\t\t\t\t<div class=\"elementor-element elementor-element-2a6b617 e-flex e-con-boxed e-con e-parent\" data-id=\"2a6b617\" data-element_type=\"container\" data-e-type=\"container\">\n\t\t\t\t\t<div class=\"e-con-inner\">\n\t\t<div class=\"elementor-element elementor-element-17a96d9 e-con-full e-flex e-con e-child\" data-id=\"17a96d9\" data-element_type=\"container\" data-e-type=\"container\">\n\t\t\t\t<\/div>\n\t\t<div class=\"elementor-element elementor-element-2462c83 e-con-full e-flex e-con e-child\" data-id=\"2462c83\" data-element_type=\"container\" data-e-type=\"container\">\n\t\t\t\t<div class=\"elementor-element elementor-element-c5e1ea9 elementor-widget elementor-widget-heading\" data-id=\"c5e1ea9\" data-element_type=\"widget\" data-e-type=\"widget\" data-widget_type=\"heading.default\">\n\t\t\t\t\t<h3 class=\"elementor-heading-title elementor-size-default\">Tutorial zur Mitgliederverwaltung<\/h3>\t\t\t\t<\/div>\n\t\t\t\t<div class=\"elementor-element elementor-element-561428e elementor-widget elementor-widget-text-editor\" data-id=\"561428e\" data-element_type=\"widget\" data-e-type=\"widget\" data-widget_type=\"text-editor.default\">\n\t\t\t\t\t\t\t\t\t<p>Die Mitgliederverwaltung ist eine wichtige Aufgabe f\u00fcr jeden Webseitenbetreiber. Dies beinhaltet das Hinzuf\u00fcgen, \u00c4ndern und L\u00f6schen von Benutzerkonten. Um dies zu erleichtern, kann ein Videotutorial sehr hilfreich sein.  <\/p>\n<p>In diesem Tutorial sollen zun\u00e4chst die verschiedenen Zugriffsebenen f\u00fcr Mitglieder wie Administratoren, Editoren und Abonnenten erkl\u00e4rt werden. Anschlie\u00dfend sollte es zeigen, wie man ein neues Mitglied hinzuf\u00fcgt und die erforderlichen Informationen, wie Benutzername und Passwort, ausf\u00fcllt.  <\/p>\n<p>Das Tutorial sollte auch erkl\u00e4ren, wie man die Profile bereits registrierter Mitglieder verwaltet, wie man die Berechtigungen der einzelnen Mitglieder \u00e4ndert und wie man ein Benutzerkonto l\u00f6scht. Schlie\u00dflich soll das Tutorial Tipps f\u00fcr eine effektive Mitgliederverwaltung geben, um die Sicherheit der Daten und die Integrit\u00e4t der Seite zu gew\u00e4hrleisten.<\/p>\n\t\t\t\t\t\t\t\t<\/div>\n\t\t\t\t<\/div>\n\t\t\t\t\t<\/div>\n\t\t\t\t<\/div>\n\t\t\t\t<\/div>\n\t\t","protected":false},"excerpt":{"rendered":"<p>Tutorial zur Mitgliederverwaltung Die Mitgliederverwaltung ist eine wichtige Aufgabe f\u00fcr jeden Webseitenbetreiber. Dies beinhaltet das Hinzuf\u00fcgen, \u00c4ndern und L\u00f6schen von Benutzerkonten. Um dies zu erleichtern, kann ein Videotutorial sehr hilfreich sein. In diesem Tutorial sollen zun\u00e4chst die verschiedenen Zugriffsebenen f\u00fcr Mitglieder wie Administratoren, Editoren und Abonnenten erkl\u00e4rt werden. Anschlie\u00dfend sollte es zeigen, wie man ein [&hellip;]<\/p>\n","protected":false},"author":1,"featured_media":0,"parent":0,"menu_order":205,"comment_status":"closed","ping_status":"closed","template":"","meta":{"footnotes":""},"class_list":["post-65820","page","type-page","status-publish","hentry"],"jetpack_sharing_enabled":true,"_links":{"self":[{"href":"https:\/\/www.swissarchery.org\/de\/wp-json\/wp\/v2\/pages\/65820","targetHints":{"allow":["GET"]}}],"collection":[{"href":"https:\/\/www.swissarchery.org\/de\/wp-json\/wp\/v2\/pages"}],"about":[{"href":"https:\/\/www.swissarchery.org\/de\/wp-json\/wp\/v2\/types\/page"}],"author":[{"embeddable":true,"href":"https:\/\/www.swissarchery.org\/de\/wp-json\/wp\/v2\/users\/1"}],"replies":[{"embeddable":true,"href":"https:\/\/www.swissarchery.org\/de\/wp-json\/wp\/v2\/comments?post=65820"}],"version-history":[{"count":0,"href":"https:\/\/www.swissarchery.org\/de\/wp-json\/wp\/v2\/pages\/65820\/revisions"}],"wp:attachment":[{"href":"https:\/\/www.swissarchery.org\/de\/wp-json\/wp\/v2\/media?parent=65820"}],"curies":[{"name":"wp","href":"https:\/\/api.w.org\/{rel}","templated":true}]}}