{"id":65708,"date":"2022-07-29T12:43:25","date_gmt":"2022-07-29T10:43:25","guid":{"rendered":"https:\/\/dev-public.swissarchery.org\/performance\/hochschulsport\/"},"modified":"2024-12-19T20:51:20","modified_gmt":"2024-12-19T19:51:20","slug":"hochschulsport","status":"publish","type":"page","link":"https:\/\/www.swissarchery.org\/de\/hochschulsport\/","title":{"rendered":"Hochschulsport"},"content":{"rendered":"\t\t<div data-elementor-type=\"wp-page\" data-elementor-id=\"65708\" class=\"elementor elementor-65708 elementor-60390\" data-elementor-post-type=\"page\">\n\t\t\t\t\t\t<section class=\"elementor-section elementor-top-section elementor-element elementor-element-01b06cd elementor-section-boxed elementor-section-height-default elementor-section-height-default\" data-id=\"01b06cd\" data-element_type=\"section\" data-e-type=\"section\">\n\t\t\t\t\t\t<div class=\"elementor-container elementor-column-gap-default\">\n\t\t\t\t\t<div class=\"elementor-column elementor-col-100 elementor-top-column elementor-element elementor-element-c370d6c\" data-id=\"c370d6c\" data-element_type=\"column\" data-e-type=\"column\">\n\t\t\t<div class=\"elementor-widget-wrap elementor-element-populated\">\n\t\t\t\t\t\t<div class=\"elementor-element elementor-element-fd1be26 elementor-widget elementor-widget-heading\" data-id=\"fd1be26\" data-element_type=\"widget\" data-e-type=\"widget\" data-widget_type=\"heading.default\">\n\t\t\t\t\t<h2 class=\"elementor-heading-title elementor-size-default\">Swiss University Sport<\/h2>\t\t\t\t<\/div>\n\t\t\t\t<div class=\"elementor-element elementor-element-0eebfbd elementor-widget elementor-widget-text-editor\" data-id=\"0eebfbd\" data-element_type=\"widget\" data-e-type=\"widget\" data-widget_type=\"text-editor.default\">\n\t\t\t\t\t\t\t\t\t<p style=\"text-align: justify;\">Auf internationaler Ebene organisiert der FISU-Verband mehrere Wettbewerbe f\u00fcr Athleten, die an einer Universit\u00e4t oder Hochschule studieren oder studieren werden. Bogenschie\u00dfen ist bei Universit\u00e4tsveranstaltungen wie den World University Games oder den European University Games vertreten. Athleten, die Mitglied von SwissArchery sind und die von der SUS definierten Selektionskriterien erf\u00fcllen, k\u00f6nnen sich f\u00fcr diese internationalen Wettk\u00e4mpfe selektionieren. Weitere Informationen findest du auf der SUS-Website.<\/p>\n\t\t\t\t\t\t\t\t<\/div>\n\t\t\t\t<div class=\"elementor-element elementor-element-ad51c55 elementor-button-info elementor-align-left elementor-widget elementor-widget-button\" data-id=\"ad51c55\" data-element_type=\"widget\" data-e-type=\"widget\" data-widget_type=\"button.default\">\n\t\t\t\t\t\t\t\t\t\t<a class=\"elementor-button elementor-button-link elementor-size-md\" href=\"https:\/\/swissuniversitysports.ch\/\" target=\"_blank\">\n\t\t\t\t\t\t<span class=\"elementor-button-content-wrapper\">\n\t\t\t\t\t\t<span class=\"elementor-button-icon\">\n\t\t\t\t<svg aria-hidden=\"true\" class=\"e-font-icon-svg e-fas-external-link-alt\" viewBox=\"0 0 512 512\" xmlns=\"http:\/\/www.w3.org\/2000\/svg\"><path d=\"M432,320H400a16,16,0,0,0-16,16V448H64V128H208a16,16,0,0,0,16-16V80a16,16,0,0,0-16-16H48A48,48,0,0,0,0,112V464a48,48,0,0,0,48,48H400a48,48,0,0,0,48-48V336A16,16,0,0,0,432,320ZM488,0h-128c-21.37,0-32.05,25.91-17,41l35.73,35.73L135,320.37a24,24,0,0,0,0,34L157.67,377a24,24,0,0,0,34,0L435.28,133.32,471,169c15,15,41,4.5,41-17V24A24,24,0,0,0,488,0Z\"><\/path><\/svg>\t\t\t<\/span>\n\t\t\t\t\t\t\t\t\t<span class=\"elementor-button-text\">www.swissuniversitysports.ch<\/span>\n\t\t\t\t\t<\/span>\n\t\t\t\t\t<\/a>\n\t\t\t\t\t\t\t\t<\/div>\n\t\t\t\t\t<\/div>\n\t\t<\/div>\n\t\t\t\t\t<\/div>\n\t\t<\/section>\n\t\t\t\t<\/div>\n\t\t","protected":false},"excerpt":{"rendered":"<p>Swiss University Sport Auf internationaler Ebene organisiert der FISU-Verband mehrere Wettbewerbe f\u00fcr Athleten, die an einer Universit\u00e4t oder Hochschule studieren oder studieren werden. Bogenschie\u00dfen ist bei Universit\u00e4tsveranstaltungen wie den World University Games oder den European University Games vertreten. Athleten, die Mitglied von SwissArchery sind und die von der SUS definierten Selektionskriterien erf\u00fcllen, k\u00f6nnen sich f\u00fcr [&hellip;]<\/p>\n","protected":false},"author":1,"featured_media":0,"parent":0,"menu_order":197,"comment_status":"closed","ping_status":"closed","template":"","meta":{"footnotes":""},"class_list":["post-65708","page","type-page","status-publish","hentry"],"jetpack_sharing_enabled":true,"_links":{"self":[{"href":"https:\/\/www.swissarchery.org\/de\/wp-json\/wp\/v2\/pages\/65708","targetHints":{"allow":["GET"]}}],"collection":[{"href":"https:\/\/www.swissarchery.org\/de\/wp-json\/wp\/v2\/pages"}],"about":[{"href":"https:\/\/www.swissarchery.org\/de\/wp-json\/wp\/v2\/types\/page"}],"author":[{"embeddable":true,"href":"https:\/\/www.swissarchery.org\/de\/wp-json\/wp\/v2\/users\/1"}],"replies":[{"embeddable":true,"href":"https:\/\/www.swissarchery.org\/de\/wp-json\/wp\/v2\/comments?post=65708"}],"version-history":[{"count":0,"href":"https:\/\/www.swissarchery.org\/de\/wp-json\/wp\/v2\/pages\/65708\/revisions"}],"wp:attachment":[{"href":"https:\/\/www.swissarchery.org\/de\/wp-json\/wp\/v2\/media?parent=65708"}],"curies":[{"name":"wp","href":"https:\/\/api.w.org\/{rel}","templated":true}]}}