{"id":65706,"date":"2022-07-02T12:03:08","date_gmt":"2022-07-02T10:03:08","guid":{"rendered":"https:\/\/dev-public.swissarchery.org\/performance\/auswahlkommission\/"},"modified":"2026-04-04T07:26:19","modified_gmt":"2026-04-04T05:26:19","slug":"auswahlkommission","status":"publish","type":"page","link":"https:\/\/www.swissarchery.org\/de\/auswahlkommission\/","title":{"rendered":"Auswahlkommission"},"content":{"rendered":"\t\t<div data-elementor-type=\"wp-page\" data-elementor-id=\"65706\" class=\"elementor elementor-65706 elementor-60294\" data-elementor-post-type=\"page\">\n\t\t\t\t\t\t<section class=\"elementor-section elementor-top-section elementor-element elementor-element-05bb7f6 elementor-section-boxed elementor-section-height-default elementor-section-height-default\" data-id=\"05bb7f6\" data-element_type=\"section\" data-e-type=\"section\">\n\t\t\t\t\t\t<div class=\"elementor-container elementor-column-gap-wider\">\n\t\t\t\t\t<div class=\"elementor-column elementor-col-100 elementor-top-column elementor-element elementor-element-ac39684\" data-id=\"ac39684\" data-element_type=\"column\" data-e-type=\"column\">\n\t\t\t<div class=\"elementor-widget-wrap elementor-element-populated\">\n\t\t\t\t\t\t<div class=\"elementor-element elementor-element-d9a8f2c elementor-widget elementor-widget-heading\" data-id=\"d9a8f2c\" data-element_type=\"widget\" data-e-type=\"widget\" data-widget_type=\"heading.default\">\n\t\t\t\t\t<h2 class=\"elementor-heading-title elementor-size-default\">Rolle des Ausschusses<\/h2>\t\t\t\t<\/div>\n\t\t\t\t<div class=\"elementor-element elementor-element-405a70f elementor-widget elementor-widget-text-editor\" data-id=\"405a70f\" data-element_type=\"widget\" data-e-type=\"widget\" data-widget_type=\"text-editor.default\">\n\t\t\t\t\t\t\t\t\t<p style=\"text-align: justify;\">Die Auswahlkommission ist daf\u00fcr zust\u00e4ndig, die Athleten auszuw\u00e4hlen, die unser Land bei internationalen Wettk\u00e4mpfen vertreten, aber auch die Athleten auszuw\u00e4hlen, die das Potenzial haben, in die leistungsf\u00f6rdernden Strukturen aufgenommen zu werden. Die Kommission erl\u00e4sst die Selektionskonzepte f\u00fcr den gesamten Leistungssport.<\/p>\t\t\t\t\t\t\t\t<\/div>\n\t\t\t\t<div class=\"elementor-element elementor-element-d3726a8 elementor-widget elementor-widget-heading\" data-id=\"d3726a8\" data-element_type=\"widget\" data-e-type=\"widget\" data-widget_type=\"heading.default\">\n\t\t\t\t\t<h2 class=\"elementor-heading-title elementor-size-default\">Mitglied des Ausschusses<\/h2>\t\t\t\t<\/div>\n\t\t\t\t<div class=\"elementor-element elementor-element-b0c037f elementor-widget elementor-widget-rttm-team-grid\" data-id=\"b0c037f\" data-element_type=\"widget\" data-e-type=\"widget\" data-widget_type=\"rttm-team-grid.default\">\n\t\t\t\t<div class=\"elementor-widget-container\">\n\t\t\t\t\t<div class=\"rt-team-container rt-elementor-container rt-pos-r rt-team-container-elementor rt-hover-zoom_in\" id=\"rt-team-container-3866396081\" data-layout=\"layout15\" data-desktop-col=\"3\" data-tab-col=\"2\" data-mobile-col=\"1\" data-sc-id=\"elementor\" data-rttm-pagination='{\"layout\":\"layout15\",\"dCols\":3,\"tCols\":2,\"mCols\":1,\"postIn\":[\"67088\",\"67146\",\"67599\",\"68759\"],\"postNotIn\":[],\"limit\":12,\"pagination\":false,\"postsPerPage\":\"\",\"order_by\":\"date\",\"order\":\"DESC\",\"department_ids\":[],\"designation_ids\":[],\"link\":true,\"fImg\":false,\"fImgSize\":\"team-thumb\",\"customImgSize\":{\"crop\":\"\"},\"character_limit\":0,\"after_short_desc\":\"\",\"read_more_btn_text\":\"\",\"my_resume_text\":\"\",\"hire_me_text\":\"\",\"visibility\":[\"name\",\"designation\",\"email\",\"telephone\",\"mobile\",\"social\"],\"social_profiles\":[],\"posts_loading_type\":\"pagination\",\"load_more_text\":\"Load More\",\"relation\":\"OR\",\"iCol\":4,\"gridType\":\"even\",\"linkType\":\"external_link\",\"popupType\":\"single\",\"target\":\"_self\",\"grayscale\":false,\"stripedRow\":false,\"defaultImgId\":68524,\"filter_buttons\":false,\"filters\":[],\"taxFilter\":\"team_department\",\"action_term\":0,\"isoFilterTaxonomy\":\"team_department\",\"filterType\":null,\"hide_all_button\":true,\"tItem\":0,\"fShowAll\":false,\"animation\":\"zoom_in\",\"image_flip\":false}'><div data-title=\"Loading ...\" class=\"rt-row rt-content-loader element-loading layout15 ttp-even ttp-pre-loader\">\t<div class='rt-col-md-4 rt-col-sm-6 rt-col-xs-12   even-grid-item rt-grid-item rt-ready-animation animated fadeIn' data-id='67094'>\r\n\t\t<div class=\"single-team-area\">\r\n\t\t\t\t\t\t\t<a class='' data-id='67094' target='_self' href='https:\/\/www.swissarchery.org\/de\/team\/noelia-herrero\/'>\r\n\t\t\t\t\t<img data-recalc-dims=\"1\" fetchpriority=\"high\" decoding=\"async\" width=\"400\" height=\"400\" src=\"https:\/\/i0.wp.com\/www.swissarchery.org\/wp-content\/uploads\/2025\/01\/Noelia-Herrero.webp?resize=400%2C400&#038;quality=80&#038;ssl=1\" class=\"img-responsive rt-team-img\" alt=\"Noelia Herrero\" \/>\t\t\t\t<\/a>\r\n\t\t\t\t\t\t\t\t<div class=\"ttp-member-title\">\r\n\t\t\t\t\t<h3><span class=\"team-name\"><a class=\"\" data-id=\"67094\" target=\"_self\" title=\"Noelia Herrero\" href=\"https:\/\/www.swissarchery.org\/de\/team\/noelia-herrero\/\">Noelia Herrero<\/a><\/span><\/h3><div class=\"tlp-position\"><span><a class=\"\" data-id=\"67094\" target=\"_self\" title=\"Noelia Herrero\" href=\"https:\/\/www.swissarchery.org\/de\/team\/noelia-herrero\/\">Membre du comit\u00e9, Entra\u00eeneur(e) national(e)<\/a><\/span><\/div>\t\t\t\t<\/div>\r\n\t\t\t\t\t\t<\/div>\r\n\t<\/div>\r\n\t<div class=\"rt-loading-overlay full-op\"><\/div><div class=\"rt-loading rt-ball-clip-rotate\"><div><\/div><\/div><\/div><\/div>\t\t\t\t<\/div>\n\t\t\t\t<\/div>\n\t\t\t\t\t<\/div>\n\t\t<\/div>\n\t\t\t\t\t<\/div>\n\t\t<\/section>\n\t\t\t\t<\/div>\n\t\t","protected":false},"excerpt":{"rendered":"<p>Rolle des Ausschusses Die Auswahlkommission ist daf\u00fcr zust\u00e4ndig, die Athleten auszuw\u00e4hlen, die unser Land bei internationalen Wettk\u00e4mpfen vertreten, aber auch die Athleten auszuw\u00e4hlen, die das Potenzial haben, in die leistungsf\u00f6rdernden Strukturen aufgenommen zu werden. Die Kommission erl\u00e4sst die Selektionskonzepte f\u00fcr den gesamten Leistungssport. Mitglied des Ausschusses C\u00e9line Schobinger Responsable de l&#039;\u00e9quipe nationale Nathalie Dielen Responsable [&hellip;]<\/p>\n","protected":false},"author":1,"featured_media":0,"parent":0,"menu_order":185,"comment_status":"closed","ping_status":"closed","template":"","meta":{"footnotes":""},"class_list":["post-65706","page","type-page","status-publish","hentry"],"jetpack_sharing_enabled":true,"_links":{"self":[{"href":"https:\/\/www.swissarchery.org\/de\/wp-json\/wp\/v2\/pages\/65706","targetHints":{"allow":["GET"]}}],"collection":[{"href":"https:\/\/www.swissarchery.org\/de\/wp-json\/wp\/v2\/pages"}],"about":[{"href":"https:\/\/www.swissarchery.org\/de\/wp-json\/wp\/v2\/types\/page"}],"author":[{"embeddable":true,"href":"https:\/\/www.swissarchery.org\/de\/wp-json\/wp\/v2\/users\/1"}],"replies":[{"embeddable":true,"href":"https:\/\/www.swissarchery.org\/de\/wp-json\/wp\/v2\/comments?post=65706"}],"version-history":[{"count":0,"href":"https:\/\/www.swissarchery.org\/de\/wp-json\/wp\/v2\/pages\/65706\/revisions"}],"wp:attachment":[{"href":"https:\/\/www.swissarchery.org\/de\/wp-json\/wp\/v2\/media?parent=65706"}],"curies":[{"name":"wp","href":"https:\/\/api.w.org\/{rel}","templated":true}]}}