{"id":65626,"date":"2023-11-24T21:30:41","date_gmt":"2023-11-24T20:30:41","guid":{"rendered":"https:\/\/dev-public.swissarchery.org\/leistungszentren\/"},"modified":"2025-10-24T23:04:19","modified_gmt":"2025-10-24T21:04:19","slug":"leistungszentren","status":"publish","type":"page","link":"https:\/\/www.swissarchery.org\/de\/leistungszentren\/","title":{"rendered":"Leistungszentren"},"content":{"rendered":"\t\t<div data-elementor-type=\"wp-page\" data-elementor-id=\"65626\" class=\"elementor elementor-65626 elementor-63033\" data-elementor-post-type=\"page\">\n\t\t\t\t<div class=\"elementor-element elementor-element-c557edb e-con-full e-flex e-con e-parent\" data-id=\"c557edb\" data-element_type=\"container\" data-e-type=\"container\">\n\t\t<div class=\"elementor-element elementor-element-72390c5 e-con-full e-flex e-con e-child\" data-id=\"72390c5\" data-element_type=\"container\" data-e-type=\"container\">\n\t\t\t\t<div class=\"elementor-element elementor-element-d0cafbe elementor-widget elementor-widget-heading\" data-id=\"d0cafbe\" data-element_type=\"widget\" data-e-type=\"widget\" data-widget_type=\"heading.default\">\n\t\t\t\t\t<h2 class=\"elementor-heading-title elementor-size-default\">Organisation von Leistungszentren<\/h2>\t\t\t\t<\/div>\n\t\t\t\t<div class=\"elementor-element elementor-element-90a3e0f elementor-widget elementor-widget-heading\" data-id=\"90a3e0f\" data-element_type=\"widget\" data-e-type=\"widget\" data-widget_type=\"heading.default\">\n\t\t\t\t\t<h3 class=\"elementor-heading-title elementor-size-default\">Lokale Leistungszentren (LLZ)<\/h3>\t\t\t\t<\/div>\n\t\t\t\t<div class=\"elementor-element elementor-element-0ed530a elementor-widget elementor-widget-text-editor\" data-id=\"0ed530a\" data-element_type=\"widget\" data-e-type=\"widget\" data-widget_type=\"text-editor.default\">\n\t\t\t\t\t\t\t\t\t<p>Die Lokalen Leistungszentren (LLZ) sollen den Nachwuchs ausbilden und die Regionalen Leistungszentren (RLZ) versorgen. In den lokalen Zentren werden junge Athleten ausgebildet, die ermutigt werden, Fortschritte zu machen und regelm\u00e4\u00dfiger zu trainieren, um in die nationalen und regionalen Nachwuchskader sowie in die regionalen Leistungszentren aufgenommen zu werden.<\/p><p>Lokale Leistungszentren k\u00f6nnen Mitgliedsvereine des Verbandes oder Einrichtungen sein, die junge Athleten im Alter von 7 bis 20 Jahren ausbilden. Leiterinnen und Leiter m\u00fcssen \u00fcber eine J+S-Anerkennung verf\u00fcgen und in einem J+S-Angebot t\u00e4tig sein, das dem Verband angeschlossen ist. Der Verein oder die Trainingsinfrastruktur ermutigt die Jugendlichen in der Ausbildung, an Wettk\u00e4mpfen teilzunehmen. Athleten, die dem Leistungszentrum im Alter von 10 bis 20 Jahren angeschlossen sind, m\u00fcssen den Verein oder die Infrastruktur bei mindestens drei Wettk\u00e4mpfen pro Jahr vertreten.<\/p>\t\t\t\t\t\t\t\t<\/div>\n\t\t\t\t<\/div>\n\t\t\t\t<\/div>\n\t\t<div class=\"elementor-element elementor-element-6afaae0 e-flex e-con-boxed e-con e-parent\" data-id=\"6afaae0\" data-element_type=\"container\" data-e-type=\"container\">\n\t\t\t\t\t<div class=\"e-con-inner\">\n\t\t<div class=\"elementor-element elementor-element-a61cc18 e-con-full e-flex e-con e-child\" data-id=\"a61cc18\" data-element_type=\"container\" data-e-type=\"container\">\n\t\t\t\t<div class=\"elementor-element elementor-element-437b95d elementor-widget elementor-widget-heading\" data-id=\"437b95d\" data-element_type=\"widget\" data-e-type=\"widget\" data-widget_type=\"heading.default\">\n\t\t\t\t\t<h3 class=\"elementor-heading-title elementor-size-default\">Regionale Leistungszentren (RLZ)<\/h3>\t\t\t\t<\/div>\n\t\t\t\t<div class=\"elementor-element elementor-element-612f273 elementor-widget elementor-widget-text-editor\" data-id=\"612f273\" data-element_type=\"widget\" data-e-type=\"widget\" data-widget_type=\"text-editor.default\">\n\t\t\t\t\t\t\t\t\t<p>Die Regionalzentren haben das Ziel, den Nachwuchs f\u00fcr die ersten internationalen Wettk\u00e4mpfe auszubilden und in die nationalen Nachwuchskader aufzunehmen. Die Regionalzentren m\u00fcssen finanziell unabh\u00e4ngig sein und k\u00f6nnen erst dann vom Verband anerkannt werden, wenn sie eine Leistungsvereinbarung mit dem Verband abgeschlossen haben.<\/p><p>Die regionalen Leistungszentren bilden Jugendliche auf der Talentstufe des FTEM aus. In diesen Zentren werden Athleten mit Potenzial dabei unterst\u00fctzt, sich technisch, k\u00f6rperlich und mental mit dem Ziel der Leistungssteigerung zu verbessern.<\/p><p>Regionale Leistungszentren sind Vereine oder Einrichtungen, die Jugendliche im Alter von 7 bis 20 Jahren ausbilden. Der oder die Leiter verf\u00fcgen \u00fcber eine Anerkennung durch Jugend und Sport auf der Stufe &#8220;Trainer A&#8221; oder sind von der Selektionskommission als Nachwuchstrainer anerkannt und m\u00fcssen in einem J+S-Angebot aktiv sein und der\/die Kurs\/e ist\/sind in einem J+S-Angebot registriert.<\/p>\t\t\t\t\t\t\t\t<\/div>\n\t\t\t\t<\/div>\n\t\t\t\t\t<\/div>\n\t\t\t\t<\/div>\n\t\t<div class=\"elementor-element elementor-element-ec37628 e-flex e-con-boxed e-con e-parent\" data-id=\"ec37628\" data-element_type=\"container\" data-e-type=\"container\">\n\t\t\t\t\t<div class=\"e-con-inner\">\n\t\t<div class=\"elementor-element elementor-element-dc6ccda e-con-full e-flex e-con e-child\" data-id=\"dc6ccda\" data-element_type=\"container\" data-e-type=\"container\">\n\t\t\t\t<div class=\"elementor-element elementor-element-b476f10 elementor-widget elementor-widget-heading\" data-id=\"b476f10\" data-element_type=\"widget\" data-e-type=\"widget\" data-widget_type=\"heading.default\">\n\t\t\t\t\t<h3 class=\"elementor-heading-title elementor-size-default\">Nationale Leistungszentren (NPCs)<\/h3>\t\t\t\t<\/div>\n\t\t\t\t<div class=\"elementor-element elementor-element-68ce15e elementor-widget elementor-widget-text-editor\" data-id=\"68ce15e\" data-element_type=\"widget\" data-e-type=\"widget\" data-widget_type=\"text-editor.default\">\n\t\t\t\t\t\t\t\t\t<p>Die nationalen Zentren sollen den Bogensch\u00fctzen, die Mitglieder der Nationalkader sind, erm\u00f6glichen, in Anwesenheit von ausgebildeten Trainern und in einer geeigneten Infrastruktur zu trainieren. Nationale Leistungszentren m\u00fcssen finanziell unabh\u00e4ngig sein und k\u00f6nnen erst dann eine Anerkennung durch den Verband erhalten, wenn sie eine Leistungsvereinbarung mit dem Verband abgeschlossen haben.<\/p><p>Die nationalen Leistungszentren erm\u00f6glichen die Ausbildung und das Training auf hohem Niveau f\u00fcr Bogensch\u00fctzen der nationalen Nachwuchs- und Elitekader. Die Anzahl der nationalen Zentren ist auf vier beschr\u00e4nkt: ein Zentrum in der Romandie, zwei in der Deutschschweiz und im Tessin.<\/p><p>Nationale Leistungszentren sind Clubs oder Einrichtungen, in denen Jugendliche im Alter von 7 bis 20 Jahren ausgebildet werden und die Elite trainieren kann. Ein Trainer des Vereins oder der Infrastruktur, der von SwissOlympic (FEP) ausgebildet wurde und einen aktiven Status bei Jugend und Sport hat, muss dem Nationaltrainer vom Leistungszentrum zur Verf\u00fcgung gestellt werden. Der SwissOlympic-Trainer muss mit dem Nationaltrainer zusammenarbeiten.<\/p>\t\t\t\t\t\t\t\t<\/div>\n\t\t\t\t<\/div>\n\t\t\t\t\t<\/div>\n\t\t\t\t<\/div>\n\t\t<div class=\"elementor-element elementor-element-749acb4 e-flex e-con-boxed e-con e-parent\" data-id=\"749acb4\" data-element_type=\"container\" data-e-type=\"container\">\n\t\t\t\t\t<div class=\"e-con-inner\">\n\t\t\t\t<div class=\"elementor-element elementor-element-5dfb021 elementor-widget elementor-widget-heading\" data-id=\"5dfb021\" data-element_type=\"widget\" data-e-type=\"widget\" data-widget_type=\"heading.default\">\n\t\t\t\t\t<h2 class=\"elementor-heading-title elementor-size-default\">Anerkennung von Leistungszentren<\/h2>\t\t\t\t<\/div>\n\t\t\t\t\t<\/div>\n\t\t\t\t<\/div>\n\t\t<div class=\"elementor-element elementor-element-b4bc6de e-flex e-con-boxed e-con e-parent\" data-id=\"b4bc6de\" data-element_type=\"container\" data-e-type=\"container\">\n\t\t\t\t\t<div class=\"e-con-inner\">\n\t\t<div class=\"elementor-element elementor-element-576b43a e-con-full e-flex e-con e-child\" data-id=\"576b43a\" data-element_type=\"container\" data-e-type=\"container\">\n\t\t\t\t<div class=\"elementor-element elementor-element-c978c49 elementor-widget elementor-widget-heading\" data-id=\"c978c49\" data-element_type=\"widget\" data-e-type=\"widget\" data-widget_type=\"heading.default\">\n\t\t\t\t\t<h3 class=\"elementor-heading-title elementor-size-default\">Wer kann ein G\u00fctesiegel beantragen<\/h3>\t\t\t\t<\/div>\n\t\t\t\t<div class=\"elementor-element elementor-element-9fc81da elementor-widget elementor-widget-text-editor\" data-id=\"9fc81da\" data-element_type=\"widget\" data-e-type=\"widget\" data-widget_type=\"text-editor.default\">\n\t\t\t\t\t\t\t\t\t<p>Jede Trainingsstruktur, die von einem der SwissArchery angeschlossenen Verband mit einem eigenen Betriebsbudget verwaltet wird. Es wird klargestellt, dass sich die Leistungszentren selbst finanzieren m\u00fcssen und dass der Verband die erbrachten Leistungen gem\u00e4\u00df den mit den Trainingsstrukturen unterzeichneten Leistungsvereinbarungen an die Gewinne der Leistungszentren weiterverrechnet. Jeder Verein \/ jede Infrastruktur kann sich f\u00fcr alle drei Stufen der Anerkennung als Leistungszentrum bewerben: lokal, regional oder national. Die Voraussetzungen f\u00fcr die verschiedenen Stufen des G\u00fctesiegels sind in diesem Dokument beschrieben.<\/p>\t\t\t\t\t\t\t\t<\/div>\n\t\t\t\t<div class=\"elementor-element elementor-element-517739e elementor-widget elementor-widget-heading\" data-id=\"517739e\" data-element_type=\"widget\" data-e-type=\"widget\" data-widget_type=\"heading.default\">\n\t\t\t\t\t<h3 class=\"elementor-heading-title elementor-size-default\">Vorl\u00e4ufige Anerkennung und Kennzeichnung<\/h3>\t\t\t\t<\/div>\n\t\t\t\t<div class=\"elementor-element elementor-element-df9dfe0 elementor-widget elementor-widget-text-editor\" data-id=\"df9dfe0\" data-element_type=\"widget\" data-e-type=\"widget\" data-widget_type=\"text-editor.default\">\n\t\t\t\t\t\t\t\t\t<p>Zur F\u00f6rderung des Leistungssports kann der Verband ein regionales Leistungszentrum, dessen Kader (siehe m\u00f6gliche Ausnahmen) die Anerkennungskriterien nicht vollst\u00e4ndig erf\u00fcllt, provisorisch anerkennen, wenn alle anderen Kriterien erf\u00fcllt sind und die Trainerinnen und Trainer eine g\u00fcltige J+S-Anerkennung besitzen. Im Falle einer provisorischen Anerkennung wird dem Leistungszentrum vom Verband in der Leistungsvereinbarung eine Frist f\u00fcr die Anpassung der Betreuung durch die Ausbildung von Trainern gesetzt. Die Verl\u00e4ngerung der Anerkennung ist an den erfolgreichen Abschluss der Anpassung der Betreuung des Zentrums gebunden. (siehe Trainervalidierung)<\/p>\t\t\t\t\t\t\t\t<\/div>\n\t\t\t\t<div class=\"elementor-element elementor-element-83a7d7b elementor-widget elementor-widget-heading\" data-id=\"83a7d7b\" data-element_type=\"widget\" data-e-type=\"widget\" data-widget_type=\"heading.default\">\n\t\t\t\t\t<h3 class=\"elementor-heading-title elementor-size-default\">Kriterien f\u00fcr die Anerkennung und Konzepte f\u00fcr die F\u00f6rderung<\/h3>\t\t\t\t<\/div>\n\t\t\t\t<div class=\"elementor-element elementor-element-afcb7d9 elementor-widget elementor-widget-shortcode\" data-id=\"afcb7d9\" data-element_type=\"widget\" data-e-type=\"widget\" data-widget_type=\"shortcode.default\">\n\t\t\t\t\t\t\t<div class=\"elementor-shortcode\"><div id='wpcp-cc2dfae3fbc5bccfd5b77bb4d8a98a30' class='wpcp-container'><div id='ShareoneDrive' class=' files  wpcp-has-scroll-to-top' data-module-id='wpcp-cc2dfae3fbc5bccfd5b77bb4d8a98a30' style='display:none'><noscript><div class='ShareoneDrive-nojsmessage'>Um diesen Inhalt anzuzeigen, m\u00fcssen Sie JavaScript in Ihrem Browser aktiviert haben.<br\/><a href='http:\/\/www.enable-javascript.com\/' target='_blank'>Gehen Sie dazu bitte wie folgt vor<\/a>.<\/div><\/noscript><div class='wpcp-module ShareoneDrive files jsdisabled wpcp-list-view'  id='ShareoneDrive-cc2dfae3fbc5bccfd5b77bb4d8a98a30' data-token='cc2dfae3fbc5bccfd5b77bb4d8a98a30' data-account-id='eb036ce6-8ab6-4456-80cc-a2d46a605ec8' data-drive-id='b!anKiNpGTFUu6SX3Fgw5G5p-9THpEB89CloEgfseXQsrp7FNP6ATPSJt3Xb-8u2bg' data-id='' data-org-id='' data-path='bnVsbA==' data-org-path='bnVsbA==' data-source='335f29e6109d5ce142d8d3e8d5a5bc11' data-sort='name:asc' data-list='files' data-query='' data-lightboxnav='1' data-lightboxthumbs='1' data-layout='list' data-action='0'  ><div class=\"wpcp-browser-container wpcp-browser-tree--init wpcp-no-tree wpcp-browser--init\" style=\"width:100%;max-width:100%;\">\r\n    <div class=\"wpcp-browser-container-tree\" data-show-tree='0'>\r\n        <div class=\"wpcp-container-overlay\"><\/div>\r\n        <div class=\"nav-header\">\r\n            <a class=\"nav-tree-toggle entry-info-button\" tabindex=\"0\" title=\"Ordnerstruktur anzeigen\">\r\n                <i class=\"eva eva-arrowhead-left-outline\"><\/i>\r\n            <\/a>\r\n        <\/div>\r\n        <div class=\"wpcp-browser-tree\"><\/div>\r\n    <\/div>\r\n    <div class=\"wpcp-browser-container-content\">\r\n                <div class=\"nav-header nav-header-has-breadcrumb\">            <a class=\"nav-tree-toggle entry-info-button\" tabindex=\"0\" title=\"Ordnerstruktur anzeigen\">\r\n                <i class=\"eva eva-arrowhead-left-outline\"><\/i>\r\n            <\/a>\r\n            <a class=\"nav-home entry-info-button\" title=\"Gehen Sie zur\u00fcck zum Startordner\" tabindex=\"0\">\r\n                <i class=\"eva eva-home-outline\"><\/i>\r\n            <\/a>\r\n            <div class=\"nav-title\">Laden...<\/div>\r\n                        <a class=\"nav-search entry-info-button\" tabindex=\"0\">\r\n                <i class=\"eva eva-search\"><\/i>\r\n            <\/a>\r\n\r\n            <div class=\"tippy-content-holder search-wrapper\">\r\n                <a class=\"search-icon search-submit\" href=\"javascript:;\"><i class=\"eva eva-search\"><\/i><\/a>\r\n                <input class=\"search-input\" name=\"q\" type=\"search\" autocomplete=\"off\" size=\"40\" aria-label=\"Suche\" placeholder=\"Suche nach Dateien und Inhalt\" \/>\r\n                <a class=\"search-remove\" href=\"javascript:;\" title=\"Zur\u00fccksetzen\"><i class=\"eva eva-close\"><\/i><\/a>\r\n            <\/div>\r\n            \r\n\r\n            <a class=\"nav-sort entry-info-button\" title=\"Sortieren\">\r\n                <i class=\"eva eva-options\"><\/i>\r\n            <\/a>\r\n            <div class=\"tippy-content-holder sort-div\">\r\n                <ul class='nav-sorting-list'>\r\n                    <li><a class=\"nav-sorting-field nav-name sort-selected\" data-field=\"name\" title=\"Name\">\r\n                            Name                        <\/a>\r\n                    <\/li>\r\n                    <li><a class=\"nav-sorting-field nav-size \" data-field=\"size\" title=\"Gr\u00f6\u00dfe\">\r\n                            Gr\u00f6\u00dfe                        <\/a>\r\n                    <\/li>\r\n                    <li><a class=\"nav-sorting-field nav-modified \" data-field=\"modified\" title=\"\u00c4nderungsdatum\">\r\n                            \u00c4nderungsdatum                        <\/a>\r\n                    <\/li>\r\n                    <li><a class=\"nav-sorting-field nav-datetaken \" data-field=\"datetaken\" title=\"Erstellungsdatum\">\r\n                            Erstellungsdatum                        <\/a>\r\n                    <\/li>\r\n                    <li class=\"list-separator\">&nbsp;<\/li>\r\n                    <li><a class=\"nav-sorting-order nav-asc sort-selected\" data-order=\"asc\" title=\"Aufsteigend\">\r\n                            Aufsteigend                        <\/a>\r\n                    <\/li>\r\n                    <li><a class=\"nav-sorting-order nav-desc \" data-order=\"desc\" title=\"Absteigend\">\r\n                            Absteigend                        <\/a>\r\n                    <\/li>\r\n                <\/ul>\r\n            <\/div>\r\n\r\n            <a class=\"nav-gear entry-info-button\" title=\"Weitere Aktionen\">\r\n                <i class=\"eva eva-more-vertical-outline\"><\/i>\r\n            <\/a>\r\n            <div class=\"tippy-content-holder gear-div\" data-token=\"cc2dfae3fbc5bccfd5b77bb4d8a98a30\">\r\n                <ul data-id=\"cc2dfae3fbc5bccfd5b77bb4d8a98a30\">\r\n\r\n                                        <li style=\"display: none\"><a class=\"nav-layout nav-layout-grid\" title=\"Miniaturansicht\">\r\n                            <i class=\"eva eva-grid-outline eva-lg\"><\/i>Miniaturansicht                        <\/a>\r\n                    <\/li>\r\n                    <li><a class=\"nav-layout nav-layout-list\" title=\"Listenansicht\">\r\n                            <i class=\"eva eva-list-outline eva-lg\"><\/i>Listenansicht                        <\/a>\r\n                    <\/li>\r\n                                        <li class='gear-menu-no-options' style=\"display: none\"><a><i class='eva eva-info-outline eva-lg'><\/i>Keine Optionen...<\/a><\/li>\r\n                <\/ul>\r\n            <\/div>\r\n                        <a class=\"nav-refresh entry-info-button\" title=\"Neu laden\">\r\n                <i class=\"eva eva-sync\"><\/i>\r\n            <\/a>\r\n                    <\/div>        <div class=\"wpcp-container-content\">\r\n            <div class=\"loading initialize\">                <svg class=\"loader-spinner\" viewBox=\"25 25 50 50\">\r\n                    <circle class=\"path\" cx=\"50\" cy=\"50\" r=\"20\" fill=\"none\" stroke-width=\"3\" stroke-miterlimit=\"10\"><\/circle>\r\n                <\/svg>\r\n                            <\/div>\r\n            <div class=\"ajax-filelist\" style=\"\">\r\n                <div class='files'>\r\n                    <div class=\"folders-container\"><div class=\"entry folder skeleton-entry\">\r\n    <div class=\"entry_block\">\r\n                <div class=\"entry-info\">\r\n            <div class=\"entry-info-icon skeleton skeleton-icon\"><\/div>\r\n            <div class=\"entry-info-name\"><span class=\"skeleton skeleton-text\"><\/span><\/div>\r\n                    <\/div>\r\n    <\/div>\r\n<\/div>\r\n<div class=\"entry folder skeleton-entry\">\r\n    <div class=\"entry_block\">\r\n                <div class=\"entry-info\">\r\n            <div class=\"entry-info-icon skeleton skeleton-icon\"><\/div>\r\n            <div class=\"entry-info-name\"><span class=\"skeleton skeleton-text\"><\/span><\/div>\r\n                    <\/div>\r\n    <\/div>\r\n<\/div>\r\n<div class=\"entry folder skeleton-entry\">\r\n    <div class=\"entry_block\">\r\n                <div class=\"entry-info\">\r\n            <div class=\"entry-info-icon skeleton skeleton-icon\"><\/div>\r\n            <div class=\"entry-info-name\"><span class=\"skeleton skeleton-text\"><\/span><\/div>\r\n                    <\/div>\r\n    <\/div>\r\n<\/div>\r\n<\/div>\r\n                    <div class=\"files-container\"><div class=\"entry file skeleton-entry\">\r\n    <div class=\"entry_block\">\r\n         <div class=\"entry_thumbnail skeleton skeleton-img\"><\/div>        <div class=\"entry-info\">\r\n            <div class=\"entry-info-icon skeleton skeleton-icon\"><\/div>\r\n            <div class=\"entry-info-name\"><span class=\"skeleton skeleton-text\"><\/span><\/div>\r\n                        <div class=\"entry-info-modified-date skeleton skeleton-text-small\"><\/div>\r\n            <div class=\"entry-info-size skeleton skeleton-text-small\"><\/div>\r\n                    <\/div>\r\n    <\/div>\r\n<\/div>\r\n<div class=\"entry file skeleton-entry\">\r\n    <div class=\"entry_block\">\r\n         <div class=\"entry_thumbnail skeleton skeleton-img\"><\/div>        <div class=\"entry-info\">\r\n            <div class=\"entry-info-icon skeleton skeleton-icon\"><\/div>\r\n            <div class=\"entry-info-name\"><span class=\"skeleton skeleton-text\"><\/span><\/div>\r\n                        <div class=\"entry-info-modified-date skeleton skeleton-text-small\"><\/div>\r\n            <div class=\"entry-info-size skeleton skeleton-text-small\"><\/div>\r\n                    <\/div>\r\n    <\/div>\r\n<\/div>\r\n<div class=\"entry file skeleton-entry\">\r\n    <div class=\"entry_block\">\r\n         <div class=\"entry_thumbnail skeleton skeleton-img\"><\/div>        <div class=\"entry-info\">\r\n            <div class=\"entry-info-icon skeleton skeleton-icon\"><\/div>\r\n            <div class=\"entry-info-name\"><span class=\"skeleton skeleton-text\"><\/span><\/div>\r\n                        <div class=\"entry-info-modified-date skeleton skeleton-text-small\"><\/div>\r\n            <div class=\"entry-info-size skeleton skeleton-text-small\"><\/div>\r\n                    <\/div>\r\n    <\/div>\r\n<\/div>\r\n<div class=\"entry file skeleton-entry\">\r\n    <div class=\"entry_block\">\r\n         <div class=\"entry_thumbnail skeleton skeleton-img\"><\/div>        <div class=\"entry-info\">\r\n            <div class=\"entry-info-icon skeleton skeleton-icon\"><\/div>\r\n            <div class=\"entry-info-name\"><span class=\"skeleton skeleton-text\"><\/span><\/div>\r\n                        <div class=\"entry-info-modified-date skeleton skeleton-text-small\"><\/div>\r\n            <div class=\"entry-info-size skeleton skeleton-text-small\"><\/div>\r\n                    <\/div>\r\n    <\/div>\r\n<\/div>\r\n<div class=\"entry file skeleton-entry\">\r\n    <div class=\"entry_block\">\r\n         <div class=\"entry_thumbnail skeleton skeleton-img\"><\/div>        <div class=\"entry-info\">\r\n            <div class=\"entry-info-icon skeleton skeleton-icon\"><\/div>\r\n            <div class=\"entry-info-name\"><span class=\"skeleton skeleton-text\"><\/span><\/div>\r\n                        <div class=\"entry-info-modified-date skeleton skeleton-text-small\"><\/div>\r\n            <div class=\"entry-info-size skeleton skeleton-text-small\"><\/div>\r\n                    <\/div>\r\n    <\/div>\r\n<\/div>\r\n<\/div>\r\n                <\/div>\r\n            <\/div>\r\n            <div class=\"scroll-to-top\">\r\n                <button class=\"scroll-to-top-action button button-round-icon secondary button-round-icon-lg button-shadow-3\" type=\"button\" title=\"Nach oben scrollen\" aria-expanded=\"false\"><i class=\"eva eva-arrow-upward-outline eva-2x\"><\/i><\/button>\r\n                            <\/div>\r\n            <div class=\"wpcp-browser-container-info\">\r\n                <div class=\"wpcp-container-overlay\"><\/div>\r\n                <div class=\"wpcp-info-content\">\r\n                    <div class=\"wpcp-info-close entry-info-button\">\r\n                        <i class=\"eva eva-close eva-lg\" aria-hidden=\"true\"><\/i>\r\n                    <\/div>\r\n                    <div class=\"wpcp-info-thumbnail\"><\/div>\r\n                    <div class=\"wpcp-info-list\"><\/div>\r\n                <\/div>\r\n            <\/div>\r\n        <\/div>\r\n    <\/div>\r\n<\/div><\/div><\/div><div class='wpcp-module-script'><script data-jetpack-boost=\"ignore\" data-jetpack-boost=\"ignore\" data-jetpack-boost=\"ignore\" type='text\/javascript'>if (typeof(jQuery) !== 'undefined' && typeof(jQuery.cp) !== 'undefined' && typeof(jQuery.cp.ShareoneDrive) === 'function') { jQuery('#ShareoneDrive-cc2dfae3fbc5bccfd5b77bb4d8a98a30').ShareoneDrive(ShareoneDrive_vars); };<\/script><\/div><\/div><\/div>\n\t\t\t\t\t\t<\/div>\n\t\t\t\t<\/div>\n\t\t\t\t\t<\/div>\n\t\t\t\t<\/div>\n\t\t\t\t<\/div>\n\t\t","protected":false},"excerpt":{"rendered":"<p>Organisation von Leistungszentren Lokale Leistungszentren (LLZ) Die Lokalen Leistungszentren (LLZ) sollen den Nachwuchs ausbilden und die Regionalen Leistungszentren (RLZ) versorgen. In den lokalen Zentren werden junge Athleten ausgebildet, die ermutigt werden, Fortschritte zu machen und regelm\u00e4\u00dfiger zu trainieren, um in die nationalen und regionalen Nachwuchskader sowie in die regionalen Leistungszentren aufgenommen zu werden. Lokale Leistungszentren [&hellip;]<\/p>\n","protected":false},"author":1,"featured_media":0,"parent":0,"menu_order":119,"comment_status":"closed","ping_status":"closed","template":"","meta":{"footnotes":""},"class_list":["post-65626","page","type-page","status-publish","hentry"],"jetpack_sharing_enabled":true,"_links":{"self":[{"href":"https:\/\/www.swissarchery.org\/de\/wp-json\/wp\/v2\/pages\/65626","targetHints":{"allow":["GET"]}}],"collection":[{"href":"https:\/\/www.swissarchery.org\/de\/wp-json\/wp\/v2\/pages"}],"about":[{"href":"https:\/\/www.swissarchery.org\/de\/wp-json\/wp\/v2\/types\/page"}],"author":[{"embeddable":true,"href":"https:\/\/www.swissarchery.org\/de\/wp-json\/wp\/v2\/users\/1"}],"replies":[{"embeddable":true,"href":"https:\/\/www.swissarchery.org\/de\/wp-json\/wp\/v2\/comments?post=65626"}],"version-history":[{"count":0,"href":"https:\/\/www.swissarchery.org\/de\/wp-json\/wp\/v2\/pages\/65626\/revisions"}],"wp:attachment":[{"href":"https:\/\/www.swissarchery.org\/de\/wp-json\/wp\/v2\/media?parent=65626"}],"curies":[{"name":"wp","href":"https:\/\/api.w.org\/{rel}","templated":true}]}}