{"id":65412,"date":"2023-02-24T17:46:43","date_gmt":"2023-02-24T16:46:43","guid":{"rendered":"https:\/\/dev-public.swissarchery.org\/rechtsfragen-fuer-klubs\/"},"modified":"2024-12-19T20:46:06","modified_gmt":"2024-12-19T19:46:06","slug":"rechtsfragen-fuer-klubs","status":"publish","type":"page","link":"https:\/\/www.swissarchery.org\/de\/rechtsfragen-fuer-klubs\/","title":{"rendered":"Rechtsfragen f\u00fcr Klubs"},"content":{"rendered":"\t\t<div data-elementor-type=\"wp-page\" data-elementor-id=\"65412\" class=\"elementor elementor-65412 elementor-62093\" data-elementor-post-type=\"page\">\n\t\t\t\t<div class=\"elementor-element elementor-element-791ae8b e-flex e-con-boxed e-con e-parent\" data-id=\"791ae8b\" data-element_type=\"container\" data-e-type=\"container\">\n\t\t\t\t\t<div class=\"e-con-inner\">\n\t\t\t\t<div class=\"elementor-element elementor-element-589c0c9 elementor-widget elementor-widget-heading\" data-id=\"589c0c9\" data-element_type=\"widget\" data-e-type=\"widget\" data-widget_type=\"heading.default\">\n\t\t\t\t\t<h2 class=\"elementor-heading-title elementor-size-default\">H\u00e4ufige Rechtsthemen<\/h2>\t\t\t\t<\/div>\n\t\t\t\t<div class=\"elementor-element elementor-element-759c086 elementor-widget elementor-widget-text-editor\" data-id=\"759c086\" data-element_type=\"widget\" data-e-type=\"widget\" data-widget_type=\"text-editor.default\">\n\t\t\t\t\t\t\t\t\t<p>Vereine werden immer h\u00e4ufiger mit juristischen Spitzenfragen konfrontiert. Manchmal erfordern sie spezielle, auf die jeweilige Situation zugeschnittene Antworten. Um den Vereinen jedoch zu erm\u00f6glichen, schnell Antworten zu finden, werden im Folgenden einige h\u00e4ufig auftretende rechtliche Themen behandelt. Die folgenden Themen ber\u00fccksichtigen keine spezifischen Situationen und es ist m\u00f6glich, dass die Situation in jedem Club anders ist.<\/p>\n\t\t\t\t\t\t\t\t<\/div>\n\t\t\t\t<div class=\"elementor-element elementor-element-8b0cad8 elementor-widget elementor-widget-accordion\" data-id=\"8b0cad8\" data-element_type=\"widget\" data-e-type=\"widget\" data-widget_type=\"accordion.default\">\n\t\t\t\t\t\t\t<div class=\"elementor-accordion\">\n\t\t\t\t\t\t\t<div class=\"elementor-accordion-item\">\n\t\t\t\t\t<div id=\"elementor-tab-title-1451\" class=\"elementor-tab-title\" data-tab=\"1\" role=\"button\" aria-controls=\"elementor-tab-content-1451\" aria-expanded=\"false\">\n\t\t\t\t\t\t\t\t\t\t\t\t\t<span class=\"elementor-accordion-icon elementor-accordion-icon-left\" aria-hidden=\"true\">\n\t\t\t\t\t\t\t\t\t\t\t\t\t\t\t<span class=\"elementor-accordion-icon-closed\"><svg class=\"e-font-icon-svg e-fas-plus\" viewBox=\"0 0 448 512\" xmlns=\"http:\/\/www.w3.org\/2000\/svg\"><path d=\"M416 208H272V64c0-17.67-14.33-32-32-32h-32c-17.67 0-32 14.33-32 32v144H32c-17.67 0-32 14.33-32 32v32c0 17.67 14.33 32 32 32h144v144c0 17.67 14.33 32 32 32h32c17.67 0 32-14.33 32-32V304h144c17.67 0 32-14.33 32-32v-32c0-17.67-14.33-32-32-32z\"><\/path><\/svg><\/span>\n\t\t\t\t\t\t\t\t<span class=\"elementor-accordion-icon-opened\"><svg class=\"e-font-icon-svg e-fas-minus\" viewBox=\"0 0 448 512\" xmlns=\"http:\/\/www.w3.org\/2000\/svg\"><path d=\"M416 208H32c-17.67 0-32 14.33-32 32v32c0 17.67 14.33 32 32 32h384c17.67 0 32-14.33 32-32v-32c0-17.67-14.33-32-32-32z\"><\/path><\/svg><\/span>\n\t\t\t\t\t\t\t\t\t\t\t\t\t\t<\/span>\n\t\t\t\t\t\t\t\t\t\t\t\t<a class=\"elementor-accordion-title\" tabindex=\"0\">Das Verfassen der Satzung (Art. 60 ff. ZGB)<\/a>\n\t\t\t\t\t<\/div>\n\t\t\t\t\t<div id=\"elementor-tab-content-1451\" class=\"elementor-tab-content elementor-clearfix\" data-tab=\"1\" role=\"region\" aria-labelledby=\"elementor-tab-title-1451\"><p>Die Satzung ist die Gesamtheit der Bestimmungen, die die Funktionsweise der Vereinigung regeln. Sie m\u00fcssen schriftlich festgehalten werden. Es gibt keine gesetzliche Grundlage, die verlangt, dass die Satzung von zwei Personen unterzeichnet wird, es ist eine Praxis. Die Satzung muss jedoch einen Mindestinhalt haben:<\/p>\n<p><strong>A. Bestimmung des Ziels<\/strong><\/p>\n<p>Man darf den Zweck und die Mittel nicht verstehen. Der Zweck wird von der Vereinigung frei bestimmt. Sie m\u00fcssen jedoch ihren Willen zum Ausdruck bringen, korporativ und normalerweise ohne wirtschaftliche Ziele organisiert zu sein. Es gibt jedoch auch Vereinigungen mit wirtschaftlichen Zielen.<\/p>\n<p><strong>B. Ressourcen<\/strong><\/p>\n<p>Ressourcen sind in der Regel Mitgliedsbeitr\u00e4ge und andere Finanzierungsquellen.<\/p>\n<p><strong>C. Die Organisation<\/strong><\/p>\n<p>Die Ernennung der Gesch\u00e4ftsf\u00fchrung ist notwendig und muss in der Satzung vorgesehen werden. Sofern die Satzung nichts anderes bestimmt, befindet sich der Sitz am Sitz der Gesch\u00e4ftsf\u00fchrung. Der Sitz kann an der Adresse des\/der Vorsitzenden sein. Der Sitz ist an die Gemeinde gebunden und nicht an die genaue Adresse.<\/p>\n<p>Neben den Statuten gibt es auch Observanzen. Es geht darum, immer auf die gleiche Weise zu handeln. Eine gewohnheitsm\u00e4\u00dfige Vereinspraxis wird zur Satzung. Die Praxis muss schon eine Weile andauern und die Menschen m\u00fcssen die Praxis akzeptieren.<\/p>\n<p><strong>D. Der Wille, einen Verein zu gr\u00fcnden<\/strong><\/p>\n<p>Der Wille muss in der Satzung unmissverst\u00e4ndlich zum Ausdruck kommen. Die Praxis bezieht sich auf das Zivilgesetzbuch. Der Wille zur Verfassung ist eine kollektive Entscheidung. Die Gr\u00fcndung kann gleichzeitig oder nacheinander erfolgen. Es gibt keine Mindestanzahl an Mitgliedern, allerdings ist der Ein-Personen-Verein nicht zul\u00e4ssig. Es sind daher mindestens zwei Mitglieder erforderlich.<\/p>\n<p>Die Mitglieder k\u00f6nnen minderj\u00e4hrig sein. Das Recht ist strikt pers\u00f6nlich und daher ist es mit Urteilsf\u00e4higkeit m\u00f6glich, Mitglied einer Vereinigung zu sein. Finanzielle Verpflichtungen k\u00f6nnen die Entscheidung den gesetzlichen Vertretern vorbehalten.<\/p>\n<\/div>\n\t\t\t\t<\/div>\n\t\t\t\t\t\t\t<div class=\"elementor-accordion-item\">\n\t\t\t\t\t<div id=\"elementor-tab-title-1452\" class=\"elementor-tab-title\" data-tab=\"2\" role=\"button\" aria-controls=\"elementor-tab-content-1452\" aria-expanded=\"false\">\n\t\t\t\t\t\t\t\t\t\t\t\t\t<span class=\"elementor-accordion-icon elementor-accordion-icon-left\" aria-hidden=\"true\">\n\t\t\t\t\t\t\t\t\t\t\t\t\t\t\t<span class=\"elementor-accordion-icon-closed\"><svg class=\"e-font-icon-svg e-fas-plus\" viewBox=\"0 0 448 512\" xmlns=\"http:\/\/www.w3.org\/2000\/svg\"><path d=\"M416 208H272V64c0-17.67-14.33-32-32-32h-32c-17.67 0-32 14.33-32 32v144H32c-17.67 0-32 14.33-32 32v32c0 17.67 14.33 32 32 32h144v144c0 17.67 14.33 32 32 32h32c17.67 0 32-14.33 32-32V304h144c17.67 0 32-14.33 32-32v-32c0-17.67-14.33-32-32-32z\"><\/path><\/svg><\/span>\n\t\t\t\t\t\t\t\t<span class=\"elementor-accordion-icon-opened\"><svg class=\"e-font-icon-svg e-fas-minus\" viewBox=\"0 0 448 512\" xmlns=\"http:\/\/www.w3.org\/2000\/svg\"><path d=\"M416 208H32c-17.67 0-32 14.33-32 32v32c0 17.67 14.33 32 32 32h384c17.67 0 32-14.33 32-32v-32c0-17.67-14.33-32-32-32z\"><\/path><\/svg><\/span>\n\t\t\t\t\t\t\t\t\t\t\t\t\t\t<\/span>\n\t\t\t\t\t\t\t\t\t\t\t\t<a class=\"elementor-accordion-title\" tabindex=\"0\">Die Besteuerung von gemeinn\u00fctzigen Vereinen (Art. 49 LIDF)<\/a>\n\t\t\t\t\t<\/div>\n\t\t\t\t\t<div id=\"elementor-tab-content-1452\" class=\"elementor-tab-content elementor-clearfix\" data-tab=\"2\" role=\"region\" aria-labelledby=\"elementor-tab-title-1452\"><p>Vereine sind steuerpflichtig, au\u00dfer wenn sie einen ideellen Zweck verfolgen. Der Begriff des ideellen Zwecks umfasst politische und religi\u00f6se Aktivit\u00e4ten oder wohlt\u00e4tige Werke. Sportvereine haben in der Regel keinen ideellen Zweck, da sie darauf abzielt, ihren Mitgliedern Leistungen zu erbringen, wie z. B. die Bereitstellung eines Trainingsgel\u00e4ndes oder die Organisation von Kursen. Sportvereine sind daher grunds\u00e4tzlich verm\u00f6gens- und einkommenssteuerpflichtig. Sie m\u00fcssen j\u00e4hrlich eine Steuererkl\u00e4rung ausf\u00fcllen (Bundesgerichtsurteil 2C_835\/2016 vom 21. M\u00e4rz 2017 E. 2.2.2).<\/p>\n<\/div>\n\t\t\t\t<\/div>\n\t\t\t\t\t\t\t<div class=\"elementor-accordion-item\">\n\t\t\t\t\t<div id=\"elementor-tab-title-1453\" class=\"elementor-tab-title\" data-tab=\"3\" role=\"button\" aria-controls=\"elementor-tab-content-1453\" aria-expanded=\"false\">\n\t\t\t\t\t\t\t\t\t\t\t\t\t<span class=\"elementor-accordion-icon elementor-accordion-icon-left\" aria-hidden=\"true\">\n\t\t\t\t\t\t\t\t\t\t\t\t\t\t\t<span class=\"elementor-accordion-icon-closed\"><svg class=\"e-font-icon-svg e-fas-plus\" viewBox=\"0 0 448 512\" xmlns=\"http:\/\/www.w3.org\/2000\/svg\"><path d=\"M416 208H272V64c0-17.67-14.33-32-32-32h-32c-17.67 0-32 14.33-32 32v144H32c-17.67 0-32 14.33-32 32v32c0 17.67 14.33 32 32 32h144v144c0 17.67 14.33 32 32 32h32c17.67 0 32-14.33 32-32V304h144c17.67 0 32-14.33 32-32v-32c0-17.67-14.33-32-32-32z\"><\/path><\/svg><\/span>\n\t\t\t\t\t\t\t\t<span class=\"elementor-accordion-icon-opened\"><svg class=\"e-font-icon-svg e-fas-minus\" viewBox=\"0 0 448 512\" xmlns=\"http:\/\/www.w3.org\/2000\/svg\"><path d=\"M416 208H32c-17.67 0-32 14.33-32 32v32c0 17.67 14.33 32 32 32h384c17.67 0 32-14.33 32-32v-32c0-17.67-14.33-32-32-32z\"><\/path><\/svg><\/span>\n\t\t\t\t\t\t\t\t\t\t\t\t\t\t<\/span>\n\t\t\t\t\t\t\t\t\t\t\t\t<a class=\"elementor-accordion-title\" tabindex=\"0\">Die Besteuerung von Mitgliedsbeitr\u00e4gen an Vereine (Art. 66 DBG)<\/a>\n\t\t\t\t\t<\/div>\n\t\t\t\t\t<div id=\"elementor-tab-content-1453\" class=\"elementor-tab-content elementor-clearfix\" data-tab=\"3\" role=\"region\" aria-labelledby=\"elementor-tab-title-1453\"><p>Die Beitr\u00e4ge der Vereinsmitglieder werden nicht besteuert und k\u00f6nnen in der Steuererkl\u00e4rung vom steuerpflichtigen Gewinn abgezogen werden (Art. 66 DBG). Eink\u00fcnfte aus anderen Quellen, z. B. aus dem Verkauf von Produkten oder der Organisation von Einf\u00fchrungen f\u00fcr externe Personen, sind steuerpflichtige Gewinne und m\u00fcssen als solche angegeben werden. Bei Vereinen mit hohen Ums\u00e4tzen muss auch die Frage der Umsatzsteuerpflicht gepr\u00fcft werden. Der Schwellenwert f\u00fcr gemeinn\u00fctzige Organisationen liegt derzeit bei 150.000 CHF.<\/p>\n<\/div>\n\t\t\t\t<\/div>\n\t\t\t\t\t\t\t\t<\/div>\n\t\t\t\t\t\t<\/div>\n\t\t\t\t\t<\/div>\n\t\t\t\t<\/div>\n\t\t\t\t<\/div>\n\t\t","protected":false},"excerpt":{"rendered":"<p>H\u00e4ufige Rechtsthemen Vereine werden immer h\u00e4ufiger mit juristischen Spitzenfragen konfrontiert. Manchmal erfordern sie spezielle, auf die jeweilige Situation zugeschnittene Antworten. Um den Vereinen jedoch zu erm\u00f6glichen, schnell Antworten zu finden, werden im Folgenden einige h\u00e4ufig auftretende rechtliche Themen behandelt. Die folgenden Themen ber\u00fccksichtigen keine spezifischen Situationen und es ist m\u00f6glich, dass die Situation in jedem [&hellip;]<\/p>\n","protected":false},"author":1,"featured_media":0,"parent":0,"menu_order":81,"comment_status":"closed","ping_status":"closed","template":"","meta":{"footnotes":""},"class_list":["post-65412","page","type-page","status-publish","hentry"],"jetpack_sharing_enabled":true,"_links":{"self":[{"href":"https:\/\/www.swissarchery.org\/de\/wp-json\/wp\/v2\/pages\/65412","targetHints":{"allow":["GET"]}}],"collection":[{"href":"https:\/\/www.swissarchery.org\/de\/wp-json\/wp\/v2\/pages"}],"about":[{"href":"https:\/\/www.swissarchery.org\/de\/wp-json\/wp\/v2\/types\/page"}],"author":[{"embeddable":true,"href":"https:\/\/www.swissarchery.org\/de\/wp-json\/wp\/v2\/users\/1"}],"replies":[{"embeddable":true,"href":"https:\/\/www.swissarchery.org\/de\/wp-json\/wp\/v2\/comments?post=65412"}],"version-history":[{"count":0,"href":"https:\/\/www.swissarchery.org\/de\/wp-json\/wp\/v2\/pages\/65412\/revisions"}],"wp:attachment":[{"href":"https:\/\/www.swissarchery.org\/de\/wp-json\/wp\/v2\/media?parent=65412"}],"curies":[{"name":"wp","href":"https:\/\/api.w.org\/{rel}","templated":true}]}}