{"id":65377,"date":"2023-12-11T13:39:06","date_gmt":"2023-12-11T12:39:06","guid":{"rendered":"https:\/\/dev-public.swissarchery.org\/trainer-und-betreuer\/"},"modified":"2026-04-03T17:26:46","modified_gmt":"2026-04-03T15:26:46","slug":"trainer-und-betreuer","status":"publish","type":"page","link":"https:\/\/www.swissarchery.org\/de\/trainer-und-betreuer\/","title":{"rendered":"Trainer und Betreuer"},"content":{"rendered":"\t\t<div data-elementor-type=\"wp-page\" data-elementor-id=\"65377\" class=\"elementor elementor-65377 elementor-63342\" data-elementor-post-type=\"page\">\n\t\t\t\t<div class=\"elementor-element elementor-element-618fe8b e-flex e-con-boxed e-con e-parent\" data-id=\"618fe8b\" data-element_type=\"container\" data-e-type=\"container\">\n\t\t\t\t\t<div class=\"e-con-inner\">\n\t\t\t\t<div class=\"elementor-element elementor-element-d894eea elementor-widget elementor-widget-heading\" data-id=\"d894eea\" data-element_type=\"widget\" data-e-type=\"widget\" data-widget_type=\"heading.default\">\n\t\t\t\t\t<h2 class=\"elementor-heading-title elementor-size-default\">Betreuung der Kader und des Nationalteams<\/h2>\t\t\t\t<\/div>\n\t\t\t\t\t<\/div>\n\t\t\t\t<\/div>\n\t\t<div class=\"elementor-element elementor-element-d4e98d9 e-flex e-con-boxed e-con e-parent\" data-id=\"d4e98d9\" data-element_type=\"container\" data-e-type=\"container\">\n\t\t\t\t\t<div class=\"e-con-inner\">\n\t\t\t\t<div class=\"elementor-element elementor-element-4c07a2b elementor-widget elementor-widget-text-editor\" data-id=\"4c07a2b\" data-element_type=\"widget\" data-e-type=\"widget\" data-widget_type=\"text-editor.default\">\n\t\t\t\t\t\t\t\t\t<p>Wenn es um das Training der Nationalmannschaft und der Kader geht, ist die Rolle der professionellen Trainer\/innen von entscheidender Bedeutung. Sie werden eingestellt, um Athleten und Kader gem\u00e4\u00df vertraglicher Vereinbarungen oder Mandate zu betreuen. Au\u00dferdem gibt es ehrenamtliche Trainer, die die Profis bei ihrer Arbeit unterst\u00fctzen und zum Erfolg des Teams beitragen. Professionelle und ehrenamtliche Trainer\/innen arbeiten zusammen, um sicherzustellen, dass die Athleten\/innen ihr bestes Leistungsniveau erreichen und f\u00fcr alle Wettk\u00e4mpfe bereit sind.<\/p>\t\t\t\t\t\t\t\t<\/div>\n\t\t\t\t<div class=\"elementor-element elementor-element-b3a88a8 elementor-widget elementor-widget-text-editor\" data-id=\"b3a88a8\" data-element_type=\"widget\" data-e-type=\"widget\" data-widget_type=\"text-editor.default\">\n\t\t\t\t\t\t\t\t\t<p>Der Nationaltrainer \u201eRecurve\u201c ist Vollzeitangestellter des Verbands. Die Nachwuchstrainerin ist ebenfalls Teilzeitangestellte des Verbandes und wird je nach Aktivit\u00e4t bezahlt. Der Nationaltrainer \u201eCompound\u201c ist vom Verband beauftragt. Die Ersatzcoaches sind ehrenamtlich t\u00e4tig, werden aber gem\u00e4\u00df den internen Regeln entsch\u00e4digt.<\/p>\t\t\t\t\t\t\t\t<\/div>\n\t\t\t\t<div class=\"elementor-element elementor-element-35c1c95 elementor-widget elementor-widget-heading\" data-id=\"35c1c95\" data-element_type=\"widget\" data-e-type=\"widget\" data-widget_type=\"heading.default\">\n\t\t\t\t\t<h2 class=\"elementor-heading-title elementor-size-default\">Liste der Verbandstrainer\/innen<\/h2>\t\t\t\t<\/div>\n\t\t\t\t<div class=\"elementor-element elementor-element-08c90f8 elementor-widget elementor-widget-rttm-team-grid\" data-id=\"08c90f8\" data-element_type=\"widget\" data-e-type=\"widget\" data-widget_type=\"rttm-team-grid.default\">\n\t\t\t\t<div class=\"elementor-widget-container\">\n\t\t\t\t\t<div class=\"rt-team-container rt-elementor-container rt-pos-r rt-team-container-elementor rt-hover-zoom_in\" id=\"rt-team-container-358787969\" data-layout=\"layout15\" data-desktop-col=\"3\" data-tab-col=\"2\" data-mobile-col=\"1\" data-sc-id=\"elementor\" data-rttm-pagination='{\"layout\":\"layout15\",\"dCols\":3,\"tCols\":2,\"mCols\":1,\"postIn\":[],\"postNotIn\":[],\"limit\":12,\"pagination\":false,\"postsPerPage\":\"\",\"order_by\":\"date\",\"order\":\"DESC\",\"department_ids\":[],\"designation_ids\":[\"165\"],\"link\":true,\"fImg\":false,\"fImgSize\":\"team-thumb\",\"customImgSize\":{\"crop\":\"\"},\"character_limit\":0,\"after_short_desc\":\"\",\"read_more_btn_text\":\"\",\"my_resume_text\":\"\",\"hire_me_text\":\"\",\"visibility\":[\"name\",\"designation\",\"email\",\"telephone\",\"mobile\",\"social\"],\"social_profiles\":[],\"posts_loading_type\":\"pagination\",\"load_more_text\":\"Load More\",\"relation\":\"OR\",\"iCol\":4,\"gridType\":\"even\",\"linkType\":\"external_link\",\"popupType\":\"single\",\"target\":\"_self\",\"grayscale\":false,\"stripedRow\":false,\"defaultImgId\":68524,\"filter_buttons\":false,\"filters\":[],\"taxFilter\":\"team_department\",\"action_term\":0,\"isoFilterTaxonomy\":\"team_department\",\"filterType\":null,\"hide_all_button\":true,\"tItem\":0,\"fShowAll\":false,\"animation\":\"zoom_in\",\"image_flip\":false}'><div data-title=\"Loading ...\" class=\"rt-row rt-content-loader element-loading layout15 ttp-even ttp-pre-loader\">\t<div class='rt-col-md-4 rt-col-sm-6 rt-col-xs-12   even-grid-item rt-grid-item rt-ready-animation animated fadeIn' data-id='67149'>\r\n\t\t<div class=\"single-team-area\">\r\n\t\t\t\t\t\t\t<a class='' data-id='67149' target='_self' href='https:\/\/www.swissarchery.org\/de\/team\/julien-alsberghe\/'>\r\n\t\t\t\t\t<img data-recalc-dims=\"1\" fetchpriority=\"high\" decoding=\"async\" width=\"400\" height=\"400\" src=\"https:\/\/i0.wp.com\/www.swissarchery.org\/wp-content\/uploads\/2025\/01\/Julien-Alberghe-400x400.webp?resize=400%2C400&#038;quality=80&#038;ssl=1\" class=\"img-responsive rt-team-img\" alt=\"Julien Alsberghe\" \/>\t\t\t\t<\/a>\r\n\t\t\t\t\t\t\t\t<div class=\"ttp-member-title\">\r\n\t\t\t\t\t<h3><span class=\"team-name\"><a class=\"\" data-id=\"67149\" target=\"_self\" title=\"Julien Alsberghe\" href=\"https:\/\/www.swissarchery.org\/de\/team\/julien-alsberghe\/\">Julien Alsberghe<\/a><\/span><\/h3><div class=\"tlp-position\"><span><a class=\"\" data-id=\"67149\" target=\"_self\" title=\"Julien Alsberghe\" href=\"https:\/\/www.swissarchery.org\/de\/team\/julien-alsberghe\/\">Entra\u00eeneur(e) national(e)<\/a><\/span><\/div>\t\t\t\t<\/div>\r\n\t\t\t\t\t\t<\/div>\r\n\t<\/div>\r\n\t\t<div class='rt-col-md-4 rt-col-sm-6 rt-col-xs-12   even-grid-item rt-grid-item rt-ready-animation animated fadeIn' data-id='67094'>\r\n\t\t<div class=\"single-team-area\">\r\n\t\t\t\t\t\t\t<a class='' data-id='67094' target='_self' href='https:\/\/www.swissarchery.org\/de\/team\/noelia-herrero\/'>\r\n\t\t\t\t\t<img data-recalc-dims=\"1\" decoding=\"async\" width=\"400\" height=\"400\" src=\"https:\/\/i0.wp.com\/www.swissarchery.org\/wp-content\/uploads\/2025\/01\/Noelia-Herrero.webp?resize=400%2C400&#038;quality=80&#038;ssl=1\" class=\"img-responsive rt-team-img\" alt=\"Noelia Herrero\" \/>\t\t\t\t<\/a>\r\n\t\t\t\t\t\t\t\t<div class=\"ttp-member-title\">\r\n\t\t\t\t\t<h3><span class=\"team-name\"><a class=\"\" data-id=\"67094\" target=\"_self\" title=\"Noelia Herrero\" href=\"https:\/\/www.swissarchery.org\/de\/team\/noelia-herrero\/\">Noelia Herrero<\/a><\/span><\/h3><div class=\"tlp-position\"><span><a class=\"\" data-id=\"67094\" target=\"_self\" title=\"Noelia Herrero\" href=\"https:\/\/www.swissarchery.org\/de\/team\/noelia-herrero\/\">Membre du comit\u00e9, Entra\u00eeneur(e) national(e)<\/a><\/span><\/div>\t\t\t\t<\/div>\r\n\t\t\t\t\t\t<\/div>\r\n\t<\/div>\r\n\t<div class=\"rt-loading-overlay full-op\"><\/div><div class=\"rt-loading rt-ball-clip-rotate\"><div><\/div><\/div><\/div><\/div>\t\t\t\t<\/div>\n\t\t\t\t<\/div>\n\t\t\t\t\t<\/div>\n\t\t\t\t<\/div>\n\t\t\t\t<\/div>\n\t\t","protected":false},"excerpt":{"rendered":"<p>Betreuung der Kader und des Nationalteams Wenn es um das Training der Nationalmannschaft und der Kader geht, ist die Rolle der professionellen Trainer\/innen von entscheidender Bedeutung. Sie werden eingestellt, um Athleten und Kader gem\u00e4\u00df vertraglicher Vereinbarungen oder Mandate zu betreuen. Au\u00dferdem gibt es ehrenamtliche Trainer, die die Profis bei ihrer Arbeit unterst\u00fctzen und zum Erfolg [&hellip;]<\/p>\n","protected":false},"author":1,"featured_media":0,"parent":0,"menu_order":132,"comment_status":"closed","ping_status":"closed","template":"","meta":{"footnotes":""},"class_list":["post-65377","page","type-page","status-publish","hentry"],"jetpack_sharing_enabled":true,"_links":{"self":[{"href":"https:\/\/www.swissarchery.org\/de\/wp-json\/wp\/v2\/pages\/65377","targetHints":{"allow":["GET"]}}],"collection":[{"href":"https:\/\/www.swissarchery.org\/de\/wp-json\/wp\/v2\/pages"}],"about":[{"href":"https:\/\/www.swissarchery.org\/de\/wp-json\/wp\/v2\/types\/page"}],"author":[{"embeddable":true,"href":"https:\/\/www.swissarchery.org\/de\/wp-json\/wp\/v2\/users\/1"}],"replies":[{"embeddable":true,"href":"https:\/\/www.swissarchery.org\/de\/wp-json\/wp\/v2\/comments?post=65377"}],"version-history":[{"count":0,"href":"https:\/\/www.swissarchery.org\/de\/wp-json\/wp\/v2\/pages\/65377\/revisions"}],"wp:attachment":[{"href":"https:\/\/www.swissarchery.org\/de\/wp-json\/wp\/v2\/media?parent=65377"}],"curies":[{"name":"wp","href":"https:\/\/api.w.org\/{rel}","templated":true}]}}