{"id":65353,"date":"2017-03-21T12:05:47","date_gmt":"2017-03-21T11:05:47","guid":{"rendered":"https:\/\/dev-public.swissarchery.org\/verantwortliche\/"},"modified":"2026-03-19T00:24:49","modified_gmt":"2026-03-18T23:24:49","slug":"verantwortliche","status":"publish","type":"page","link":"https:\/\/www.swissarchery.org\/de\/verantwortliche\/","title":{"rendered":"Verantwortliche"},"content":{"rendered":"\t\t<div data-elementor-type=\"wp-page\" data-elementor-id=\"65353\" class=\"elementor elementor-65353 elementor-1555\" data-elementor-post-type=\"page\">\n\t\t\t\t\t\t<section class=\"elementor-section elementor-top-section elementor-element elementor-element-212b0307 elementor-section-boxed elementor-section-height-default elementor-section-height-default\" data-id=\"212b0307\" data-element_type=\"section\" data-e-type=\"section\">\n\t\t\t\t\t\t<div class=\"elementor-container elementor-column-gap-default\">\n\t\t\t\t\t<div class=\"elementor-column elementor-col-100 elementor-top-column elementor-element elementor-element-5e6d7d4a\" data-id=\"5e6d7d4a\" data-element_type=\"column\" data-e-type=\"column\">\n\t\t\t<div class=\"elementor-widget-wrap elementor-element-populated\">\n\t\t\t\t\t\t<div class=\"elementor-element elementor-element-c138a1b elementor-widget elementor-widget-heading\" data-id=\"c138a1b\" data-element_type=\"widget\" data-e-type=\"widget\" data-widget_type=\"heading.default\">\n\t\t\t\t\t<h2 class=\"elementor-heading-title elementor-size-default\">Bereichsverantwortliche<\/h2>\t\t\t\t<\/div>\n\t\t\t\t<div class=\"elementor-element elementor-element-5e3df1b elementor-widget elementor-widget-text-editor\" data-id=\"5e3df1b\" data-element_type=\"widget\" data-e-type=\"widget\" data-widget_type=\"text-editor.default\">\n\t\t\t\t\t\t\t\t\t<p>Der Zentralvorstand wird bei der Verbandsf\u00fchrung von verantwortlichen Personen unterst\u00fctzt, die in ihren spezifischen Kompetenzbereichen t\u00e4tig sind. Die Verantwortlichen setzen die Verbandsstrategie und die laufenden Verbandsaufgaben in ihren jeweiligen Bereichen um. Die Mehrheit der Verantwortlichen ist ehrenamtlich t\u00e4tig. Jeder Verantwortliche arbeitet nach einem definierten und pr\u00e4zisen Pflichtenheft. Bei Bedarf k\u00f6nnen sich die Verantwortlichen zu einer Arbeitsgruppe zusammenschliessen.    <\/p>\t\t\t\t\t\t\t\t<\/div>\n\t\t\t\t\t<\/div>\n\t\t<\/div>\n\t\t\t\t\t<\/div>\n\t\t<\/section>\n\t\t<div class=\"elementor-element elementor-element-5d16dbf e-flex e-con-boxed e-con e-parent\" data-id=\"5d16dbf\" data-element_type=\"container\" data-e-type=\"container\">\n\t\t\t\t\t<div class=\"e-con-inner\">\n\t\t\t\t<div class=\"elementor-element elementor-element-529325b elementor-widget elementor-widget-heading\" data-id=\"529325b\" data-element_type=\"widget\" data-e-type=\"widget\" data-widget_type=\"heading.default\">\n\t\t\t\t\t<h2 class=\"elementor-heading-title elementor-size-default\">Liste der Verbandsverantwortlichen<\/h2>\t\t\t\t<\/div>\n\t\t\t\t<div class=\"elementor-element elementor-element-5a6219d elementor-widget elementor-widget-rttm-team-grid\" data-id=\"5a6219d\" data-element_type=\"widget\" data-e-type=\"widget\" data-widget_type=\"rttm-team-grid.default\">\n\t\t\t\t<div class=\"elementor-widget-container\">\n\t\t\t\t\t<div class=\"rt-team-container rt-elementor-container rt-pos-r rt-team-container-elementor rt-hover-zoom_in\" id=\"rt-team-container-2669842218\" data-layout=\"layout15\" data-desktop-col=\"3\" data-tab-col=\"2\" data-mobile-col=\"1\" data-sc-id=\"elementor\" data-rttm-pagination='{\"layout\":\"layout15\",\"dCols\":3,\"tCols\":2,\"mCols\":1,\"postIn\":[],\"postNotIn\":[],\"limit\":12,\"pagination\":false,\"postsPerPage\":\"\",\"order_by\":\"title\",\"order\":\"ASC\",\"department_ids\":[\"127\",\"132\"],\"designation_ids\":[],\"link\":true,\"fImg\":false,\"fImgSize\":\"team-thumb\",\"customImgSize\":{\"crop\":\"\"},\"character_limit\":0,\"after_short_desc\":\"\",\"read_more_btn_text\":\"\",\"my_resume_text\":\"\",\"hire_me_text\":\"\",\"visibility\":[\"name\",\"designation\",\"email\",\"telephone\",\"mobile\",\"social\"],\"social_profiles\":[],\"posts_loading_type\":\"pagination\",\"load_more_text\":\"Load More\",\"relation\":\"OR\",\"iCol\":4,\"gridType\":\"even\",\"linkType\":\"external_link\",\"popupType\":\"single\",\"target\":\"_self\",\"grayscale\":false,\"stripedRow\":false,\"defaultImgId\":68524,\"filter_buttons\":false,\"filters\":[],\"taxFilter\":\"team_department\",\"action_term\":0,\"isoFilterTaxonomy\":\"team_department\",\"filterType\":null,\"hide_all_button\":true,\"tItem\":0,\"fShowAll\":false,\"animation\":\"zoom_in\",\"image_flip\":false}'><div data-title=\"Loading ...\" class=\"rt-row rt-content-loader element-loading layout15 ttp-even ttp-pre-loader\">\t<div class='rt-col-md-4 rt-col-sm-6 rt-col-xs-12   even-grid-item rt-grid-item rt-ready-animation animated fadeIn' data-id='67157'>\r\n\t\t<div class=\"single-team-area\">\r\n\t\t\t\t\t\t\t<a class='' data-id='67157' target='_self' href='https:\/\/www.swissarchery.org\/de\/team\/angela-hunsperger-2\/'>\r\n\t\t\t\t\t<img data-recalc-dims=\"1\" fetchpriority=\"high\" decoding=\"async\" width=\"400\" height=\"400\" src=\"https:\/\/i0.wp.com\/www.swissarchery.org\/wp-content\/uploads\/2025\/01\/placeholder-tem-400x400.webp?resize=400%2C400&#038;quality=80&#038;ssl=1\" class=\"img-responsive rt-team-img\" alt=\"Angela Hunsperger\" \/>\t\t\t\t<\/a>\r\n\t\t\t\t\t\t\t\t<div class=\"ttp-member-title\">\r\n\t\t\t\t\t<h3><span class=\"team-name\"><a class=\"\" data-id=\"67157\" target=\"_self\" title=\"Angela Hunsperger\" href=\"https:\/\/www.swissarchery.org\/de\/team\/angela-hunsperger-2\/\">Angela Hunsperger<\/a><\/span><\/h3><div class=\"tlp-position\"><span><a class=\"\" data-id=\"67157\" target=\"_self\" title=\"Angela Hunsperger\" href=\"https:\/\/www.swissarchery.org\/de\/team\/angela-hunsperger-2\/\">Responsable des finances<\/a><\/span><\/div>\t\t\t\t<\/div>\r\n\t\t\t\t\t\t<\/div>\r\n\t<\/div>\r\n\t\t<div class='rt-col-md-4 rt-col-sm-6 rt-col-xs-12   even-grid-item rt-grid-item rt-ready-animation animated fadeIn' data-id='67162'>\r\n\t\t<div class=\"single-team-area\">\r\n\t\t\t\t\t\t\t<a class='' data-id='67162' target='_self' href='https:\/\/www.swissarchery.org\/de\/team\/angela-schwyter\/'>\r\n\t\t\t\t\t<img data-recalc-dims=\"1\" decoding=\"async\" width=\"400\" height=\"400\" src=\"https:\/\/i0.wp.com\/www.swissarchery.org\/wp-content\/uploads\/2025\/01\/placeholder-tem-400x400.webp?resize=400%2C400&#038;quality=80&#038;ssl=1\" class=\"img-responsive rt-team-img\" alt=\"Angela Schwyter\" \/>\t\t\t\t<\/a>\r\n\t\t\t\t\t\t\t\t<div class=\"ttp-member-title\">\r\n\t\t\t\t\t<h3><span class=\"team-name\"><a class=\"\" data-id=\"67162\" target=\"_self\" title=\"Angela Schwyter\" href=\"https:\/\/www.swissarchery.org\/de\/team\/angela-schwyter\/\">Angela Schwyter<\/a><\/span><\/h3><div class=\"tlp-position\"><span><a class=\"\" data-id=\"67162\" target=\"_self\" title=\"Angela Schwyter\" href=\"https:\/\/www.swissarchery.org\/de\/team\/angela-schwyter\/\">Administration<\/a><\/span><\/div>\t\t\t\t<\/div>\r\n\t\t\t\t\t\t<\/div>\r\n\t<\/div>\r\n\t\t<div class='rt-col-md-4 rt-col-sm-6 rt-col-xs-12   even-grid-item rt-grid-item rt-ready-animation animated fadeIn' data-id='67164'>\r\n\t\t<div class=\"single-team-area\">\r\n\t\t\t\t\t\t\t<a class='' data-id='67164' target='_self' href='https:\/\/www.swissarchery.org\/de\/team\/chris-petitjean\/'>\r\n\t\t\t\t\t<img data-recalc-dims=\"1\" decoding=\"async\" width=\"400\" height=\"400\" src=\"https:\/\/i0.wp.com\/www.swissarchery.org\/wp-content\/uploads\/2025\/01\/placeholder-tem-400x400.webp?resize=400%2C400&#038;quality=80&#038;ssl=1\" class=\"img-responsive rt-team-img\" alt=\"Chris Petitjean\" \/>\t\t\t\t<\/a>\r\n\t\t\t\t\t\t\t\t<div class=\"ttp-member-title\">\r\n\t\t\t\t\t<h3><span class=\"team-name\"><a class=\"\" data-id=\"67164\" target=\"_self\" title=\"Chris Petitjean\" href=\"https:\/\/www.swissarchery.org\/de\/team\/chris-petitjean\/\">Chris Petitjean<\/a><\/span><\/h3><div class=\"tlp-position\"><span><a class=\"\" data-id=\"67164\" target=\"_self\" title=\"Chris Petitjean\" href=\"https:\/\/www.swissarchery.org\/de\/team\/chris-petitjean\/\">Secr\u00e9tariat<\/a><\/span><\/div>\t\t\t\t<\/div>\r\n\t\t\t\t\t\t<\/div>\r\n\t<\/div>\r\n\t\t<div class='rt-col-md-4 rt-col-sm-6 rt-col-xs-12   even-grid-item rt-grid-item rt-ready-animation animated fadeIn' data-id='67144'>\r\n\t\t<div class=\"single-team-area\">\r\n\t\t\t\t\t\t\t<a class='' data-id='67144' target='_self' href='https:\/\/www.swissarchery.org\/de\/team\/janine-hunsperger\/'>\r\n\t\t\t\t\t<img data-recalc-dims=\"1\" loading=\"lazy\" decoding=\"async\" width=\"400\" height=\"400\" src=\"https:\/\/i0.wp.com\/www.swissarchery.org\/wp-content\/uploads\/2025\/01\/placeholder-tem-400x400.webp?resize=400%2C400&#038;quality=80&#038;ssl=1\" class=\"img-responsive rt-team-img\" alt=\"Janine Hunsperger\" \/>\t\t\t\t<\/a>\r\n\t\t\t\t\t\t\t\t<div class=\"ttp-member-title\">\r\n\t\t\t\t\t<h3><span class=\"team-name\"><a class=\"\" data-id=\"67144\" target=\"_self\" title=\"Janine Hunsperger\" href=\"https:\/\/www.swissarchery.org\/de\/team\/janine-hunsperger\/\">Janine Hunsperger<\/a><\/span><\/h3><div class=\"tlp-position\"><span><a class=\"\" data-id=\"67144\" target=\"_self\" title=\"Janine Hunsperger\" href=\"https:\/\/www.swissarchery.org\/de\/team\/janine-hunsperger\/\">Responsable des m\u00e9dias<\/a><\/span><\/div>\t\t\t\t<\/div>\r\n\t\t\t\t\t\t<\/div>\r\n\t<\/div>\r\n\t\t<div class='rt-col-md-4 rt-col-sm-6 rt-col-xs-12   even-grid-item rt-grid-item rt-ready-animation animated fadeIn' data-id='67149'>\r\n\t\t<div class=\"single-team-area\">\r\n\t\t\t\t\t\t\t<a class='' data-id='67149' target='_self' href='https:\/\/www.swissarchery.org\/de\/team\/julien-alsberghe\/'>\r\n\t\t\t\t\t<img data-recalc-dims=\"1\" loading=\"lazy\" decoding=\"async\" width=\"400\" height=\"400\" src=\"https:\/\/i0.wp.com\/www.swissarchery.org\/wp-content\/uploads\/2025\/01\/Julien-Alberghe-400x400.webp?resize=400%2C400&#038;quality=80&#038;ssl=1\" class=\"img-responsive rt-team-img\" alt=\"Julien Alsberghe\" \/>\t\t\t\t<\/a>\r\n\t\t\t\t\t\t\t\t<div class=\"ttp-member-title\">\r\n\t\t\t\t\t<h3><span class=\"team-name\"><a class=\"\" data-id=\"67149\" target=\"_self\" title=\"Julien Alsberghe\" href=\"https:\/\/www.swissarchery.org\/de\/team\/julien-alsberghe\/\">Julien Alsberghe<\/a><\/span><\/h3><div class=\"tlp-position\"><span><a class=\"\" data-id=\"67149\" target=\"_self\" title=\"Julien Alsberghe\" href=\"https:\/\/www.swissarchery.org\/de\/team\/julien-alsberghe\/\">Entra\u00eeneur(e) national(e)<\/a><\/span><\/div>\t\t\t\t<\/div>\r\n\t\t\t\t\t\t<\/div>\r\n\t<\/div>\r\n\t\t<div class='rt-col-md-4 rt-col-sm-6 rt-col-xs-12   even-grid-item rt-grid-item rt-ready-animation animated fadeIn' data-id='67090'>\r\n\t\t<div class=\"single-team-area\">\r\n\t\t\t\t\t\t\t<a class='' data-id='67090' target='_self' href='https:\/\/www.swissarchery.org\/de\/team\/mael-loretan\/'>\r\n\t\t\t\t\t<img data-recalc-dims=\"1\" loading=\"lazy\" decoding=\"async\" width=\"800\" height=\"1058\" src=\"https:\/\/i0.wp.com\/www.swissarchery.org\/wp-content\/uploads\/2024\/07\/MAEL-POUR-SITE-e1721487789800.webp?resize=800%2C1058&#038;quality=80&#038;ssl=1\" class=\"img-responsive rt-team-img\" alt=\"Ma\u00ebl Loretan\" \/>\t\t\t\t<\/a>\r\n\t\t\t\t\t\t\t\t<div class=\"ttp-member-title\">\r\n\t\t\t\t\t<h3><span class=\"team-name\"><a class=\"\" data-id=\"67090\" target=\"_self\" title=\"Ma\u00ebl Loretan\" href=\"https:\/\/www.swissarchery.org\/de\/team\/mael-loretan\/\">Ma\u00ebl Loretan<\/a><\/span><\/h3><div class=\"tlp-position\"><span><a class=\"\" data-id=\"67090\" target=\"_self\" title=\"Ma\u00ebl Loretan\" href=\"https:\/\/www.swissarchery.org\/de\/team\/mael-loretan\/\">Secr\u00e9taire g\u00e9n\u00e9ral(e), Membre du comit\u00e9<\/a><\/span><\/div>\t\t\t\t<\/div>\r\n\t\t\t\t\t\t<\/div>\r\n\t<\/div>\r\n\t\t<div class='rt-col-md-4 rt-col-sm-6 rt-col-xs-12   even-grid-item rt-grid-item rt-ready-animation animated fadeIn' data-id='67137'>\r\n\t\t<div class=\"single-team-area\">\r\n\t\t\t\t\t\t\t<a class='' data-id='67137' target='_self' href='https:\/\/www.swissarchery.org\/de\/team\/maria-isch\/'>\r\n\t\t\t\t\t<img data-recalc-dims=\"1\" loading=\"lazy\" decoding=\"async\" width=\"400\" height=\"400\" src=\"https:\/\/i0.wp.com\/www.swissarchery.org\/wp-content\/uploads\/2025\/01\/placeholder-tem-400x400.webp?resize=400%2C400&#038;quality=80&#038;ssl=1\" class=\"img-responsive rt-team-img\" alt=\"Maria Isch\" \/>\t\t\t\t<\/a>\r\n\t\t\t\t\t\t\t\t<div class=\"ttp-member-title\">\r\n\t\t\t\t\t<h3><span class=\"team-name\"><a class=\"\" data-id=\"67137\" target=\"_self\" title=\"Maria Isch\" href=\"https:\/\/www.swissarchery.org\/de\/team\/maria-isch\/\">Maria Isch<\/a><\/span><\/h3><div class=\"tlp-position\"><span><a class=\"\" data-id=\"67137\" target=\"_self\" title=\"Maria Isch\" href=\"https:\/\/www.swissarchery.org\/de\/team\/maria-isch\/\">Responsable de la formation J+S<\/a><\/span><\/div>\t\t\t\t<\/div>\r\n\t\t\t\t\t\t<\/div>\r\n\t<\/div>\r\n\t\t<div class='rt-col-md-4 rt-col-sm-6 rt-col-xs-12   even-grid-item rt-grid-item rt-ready-animation animated fadeIn' data-id='67141'>\r\n\t\t<div class=\"single-team-area\">\r\n\t\t\t\t\t\t\t<a class='' data-id='67141' target='_self' href='https:\/\/www.swissarchery.org\/de\/team\/mathis-devaux\/'>\r\n\t\t\t\t\t<img data-recalc-dims=\"1\" loading=\"lazy\" decoding=\"async\" width=\"400\" height=\"400\" src=\"https:\/\/i0.wp.com\/www.swissarchery.org\/wp-content\/uploads\/2025\/01\/placeholder-tem-400x400.webp?resize=400%2C400&#038;quality=80&#038;ssl=1\" class=\"img-responsive rt-team-img\" alt=\"Mathis Devaux\" \/>\t\t\t\t<\/a>\r\n\t\t\t\t\t\t\t\t<div class=\"ttp-member-title\">\r\n\t\t\t\t\t<h3><span class=\"team-name\"><a class=\"\" data-id=\"67141\" target=\"_self\" title=\"Mathis Devaux\" href=\"https:\/\/www.swissarchery.org\/de\/team\/mathis-devaux\/\">Mathis Devaux<\/a><\/span><\/h3><div class=\"tlp-position\"><span><a class=\"\" data-id=\"67141\" target=\"_self\" title=\"Mathis Devaux\" href=\"https:\/\/www.swissarchery.org\/de\/team\/mathis-devaux\/\">Responsable du streaming<\/a><\/span><\/div>\t\t\t\t<\/div>\r\n\t\t\t\t\t\t<\/div>\r\n\t<\/div>\r\n\t\t<div class='rt-col-md-4 rt-col-sm-6 rt-col-xs-12   even-grid-item rt-grid-item rt-ready-animation animated fadeIn' data-id='67135'>\r\n\t\t<div class=\"single-team-area\">\r\n\t\t\t\t\t\t\t<a class='' data-id='67135' target='_self' href='https:\/\/www.swissarchery.org\/de\/team\/nicolas-campana\/'>\r\n\t\t\t\t\t<img data-recalc-dims=\"1\" loading=\"lazy\" decoding=\"async\" width=\"400\" height=\"400\" src=\"https:\/\/i0.wp.com\/www.swissarchery.org\/wp-content\/uploads\/2024\/12\/NicolasCampana-400x400.webp?resize=400%2C400&#038;quality=80&#038;ssl=1\" class=\"img-responsive rt-team-img\" alt=\"Nicolas Campana\" \/>\t\t\t\t<\/a>\r\n\t\t\t\t\t\t\t\t<div class=\"ttp-member-title\">\r\n\t\t\t\t\t<h3><span class=\"team-name\"><a class=\"\" data-id=\"67135\" target=\"_self\" title=\"Nicolas Campana\" href=\"https:\/\/www.swissarchery.org\/de\/team\/nicolas-campana\/\">Nicolas Campana<\/a><\/span><\/h3><div class=\"tlp-position\"><span><a class=\"\" data-id=\"67135\" target=\"_self\" title=\"Nicolas Campana\" href=\"https:\/\/www.swissarchery.org\/de\/team\/nicolas-campana\/\">Responsable de la formation<\/a><\/span><\/div>\t\t\t\t<\/div>\r\n\t\t\t\t\t\t<\/div>\r\n\t<\/div>\r\n\t\t<div class='rt-col-md-4 rt-col-sm-6 rt-col-xs-12   even-grid-item rt-grid-item rt-ready-animation animated fadeIn' data-id='67094'>\r\n\t\t<div class=\"single-team-area\">\r\n\t\t\t\t\t\t\t<a class='' data-id='67094' target='_self' href='https:\/\/www.swissarchery.org\/de\/team\/noelia-herrero\/'>\r\n\t\t\t\t\t<img data-recalc-dims=\"1\" loading=\"lazy\" decoding=\"async\" width=\"400\" height=\"400\" src=\"https:\/\/i0.wp.com\/www.swissarchery.org\/wp-content\/uploads\/2025\/01\/Noelia-Herrero.webp?resize=400%2C400&#038;quality=80&#038;ssl=1\" class=\"img-responsive rt-team-img\" alt=\"Noelia Herrero\" \/>\t\t\t\t<\/a>\r\n\t\t\t\t\t\t\t\t<div class=\"ttp-member-title\">\r\n\t\t\t\t\t<h3><span class=\"team-name\"><a class=\"\" data-id=\"67094\" target=\"_self\" title=\"Noelia Herrero\" href=\"https:\/\/www.swissarchery.org\/de\/team\/noelia-herrero\/\">Noelia Herrero<\/a><\/span><\/h3><div class=\"tlp-position\"><span><a class=\"\" data-id=\"67094\" target=\"_self\" title=\"Noelia Herrero\" href=\"https:\/\/www.swissarchery.org\/de\/team\/noelia-herrero\/\">Membre du comit\u00e9, Entra\u00eeneur(e) national(e)<\/a><\/span><\/div>\t\t\t\t<\/div>\r\n\t\t\t\t\t\t<\/div>\r\n\t<\/div>\r\n\t\t<div class='rt-col-md-4 rt-col-sm-6 rt-col-xs-12   even-grid-item rt-grid-item rt-ready-animation animated fadeIn' data-id='71425'>\r\n\t\t<div class=\"single-team-area\">\r\n\t\t\t\t\t\t\t<a class='' data-id='71425' target='_self' href='https:\/\/www.swissarchery.org\/de\/team\/rachel-campana-2\/'>\r\n\t\t\t\t\t<img data-recalc-dims=\"1\" loading=\"lazy\" decoding=\"async\" width=\"400\" height=\"400\" src=\"https:\/\/i0.wp.com\/www.swissarchery.org\/wp-content\/uploads\/2025\/01\/placeholder-tem-400x400.webp?resize=400%2C400&#038;quality=80&#038;ssl=1\" class=\"img-responsive rt-team-img\" alt=\"Rachel Campana\" \/>\t\t\t\t<\/a>\r\n\t\t\t\t\t\t\t\t<div class=\"ttp-member-title\">\r\n\t\t\t\t\t<h3><span class=\"team-name\"><a class=\"\" data-id=\"71425\" target=\"_self\" title=\"Rachel Campana\" href=\"https:\/\/www.swissarchery.org\/de\/team\/rachel-campana-2\/\">Rachel Campana<\/a><\/span><\/h3><div class=\"tlp-position\"><span><a class=\"\" data-id=\"71425\" target=\"_self\" title=\"Rachel Campana\" href=\"https:\/\/www.swissarchery.org\/de\/team\/rachel-campana-2\/\">Responsable \u00e9thique et antidopage<\/a><\/span><\/div>\t\t\t\t<\/div>\r\n\t\t\t\t\t\t<\/div>\r\n\t<\/div>\r\n\t\t<div class='rt-col-md-4 rt-col-sm-6 rt-col-xs-12   even-grid-item rt-grid-item rt-ready-animation animated fadeIn' data-id='67154'>\r\n\t\t<div class=\"single-team-area\">\r\n\t\t\t\t\t\t\t<a class='' data-id='67154' target='_self' href='https:\/\/www.swissarchery.org\/de\/team\/ursula-winterleitner\/'>\r\n\t\t\t\t\t<img data-recalc-dims=\"1\" loading=\"lazy\" decoding=\"async\" width=\"400\" height=\"400\" src=\"https:\/\/i0.wp.com\/www.swissarchery.org\/wp-content\/uploads\/2025\/01\/placeholder-tem-400x400.webp?resize=400%2C400&#038;quality=80&#038;ssl=1\" class=\"img-responsive rt-team-img\" alt=\"Ursula Winterleitner\" \/>\t\t\t\t<\/a>\r\n\t\t\t\t\t\t\t\t<div class=\"ttp-member-title\">\r\n\t\t\t\t\t<h3><span class=\"team-name\"><a class=\"\" data-id=\"67154\" target=\"_self\" title=\"Ursula Winterleitner\" href=\"https:\/\/www.swissarchery.org\/de\/team\/ursula-winterleitner\/\">Ursula Winterleitner<\/a><\/span><\/h3><div class=\"tlp-position\"><span><a class=\"\" data-id=\"67154\" target=\"_self\" title=\"Ursula Winterleitner\" href=\"https:\/\/www.swissarchery.org\/de\/team\/ursula-winterleitner\/\">Responsable des locaux<\/a><\/span><\/div>\t\t\t\t<\/div>\r\n\t\t\t\t\t\t<\/div>\r\n\t<\/div>\r\n\t<div class=\"rt-loading-overlay full-op\"><\/div><div class=\"rt-loading rt-ball-clip-rotate\"><div><\/div><\/div><\/div><\/div>\t\t\t\t<\/div>\n\t\t\t\t<\/div>\n\t\t\t\t\t<\/div>\n\t\t\t\t<\/div>\n\t\t\t\t<\/div>\n\t\t","protected":false},"excerpt":{"rendered":"<p>Bereichsverantwortliche Der Zentralvorstand wird bei der Verbandsf\u00fchrung von verantwortlichen Personen unterst\u00fctzt, die in ihren spezifischen Kompetenzbereichen t\u00e4tig sind. Die Verantwortlichen setzen die Verbandsstrategie und die laufenden Verbandsaufgaben in ihren jeweiligen Bereichen um. Die Mehrheit der Verantwortlichen ist ehrenamtlich t\u00e4tig. Jeder Verantwortliche arbeitet nach einem definierten und pr\u00e4zisen Pflichtenheft. Bei Bedarf k\u00f6nnen sich die Verantwortlichen zu [&hellip;]<\/p>\n","protected":false},"author":1,"featured_media":0,"parent":0,"menu_order":223,"comment_status":"closed","ping_status":"closed","template":"","meta":{"footnotes":""},"class_list":["post-65353","page","type-page","status-publish","hentry"],"jetpack_sharing_enabled":true,"_links":{"self":[{"href":"https:\/\/www.swissarchery.org\/de\/wp-json\/wp\/v2\/pages\/65353","targetHints":{"allow":["GET"]}}],"collection":[{"href":"https:\/\/www.swissarchery.org\/de\/wp-json\/wp\/v2\/pages"}],"about":[{"href":"https:\/\/www.swissarchery.org\/de\/wp-json\/wp\/v2\/types\/page"}],"author":[{"embeddable":true,"href":"https:\/\/www.swissarchery.org\/de\/wp-json\/wp\/v2\/users\/1"}],"replies":[{"embeddable":true,"href":"https:\/\/www.swissarchery.org\/de\/wp-json\/wp\/v2\/comments?post=65353"}],"version-history":[{"count":0,"href":"https:\/\/www.swissarchery.org\/de\/wp-json\/wp\/v2\/pages\/65353\/revisions"}],"wp:attachment":[{"href":"https:\/\/www.swissarchery.org\/de\/wp-json\/wp\/v2\/media?parent=65353"}],"curies":[{"name":"wp","href":"https:\/\/api.w.org\/{rel}","templated":true}]}}