{"id":65343,"date":"2017-03-21T12:06:42","date_gmt":"2017-03-21T11:06:42","guid":{"rendered":"https:\/\/dev-public.swissarchery.org\/direktionen\/"},"modified":"2026-04-07T21:39:46","modified_gmt":"2026-04-07T19:39:46","slug":"direktionen","status":"publish","type":"page","link":"https:\/\/www.swissarchery.org\/de\/direktionen\/","title":{"rendered":"Direktionen"},"content":{"rendered":"\t\t<div data-elementor-type=\"wp-page\" data-elementor-id=\"65343\" class=\"elementor elementor-65343 elementor-1559\" data-elementor-post-type=\"page\">\n\t\t\t\t\t\t<section class=\"elementor-section elementor-top-section elementor-element elementor-element-4a7f50cb elementor-section-boxed elementor-section-height-default elementor-section-height-default\" data-id=\"4a7f50cb\" data-element_type=\"section\" data-e-type=\"section\">\n\t\t\t\t\t\t<div class=\"elementor-container elementor-column-gap-default\">\n\t\t\t\t\t<div class=\"elementor-column elementor-col-100 elementor-top-column elementor-element elementor-element-27a1ad37\" data-id=\"27a1ad37\" data-element_type=\"column\" data-e-type=\"column\">\n\t\t\t<div class=\"elementor-widget-wrap elementor-element-populated\">\n\t\t\t\t\t\t<div class=\"elementor-element elementor-element-b9d7d9a elementor-widget elementor-widget-heading\" data-id=\"b9d7d9a\" data-element_type=\"widget\" data-e-type=\"widget\" data-widget_type=\"heading.default\">\n\t\t\t\t\t<h2 class=\"elementor-heading-title elementor-size-default\">Zentralkomitee (ZK)<\/h2>\t\t\t\t<\/div>\n\t\t\t\t\t<\/div>\n\t\t<\/div>\n\t\t\t\t\t<\/div>\n\t\t<\/section>\n\t\t<div class=\"elementor-element elementor-element-9e6694f e-flex e-con-boxed e-con e-parent\" data-id=\"9e6694f\" data-element_type=\"container\" data-e-type=\"container\">\n\t\t\t\t\t<div class=\"e-con-inner\">\n\t\t\t\t<div class=\"elementor-element elementor-element-df5be7e elementor-widget elementor-widget-text-editor\" data-id=\"df5be7e\" data-element_type=\"widget\" data-e-type=\"widget\" data-widget_type=\"text-editor.default\">\n\t\t\t\t\t\t\t\t\t<p>Der Zentralvorstand (ZV) ist das leitende Organ des Verbandes. Er wird von der Delegiertenversammlung gew\u00e4hlt. Er ist daf\u00fcr verantwortlich, die Strategie festzulegen und alle Angelegenheiten des Verbandes zu regeln, die nicht in den Zust\u00e4ndigkeitsbereich der Versammlung fallen. Die Mitglieder des Komitees arbeiten ehrenamtlich und stellen ihre Zeit neben ihrer Arbeit zur Verf\u00fcgung. Er ist f\u00fcr das Funktionieren des Verbandes verantwortlich und organisiert sich als Abteilungsleiter.<\/p>\t\t\t\t\t\t\t\t<\/div>\n\t\t\t\t\t<\/div>\n\t\t\t\t<\/div>\n\t\t<div class=\"elementor-element elementor-element-6df36b2 e-flex e-con-boxed e-con e-parent\" data-id=\"6df36b2\" data-element_type=\"container\" data-e-type=\"container\">\n\t\t\t\t\t<div class=\"e-con-inner\">\n\t\t\t\t<div class=\"elementor-element elementor-element-9c1169a elementor-widget elementor-widget-rttm-team-grid\" data-id=\"9c1169a\" data-element_type=\"widget\" data-e-type=\"widget\" data-widget_type=\"rttm-team-grid.default\">\n\t\t\t\t<div class=\"elementor-widget-container\">\n\t\t\t\t\t<div class=\"rt-team-container rt-elementor-container rt-pos-r rt-team-container-elementor rt-hover-zoom_in\" id=\"rt-team-container-2168824331\" data-layout=\"layout15\" data-desktop-col=\"3\" data-tab-col=\"2\" data-mobile-col=\"1\" data-sc-id=\"elementor\" data-rttm-pagination='{\"layout\":\"layout15\",\"dCols\":3,\"tCols\":2,\"mCols\":1,\"postIn\":[],\"postNotIn\":[],\"limit\":12,\"pagination\":false,\"postsPerPage\":\"\",\"order_by\":\"ID\",\"order\":\"ASC\",\"department_ids\":[\"126\"],\"designation_ids\":[],\"link\":true,\"fImg\":false,\"fImgSize\":\"team-thumb\",\"customImgSize\":{\"crop\":\"\"},\"character_limit\":0,\"after_short_desc\":\"\",\"read_more_btn_text\":\"\",\"my_resume_text\":\"\",\"hire_me_text\":\"\",\"visibility\":[\"name\",\"designation\",\"email\",\"telephone\",\"mobile\",\"social\"],\"social_profiles\":[],\"posts_loading_type\":\"pagination\",\"load_more_text\":\"Load More\",\"relation\":\"OR\",\"iCol\":4,\"gridType\":\"even\",\"linkType\":\"external_link\",\"popupType\":\"single\",\"target\":\"_self\",\"grayscale\":false,\"stripedRow\":false,\"defaultImgId\":68524,\"filter_buttons\":false,\"filters\":[],\"taxFilter\":\"team_department\",\"action_term\":0,\"isoFilterTaxonomy\":\"team_department\",\"filterType\":null,\"hide_all_button\":true,\"tItem\":0,\"fShowAll\":false,\"animation\":\"zoom_in\",\"image_flip\":false}'><div data-title=\"Loading ...\" class=\"rt-row rt-content-loader element-loading layout15 ttp-even ttp-pre-loader\">\t<div class='rt-col-md-4 rt-col-sm-6 rt-col-xs-12   even-grid-item rt-grid-item rt-ready-animation animated fadeIn' data-id='67080'>\r\n\t\t<div class=\"single-team-area\">\r\n\t\t\t\t\t\t\t<a class='' data-id='67080' target='_self' href='https:\/\/www.swissarchery.org\/de\/team\/stephan-bassler\/'>\r\n\t\t\t\t\t<img data-recalc-dims=\"1\" fetchpriority=\"high\" decoding=\"async\" width=\"400\" height=\"400\" src=\"https:\/\/i0.wp.com\/www.swissarchery.org\/wp-content\/uploads\/2024\/12\/2025-SAA-Stephan-Bassler-Steffen.webp?resize=400%2C400&#038;quality=80&#038;ssl=1\" class=\"img-responsive rt-team-img\" alt=\"Stephan Bassler\" \/>\t\t\t\t<\/a>\r\n\t\t\t\t\t\t\t\t<div class=\"ttp-member-title\">\r\n\t\t\t\t\t<h3><span class=\"team-name\"><a class=\"\" data-id=\"67080\" target=\"_self\" title=\"Stephan Bassler\" href=\"https:\/\/www.swissarchery.org\/de\/team\/stephan-bassler\/\">Stephan Bassler<\/a><\/span><\/h3><div class=\"tlp-position\"><span><a class=\"\" data-id=\"67080\" target=\"_self\" title=\"Stephan Bassler\" href=\"https:\/\/www.swissarchery.org\/de\/team\/stephan-bassler\/\">Pr\u00e9sident(e)<\/a><\/span><\/div>\t\t\t\t<\/div>\r\n\t\t\t\t\t\t<\/div>\r\n\t<\/div>\r\n\t\t<div class='rt-col-md-4 rt-col-sm-6 rt-col-xs-12   even-grid-item rt-grid-item rt-ready-animation animated fadeIn' data-id='67086'>\r\n\t\t<div class=\"single-team-area\">\r\n\t\t\t\t\t\t\t<a class='' data-id='67086' target='_self' href='https:\/\/www.swissarchery.org\/de\/team\/angela-hunsperger\/'>\r\n\t\t\t\t\t<img data-recalc-dims=\"1\" decoding=\"async\" width=\"400\" height=\"400\" src=\"https:\/\/i0.wp.com\/www.swissarchery.org\/wp-content\/uploads\/2025\/01\/placeholder-tem-400x400.webp?resize=400%2C400&#038;quality=80&#038;ssl=1\" class=\"img-responsive rt-team-img\" alt=\"Angela Hunsperger\" \/>\t\t\t\t<\/a>\r\n\t\t\t\t\t\t\t\t<div class=\"ttp-member-title\">\r\n\t\t\t\t\t<h3><span class=\"team-name\"><a class=\"\" data-id=\"67086\" target=\"_self\" title=\"Angela Hunsperger\" href=\"https:\/\/www.swissarchery.org\/de\/team\/angela-hunsperger\/\">Angela Hunsperger<\/a><\/span><\/h3><div class=\"tlp-position\"><span><a class=\"\" data-id=\"67086\" target=\"_self\" title=\"Angela Hunsperger\" href=\"https:\/\/www.swissarchery.org\/de\/team\/angela-hunsperger\/\">Vice-pr\u00e9sident(e)<\/a><\/span><\/div>\t\t\t\t<\/div>\r\n\t\t\t\t\t\t<\/div>\r\n\t<\/div>\r\n\t\t<div class='rt-col-md-4 rt-col-sm-6 rt-col-xs-12   even-grid-item rt-grid-item rt-ready-animation animated fadeIn' data-id='67090'>\r\n\t\t<div class=\"single-team-area\">\r\n\t\t\t\t\t\t\t<a class='' data-id='67090' target='_self' href='https:\/\/www.swissarchery.org\/de\/team\/mael-loretan\/'>\r\n\t\t\t\t\t<img data-recalc-dims=\"1\" decoding=\"async\" width=\"800\" height=\"1058\" src=\"https:\/\/i0.wp.com\/www.swissarchery.org\/wp-content\/uploads\/2024\/07\/MAEL-POUR-SITE-e1721487789800.webp?resize=800%2C1058&#038;quality=80&#038;ssl=1\" class=\"img-responsive rt-team-img\" alt=\"Ma\u00ebl Loretan\" \/>\t\t\t\t<\/a>\r\n\t\t\t\t\t\t\t\t<div class=\"ttp-member-title\">\r\n\t\t\t\t\t<h3><span class=\"team-name\"><a class=\"\" data-id=\"67090\" target=\"_self\" title=\"Ma\u00ebl Loretan\" href=\"https:\/\/www.swissarchery.org\/de\/team\/mael-loretan\/\">Ma\u00ebl Loretan<\/a><\/span><\/h3><div class=\"tlp-position\"><span><a class=\"\" data-id=\"67090\" target=\"_self\" title=\"Ma\u00ebl Loretan\" href=\"https:\/\/www.swissarchery.org\/de\/team\/mael-loretan\/\">Secr\u00e9taire g\u00e9n\u00e9ral(e), Membre du comit\u00e9<\/a><\/span><\/div>\t\t\t\t<\/div>\r\n\t\t\t\t\t\t<\/div>\r\n\t<\/div>\r\n\t\t<div class='rt-col-md-4 rt-col-sm-6 rt-col-xs-12   even-grid-item rt-grid-item rt-ready-animation animated fadeIn' data-id='67094'>\r\n\t\t<div class=\"single-team-area\">\r\n\t\t\t\t\t\t\t<a class='' data-id='67094' target='_self' href='https:\/\/www.swissarchery.org\/de\/team\/noelia-herrero\/'>\r\n\t\t\t\t\t<img data-recalc-dims=\"1\" loading=\"lazy\" decoding=\"async\" width=\"400\" height=\"400\" src=\"https:\/\/i0.wp.com\/www.swissarchery.org\/wp-content\/uploads\/2025\/01\/Noelia-Herrero.webp?resize=400%2C400&#038;quality=80&#038;ssl=1\" class=\"img-responsive rt-team-img\" alt=\"Noelia Herrero\" \/>\t\t\t\t<\/a>\r\n\t\t\t\t\t\t\t\t<div class=\"ttp-member-title\">\r\n\t\t\t\t\t<h3><span class=\"team-name\"><a class=\"\" data-id=\"67094\" target=\"_self\" title=\"Noelia Herrero\" href=\"https:\/\/www.swissarchery.org\/de\/team\/noelia-herrero\/\">Noelia Herrero<\/a><\/span><\/h3><div class=\"tlp-position\"><span><a class=\"\" data-id=\"67094\" target=\"_self\" title=\"Noelia Herrero\" href=\"https:\/\/www.swissarchery.org\/de\/team\/noelia-herrero\/\">Membre du comit\u00e9, Entra\u00eeneur(e) national(e)<\/a><\/span><\/div>\t\t\t\t<\/div>\r\n\t\t\t\t\t\t<\/div>\r\n\t<\/div>\r\n\t\t<div class='rt-col-md-4 rt-col-sm-6 rt-col-xs-12   even-grid-item rt-grid-item rt-ready-animation animated fadeIn' data-id='67096'>\r\n\t\t<div class=\"single-team-area\">\r\n\t\t\t\t\t\t\t<a class='' data-id='67096' target='_self' href='https:\/\/www.swissarchery.org\/de\/team\/rachel-campana\/'>\r\n\t\t\t\t\t<img data-recalc-dims=\"1\" loading=\"lazy\" decoding=\"async\" width=\"400\" height=\"400\" src=\"https:\/\/i0.wp.com\/www.swissarchery.org\/wp-content\/uploads\/2025\/01\/placeholder-tem-400x400.webp?resize=400%2C400&#038;quality=80&#038;ssl=1\" class=\"img-responsive rt-team-img\" alt=\"Rachel Campana\" \/>\t\t\t\t<\/a>\r\n\t\t\t\t\t\t\t\t<div class=\"ttp-member-title\">\r\n\t\t\t\t\t<h3><span class=\"team-name\"><a class=\"\" data-id=\"67096\" target=\"_self\" title=\"Rachel Campana\" href=\"https:\/\/www.swissarchery.org\/de\/team\/rachel-campana\/\">Rachel Campana<\/a><\/span><\/h3><div class=\"tlp-position\"><span><a class=\"\" data-id=\"67096\" target=\"_self\" title=\"Rachel Campana\" href=\"https:\/\/www.swissarchery.org\/de\/team\/rachel-campana\/\">Membre du comit\u00e9<\/a><\/span><\/div>\t\t\t\t<\/div>\r\n\t\t\t\t\t\t<\/div>\r\n\t<\/div>\r\n\t\t<div class='rt-col-md-4 rt-col-sm-6 rt-col-xs-12   even-grid-item rt-grid-item rt-ready-animation animated fadeIn' data-id='67102'>\r\n\t\t<div class=\"single-team-area\">\r\n\t\t\t\t\t\t\t<a class='' data-id='67102' target='_self' href='https:\/\/www.swissarchery.org\/de\/team\/patric-lott\/'>\r\n\t\t\t\t\t<img data-recalc-dims=\"1\" loading=\"lazy\" decoding=\"async\" width=\"400\" height=\"400\" src=\"https:\/\/i0.wp.com\/www.swissarchery.org\/wp-content\/uploads\/2025\/01\/placeholder-tem-400x400.webp?resize=400%2C400&#038;quality=80&#038;ssl=1\" class=\"img-responsive rt-team-img\" alt=\"Patric Lott\" \/>\t\t\t\t<\/a>\r\n\t\t\t\t\t\t\t\t<div class=\"ttp-member-title\">\r\n\t\t\t\t\t<h3><span class=\"team-name\"><a class=\"\" data-id=\"67102\" target=\"_self\" title=\"Patric Lott\" href=\"https:\/\/www.swissarchery.org\/de\/team\/patric-lott\/\">Patric Lott<\/a><\/span><\/h3><div class=\"tlp-position\"><span><a class=\"\" data-id=\"67102\" target=\"_self\" title=\"Patric Lott\" href=\"https:\/\/www.swissarchery.org\/de\/team\/patric-lott\/\">Membre du comit\u00e9<\/a><\/span><\/div>\t\t\t\t<\/div>\r\n\t\t\t\t\t\t<\/div>\r\n\t<\/div>\r\n\t\t<div class='rt-col-md-4 rt-col-sm-6 rt-col-xs-12   even-grid-item rt-grid-item rt-ready-animation animated fadeIn' data-id='67601'>\r\n\t\t<div class=\"single-team-area\">\r\n\t\t\t\t\t\t\t<a class='' data-id='67601' target='_self' href='https:\/\/www.swissarchery.org\/de\/team\/nathalie-dielen\/'>\r\n\t\t\t\t\t<img data-recalc-dims=\"1\" loading=\"lazy\" decoding=\"async\" width=\"400\" height=\"400\" src=\"https:\/\/i0.wp.com\/www.swissarchery.org\/wp-content\/uploads\/2025\/01\/placeholder-tem-400x400.webp?resize=400%2C400&#038;quality=80&#038;ssl=1\" class=\"img-responsive rt-team-img\" alt=\"Nathalie Dielen\" \/>\t\t\t\t<\/a>\r\n\t\t\t\t\t\t\t\t<div class=\"ttp-member-title\">\r\n\t\t\t\t\t<h3><span class=\"team-name\"><a class=\"\" data-id=\"67601\" target=\"_self\" title=\"Nathalie Dielen\" href=\"https:\/\/www.swissarchery.org\/de\/team\/nathalie-dielen\/\">Nathalie Dielen<\/a><\/span><\/h3><div class=\"tlp-position\"><span><a class=\"\" data-id=\"67601\" target=\"_self\" title=\"Nathalie Dielen\" href=\"https:\/\/www.swissarchery.org\/de\/team\/nathalie-dielen\/\">Responsable de l&#039;\u00e9quipe nationale<\/a><\/span><\/div>\t\t\t\t<\/div>\r\n\t\t\t\t\t\t<\/div>\r\n\t<\/div>\r\n\t<div class=\"rt-loading-overlay full-op\"><\/div><div class=\"rt-loading rt-ball-clip-rotate\"><div><\/div><\/div><\/div><\/div>\t\t\t\t<\/div>\n\t\t\t\t<\/div>\n\t\t\t\t\t<\/div>\n\t\t\t\t<\/div>\n\t\t\t\t<\/div>\n\t\t","protected":false},"excerpt":{"rendered":"<p>Zentralkomitee (ZK) Der Zentralvorstand (ZV) ist das leitende Organ des Verbandes. Er wird von der Delegiertenversammlung gew\u00e4hlt. Er ist daf\u00fcr verantwortlich, die Strategie festzulegen und alle Angelegenheiten des Verbandes zu regeln, die nicht in den Zust\u00e4ndigkeitsbereich der Versammlung fallen. Die Mitglieder des Komitees arbeiten ehrenamtlich und stellen ihre Zeit neben ihrer Arbeit zur Verf\u00fcgung. Er [&hellip;]<\/p>\n","protected":false},"author":1,"featured_media":0,"parent":0,"menu_order":164,"comment_status":"closed","ping_status":"closed","template":"","meta":{"footnotes":""},"class_list":["post-65343","page","type-page","status-publish","hentry"],"jetpack_sharing_enabled":true,"_links":{"self":[{"href":"https:\/\/www.swissarchery.org\/de\/wp-json\/wp\/v2\/pages\/65343","targetHints":{"allow":["GET"]}}],"collection":[{"href":"https:\/\/www.swissarchery.org\/de\/wp-json\/wp\/v2\/pages"}],"about":[{"href":"https:\/\/www.swissarchery.org\/de\/wp-json\/wp\/v2\/types\/page"}],"author":[{"embeddable":true,"href":"https:\/\/www.swissarchery.org\/de\/wp-json\/wp\/v2\/users\/1"}],"replies":[{"embeddable":true,"href":"https:\/\/www.swissarchery.org\/de\/wp-json\/wp\/v2\/comments?post=65343"}],"version-history":[{"count":0,"href":"https:\/\/www.swissarchery.org\/de\/wp-json\/wp\/v2\/pages\/65343\/revisions"}],"wp:attachment":[{"href":"https:\/\/www.swissarchery.org\/de\/wp-json\/wp\/v2\/media?parent=65343"}],"curies":[{"name":"wp","href":"https:\/\/api.w.org\/{rel}","templated":true}]}}